{"id":6907,"date":"2022-03-24T13:22:29","date_gmt":"2022-03-24T11:22:29","guid":{"rendered":"https:\/\/dev.frantoiomuraglia.it\/product\/olives-vertes-bella-di-cerignola\/"},"modified":"2022-05-09T17:23:45","modified_gmt":"2022-05-09T17:23:45","slug":"olives-vertes-bella-di-cerignola","status":"publish","type":"product","link":"https:\/\/www.frantoiomuraglia.it\/fr\/produit\/olives-vertes-bella-di-cerignola\/","title":{"rendered":"Olives vertes Bella di Cerignola"},"content":{"rendered":"<p>La Bella di Cerignola est la plus grande olive au monde et c&rsquo;est la vari\u00e9t\u00e9 choisie pour les premi\u00e8res olives de Frantoio Muraglia.<\/p>\n","protected":false},"excerpt":{"rendered":"<p>La Bella di Cerignola est la plus grande olive au monde et c&rsquo;est la vari\u00e9t\u00e9 choisie pour les premi\u00e8res olives de Frantoio Muraglia.<\/p>\n","protected":false},"featured_media":6022,"template":"","meta":{"_acf_changed":false},"product_brand":[],"product_cat":[201,135],"product_tag":[300,214,140],"class_list":{"0":"post-6907","1":"product","2":"type-product","3":"status-publish","4":"has-post-thumbnail","6":"product_cat-idees-de-cadeaux","7":"product_cat-upsell_shopper-fr","8":"product_tag-gift-ideas-fr-2","9":"product_tag-tpl_no_category-fr","10":"product_tag-upsell_shopper-fr","12":"first","13":"instock","14":"taxable","15":"shipping-taxable","16":"purchasable","17":"product-type-simple"},"acf":[],"_links":{"self":[{"href":"https:\/\/www.frantoiomuraglia.it\/fr\/wp-json\/wp\/v2\/product\/6907","targetHints":{"allow":["GET"]}}],"collection":[{"href":"https:\/\/www.frantoiomuraglia.it\/fr\/wp-json\/wp\/v2\/product"}],"about":[{"href":"https:\/\/www.frantoiomuraglia.it\/fr\/wp-json\/wp\/v2\/types\/product"}],"wp:featuredmedia":[{"embeddable":true,"href":"https:\/\/www.frantoiomuraglia.it\/fr\/wp-json\/wp\/v2\/media\/6022"}],"wp:attachment":[{"href":"https:\/\/www.frantoiomuraglia.it\/fr\/wp-json\/wp\/v2\/media?parent=6907"}],"wp:term":[{"taxonomy":"product_brand","embeddable":true,"href":"https:\/\/www.frantoiomuraglia.it\/fr\/wp-json\/wp\/v2\/product_brand?post=6907"},{"taxonomy":"product_cat","embeddable":true,"href":"https:\/\/www.frantoiomuraglia.it\/fr\/wp-json\/wp\/v2\/product_cat?post=6907"},{"taxonomy":"product_tag","embeddable":true,"href":"https:\/\/www.frantoiomuraglia.it\/fr\/wp-json\/wp\/v2\/product_tag?post=6907"}],"curies":[{"name":"wp","href":"https:\/\/api.w.org\/{rel}","templated":true}]}}