{"id":6880,"date":"2022-03-24T13:29:32","date_gmt":"2022-03-24T13:29:32","guid":{"rendered":"https:\/\/dev.frantoiomuraglia.it\/product\/ensemble-de-jarre-arc-en-ciel-et-boite\/"},"modified":"2025-06-11T12:56:19","modified_gmt":"2025-06-11T10:56:19","slug":"ensemble-de-jarre-arc-en-ciel-et-boite","status":"publish","type":"product","link":"https:\/\/www.frantoiomuraglia.it\/fr\/produit\/ensemble-de-jarre-arc-en-ciel-et-boite\/","title":{"rendered":"Combinaison de pots et de bo\u00eetes arc-en-ciel"},"content":{"rendered":"<p>Arc-en-ciel est une v\u00e9ritable ic\u00f4ne de style. Une combinaison d&rsquo;art et de qualit\u00e9: huile d&rsquo;olive extra vierge dans un pot Arc-en-ciel de 500 ml, parfait pour vos cadeaux sp\u00e9ciaux, et une bo\u00eete d&rsquo;un litre pour un apport imm\u00e9diat en huile.<\/p>\n<p>Disponible en Fruit\u00e9e Moyenne et Fruit\u00e9e Intense.<\/p>\n<p>Tous les conseils d\u2019utilisation en \u00ab\u00a0Culture de l\u2019huile\u00a0\u00bb.<\/p>\n","protected":false},"excerpt":{"rendered":"<p>SET JARRE + Bo\u00eete<\/p>\n","protected":false},"featured_media":6300,"template":"","meta":{"_acf_changed":false},"product_brand":[],"product_cat":[201,155,135],"product_tag":[331,309,313,214,140],"class_list":{"0":"post-6880","1":"product","2":"type-product","3":"status-publish","4":"has-post-thumbnail","6":"product_cat-idees-de-cadeaux","7":"product_cat-upsell_astuccio_orcio-fr","8":"product_cat-upsell_shopper-fr","9":"product_tag-cans-fr","10":"product_tag-intense-variant-fr","11":"product_tag-medium-variant-fr","12":"product_tag-tpl_no_category-fr","13":"product_tag-upsell_shopper-fr","15":"first","16":"instock","17":"taxable","18":"shipping-taxable","19":"purchasable","20":"product-type-variable","21":"has-default-attributes"},"acf":[],"_links":{"self":[{"href":"https:\/\/www.frantoiomuraglia.it\/fr\/wp-json\/wp\/v2\/product\/6880","targetHints":{"allow":["GET"]}}],"collection":[{"href":"https:\/\/www.frantoiomuraglia.it\/fr\/wp-json\/wp\/v2\/product"}],"about":[{"href":"https:\/\/www.frantoiomuraglia.it\/fr\/wp-json\/wp\/v2\/types\/product"}],"wp:featuredmedia":[{"embeddable":true,"href":"https:\/\/www.frantoiomuraglia.it\/fr\/wp-json\/wp\/v2\/media\/6300"}],"wp:attachment":[{"href":"https:\/\/www.frantoiomuraglia.it\/fr\/wp-json\/wp\/v2\/media?parent=6880"}],"wp:term":[{"taxonomy":"product_brand","embeddable":true,"href":"https:\/\/www.frantoiomuraglia.it\/fr\/wp-json\/wp\/v2\/product_brand?post=6880"},{"taxonomy":"product_cat","embeddable":true,"href":"https:\/\/www.frantoiomuraglia.it\/fr\/wp-json\/wp\/v2\/product_cat?post=6880"},{"taxonomy":"product_tag","embeddable":true,"href":"https:\/\/www.frantoiomuraglia.it\/fr\/wp-json\/wp\/v2\/product_tag?post=6880"}],"curies":[{"name":"wp","href":"https:\/\/api.w.org\/{rel}","templated":true}]}}