{"id":6759,"date":"2022-03-24T13:35:26","date_gmt":"2022-03-24T13:35:26","guid":{"rendered":"https:\/\/dev.frantoiomuraglia.it\/product\/boite-arc-en-ciel-1l\/"},"modified":"2025-06-11T09:35:40","modified_gmt":"2025-06-11T07:35:40","slug":"boite-arc-en-ciel-1l","status":"publish","type":"product","link":"https:\/\/www.frantoiomuraglia.it\/fr\/produit\/boite-arc-en-ciel-1l\/","title":{"rendered":"Bo\u00eete Arc-en-ciel 1l"},"content":{"rendered":"<p>La bo\u00eete arc-en-ciel a un charme vintage parfait pour vous-m\u00eame ou pour un cadeau. \u00c0 l&rsquo;int\u00e9rieur se trouve toute l\u2019excellence de l\u2019huile d\u2019olive extra vierge Frantoio Muraglia. Fabriqu\u00e9e \u00e0 partir d\u2019olives 100% italiennes Coratina ou Peranzana, cette huile se distingue par sa saveur intense et fruit\u00e9e, parfaite pour exalter tous les plats.  <\/p>\n<p>L\u2019emballage fait de cette bo\u00eete non seulement un r\u00e9cipient pratique, mais aussi un objet au design id\u00e9al pour votre cuisine ou un cadeau de bon go\u00fbt.<\/p>\n<p>Disponible en Fruit\u00e9e Moyenne ou Fruit\u00e9e Intense.<\/p>\n<p>Tous les conseils d&rsquo;utilisation en \u201cCulture de l\u2019huile\u201d.<\/p>\n","protected":false},"excerpt":{"rendered":"<p>Bo\u00eete 1LT<\/p>\n","protected":false},"featured_media":5200,"template":"","meta":{"_acf_changed":false},"product_brand":[],"product_cat":[396],"product_tag":[331,284,309,313,214],"class_list":{"0":"post-6759","1":"product","2":"type-product","3":"status-publish","4":"has-post-thumbnail","6":"product_cat-boite-arc-en-ciel","7":"product_tag-cans-fr","8":"product_tag-featured-fr-2","9":"product_tag-intense-variant-fr","10":"product_tag-medium-variant-fr","11":"product_tag-tpl_no_category-fr","13":"first","14":"instock","15":"taxable","16":"shipping-taxable","17":"purchasable","18":"product-type-variable"},"acf":[],"_links":{"self":[{"href":"https:\/\/www.frantoiomuraglia.it\/fr\/wp-json\/wp\/v2\/product\/6759","targetHints":{"allow":["GET"]}}],"collection":[{"href":"https:\/\/www.frantoiomuraglia.it\/fr\/wp-json\/wp\/v2\/product"}],"about":[{"href":"https:\/\/www.frantoiomuraglia.it\/fr\/wp-json\/wp\/v2\/types\/product"}],"wp:featuredmedia":[{"embeddable":true,"href":"https:\/\/www.frantoiomuraglia.it\/fr\/wp-json\/wp\/v2\/media\/5200"}],"wp:attachment":[{"href":"https:\/\/www.frantoiomuraglia.it\/fr\/wp-json\/wp\/v2\/media?parent=6759"}],"wp:term":[{"taxonomy":"product_brand","embeddable":true,"href":"https:\/\/www.frantoiomuraglia.it\/fr\/wp-json\/wp\/v2\/product_brand?post=6759"},{"taxonomy":"product_cat","embeddable":true,"href":"https:\/\/www.frantoiomuraglia.it\/fr\/wp-json\/wp\/v2\/product_cat?post=6759"},{"taxonomy":"product_tag","embeddable":true,"href":"https:\/\/www.frantoiomuraglia.it\/fr\/wp-json\/wp\/v2\/product_tag?post=6759"}],"curies":[{"name":"wp","href":"https:\/\/api.w.org\/{rel}","templated":true}]}}