{"id":6706,"date":"2022-03-24T13:39:06","date_gmt":"2022-03-24T11:39:06","guid":{"rendered":"https:\/\/dev.frantoiomuraglia.it\/product\/fruitee-intense-250-ml\/"},"modified":"2025-06-12T15:12:55","modified_gmt":"2025-06-12T13:12:55","slug":"fruitee-intense-250ml","status":"publish","type":"product","link":"https:\/\/www.frantoiomuraglia.it\/fr\/produit\/fruitee-intense-250ml\/","title":{"rendered":"Fruit\u00e9e Intense 250 ml"},"content":{"rendered":"<p>Essenza Fruit\u00e9e Intense est l&rsquo;huile d&rsquo;olive extra vierge Monocultivar issue \u00e0 partir d&rsquo;olives Coratina. C&rsquo;est une huile d&rsquo;un vert intense, aux reflets dor\u00e9s, qui laisse une saveur agr\u00e9ablement \u00e9pic\u00e9e. De bonne facture, elle s&rsquo;exprime avec des notes de chardon et d&rsquo;artichaut, des parfums d&rsquo;aneth, de fenouil, de poivre et de foin.  <\/p>\n<p>Avec la ligne \u00ab\u00a0Essenza\u00a0\u00bb, Frantoio Muraglia exalte le c\u0153ur de son travail: l\u2019huile. Essence signifie huile de la plus haute qualit\u00e9 dans une veste pr\u00e9-\u00e0-gourmet, \u00e9l\u00e9gante mais d\u00e9mocratique. <\/p>\n<p>Tous les conseils d\u2019utilisation en \u00ab\u00a0Culture de l\u2019huile\u00a0\u00bb.<\/p>\n","protected":false},"excerpt":{"rendered":"<p>Essenza Fruit\u00e9e Intense est l&rsquo;huile d&rsquo;olive extra vierge Monocultivar issue \u00e0 partir d&rsquo;olives Coratina. C&rsquo;est une huile d&rsquo;un vert intense, aux reflets dor\u00e9s, qui laisse une saveur agr\u00e9ablement \u00e9pic\u00e9e. De bonne facture, elle s&rsquo;exprime avec des notes de chardon et d&rsquo;artichaut, des parfums d&rsquo;aneth, de fenouil, de poivre et de foin. Avec la ligne \u00ab\u00a0Essenza\u00a0\u00bb, [&hellip;]<\/p>\n","protected":false},"featured_media":33359,"template":"","meta":{"_acf_changed":false},"product_brand":[],"product_cat":[169,381,135],"product_tag":[440,317,309,178,140],"class_list":{"0":"post-6706","1":"product","2":"type-product","3":"status-publish","4":"has-post-thumbnail","6":"product_cat-bouteilles","7":"product_cat-essenza-fr","8":"product_cat-upsell_shopper-fr","9":"product_tag-elixir-de-longue-vie","10":"product_tag-essence-fr","11":"product_tag-intense-variant-fr","12":"product_tag-tpl_fruitee_intense","13":"product_tag-upsell_shopper-fr","15":"first","16":"instock","17":"taxable","18":"shipping-taxable","19":"purchasable","20":"product-type-simple"},"acf":[],"_links":{"self":[{"href":"https:\/\/www.frantoiomuraglia.it\/fr\/wp-json\/wp\/v2\/product\/6706","targetHints":{"allow":["GET"]}}],"collection":[{"href":"https:\/\/www.frantoiomuraglia.it\/fr\/wp-json\/wp\/v2\/product"}],"about":[{"href":"https:\/\/www.frantoiomuraglia.it\/fr\/wp-json\/wp\/v2\/types\/product"}],"wp:featuredmedia":[{"embeddable":true,"href":"https:\/\/www.frantoiomuraglia.it\/fr\/wp-json\/wp\/v2\/media\/33359"}],"wp:attachment":[{"href":"https:\/\/www.frantoiomuraglia.it\/fr\/wp-json\/wp\/v2\/media?parent=6706"}],"wp:term":[{"taxonomy":"product_brand","embeddable":true,"href":"https:\/\/www.frantoiomuraglia.it\/fr\/wp-json\/wp\/v2\/product_brand?post=6706"},{"taxonomy":"product_cat","embeddable":true,"href":"https:\/\/www.frantoiomuraglia.it\/fr\/wp-json\/wp\/v2\/product_cat?post=6706"},{"taxonomy":"product_tag","embeddable":true,"href":"https:\/\/www.frantoiomuraglia.it\/fr\/wp-json\/wp\/v2\/product_tag?post=6706"}],"curies":[{"name":"wp","href":"https:\/\/api.w.org\/{rel}","templated":true}]}}