{"id":6700,"date":"2022-03-24T13:41:10","date_gmt":"2022-03-24T11:41:10","guid":{"rendered":"https:\/\/dev.frantoiomuraglia.it\/product\/fumo\/"},"modified":"2025-06-13T09:08:00","modified_gmt":"2025-06-13T07:08:00","slug":"fumo-2","status":"publish","type":"product","link":"https:\/\/www.frantoiomuraglia.it\/fr\/produit\/fumo-2\/","title":{"rendered":"Huile fum\u00e9e"},"content":{"rendered":"<p>Cr\u00e9\u00e9e apr\u00e8s trois ann\u00e9es de recherche, d&rsquo;\u00e9tude et de m\u00e9ditation, Fumo est une huile d&rsquo;olive extra vierge Peranzana naturellement fum\u00e9e \u00e0 froid avec des bois naturels, une noveaut\u00e9 absolue en 2015 et laur\u00e9ate du prix Tuttofood Innovation dans la m\u00eame ann\u00e9e. Elle repr\u00e9sente l&rsquo;\u00e9quilibre parfait entre les ar\u00f4mes et les saveurs et valorise les mati\u00e8res premi\u00e8res sans couvrir leur identit\u00e9, donnant des notes de braises aux crudit\u00e9s, aux salades mais aussi aux produits laitiers. <\/p>\n<p>Tous les conseils d\u2019utilisation en \u00ab\u00a0Culture de l\u2019huile\u00a0\u00bb.<\/p>\n","protected":false},"excerpt":{"rendered":"<p>Cr\u00e9\u00e9e apr\u00e8s trois ann\u00e9es de recherche, d&rsquo;\u00e9tude et de m\u00e9ditation, Fumo est une huile d&rsquo;olive extra vierge Peranzana naturellement fum\u00e9e \u00e0 froid avec des bois naturels, une noveaut\u00e9 absolue en 2015 et laur\u00e9ate du prix Tuttofood Innovation dans la m\u00eame ann\u00e9e. Elle repr\u00e9sente l&rsquo;\u00e9quilibre parfait entre les ar\u00f4mes et les saveurs et valorise les mati\u00e8res [&hellip;]<\/p>\n","protected":false},"featured_media":5172,"template":"","meta":{"_acf_changed":false},"product_brand":[],"product_cat":[224,135],"product_tag":[317,335,235,140],"class_list":{"0":"post-6700","1":"product","2":"type-product","3":"status-publish","4":"has-post-thumbnail","6":"product_cat-aromatisee","7":"product_cat-upsell_shopper-fr","8":"product_tag-essence-fr","9":"product_tag-smoke-type-fr","10":"product_tag-tpl_fumo-fr","11":"product_tag-upsell_shopper-fr","13":"first","14":"instock","15":"taxable","16":"shipping-taxable","17":"purchasable","18":"product-type-simple"},"acf":[],"_links":{"self":[{"href":"https:\/\/www.frantoiomuraglia.it\/fr\/wp-json\/wp\/v2\/product\/6700","targetHints":{"allow":["GET"]}}],"collection":[{"href":"https:\/\/www.frantoiomuraglia.it\/fr\/wp-json\/wp\/v2\/product"}],"about":[{"href":"https:\/\/www.frantoiomuraglia.it\/fr\/wp-json\/wp\/v2\/types\/product"}],"wp:featuredmedia":[{"embeddable":true,"href":"https:\/\/www.frantoiomuraglia.it\/fr\/wp-json\/wp\/v2\/media\/5172"}],"wp:attachment":[{"href":"https:\/\/www.frantoiomuraglia.it\/fr\/wp-json\/wp\/v2\/media?parent=6700"}],"wp:term":[{"taxonomy":"product_brand","embeddable":true,"href":"https:\/\/www.frantoiomuraglia.it\/fr\/wp-json\/wp\/v2\/product_brand?post=6700"},{"taxonomy":"product_cat","embeddable":true,"href":"https:\/\/www.frantoiomuraglia.it\/fr\/wp-json\/wp\/v2\/product_cat?post=6700"},{"taxonomy":"product_tag","embeddable":true,"href":"https:\/\/www.frantoiomuraglia.it\/fr\/wp-json\/wp\/v2\/product_tag?post=6700"}],"curies":[{"name":"wp","href":"https:\/\/api.w.org\/{rel}","templated":true}]}}