{"id":6696,"date":"2022-03-24T13:42:23","date_gmt":"2022-03-24T11:42:23","guid":{"rendered":"https:\/\/dev.frantoiomuraglia.it\/product\/aromatisee-au-basilique-200-ml\/"},"modified":"2025-07-24T15:59:56","modified_gmt":"2025-07-24T13:59:56","slug":"aromatisee-au-basilique","status":"publish","type":"product","link":"https:\/\/www.frantoiomuraglia.it\/fr\/produit\/aromatisee-au-basilique\/","title":{"rendered":"Aromatis\u00e9e au basilique 200 ml"},"content":{"rendered":"<p>L&rsquo;huile aromatis\u00e9e au basilique na\u00eet de la contamination de deux excellences, l&rsquo;huile d&rsquo;olive extra vierge et le Basilique g\u00e9nois DOP, en cr\u00e9ant un ar\u00f4me qui devient essence. L&rsquo;union des saveurs, leur contamination, se produit au cours d&rsquo;un processus de production 100% naturel.  Les aromates restent ensemble et sont press\u00e9s avec les olives.<\/p>\n<p>Frantoio Muraglia associe la puret\u00e9 de son huile \u00e0 des mati\u00e8res premi\u00e8res s\u00e9lectionn\u00e9es et recherch\u00e9es parmi les excellences du territoire, pour les respecter et les valoriser: citron IGP Rocca Imperiale, piment de Calabre, Basilique g\u00e9nois DOP, ail.<\/p>\n<p>Tous les conseils d\u2019utilisation en \u00ab\u00a0Culture de l\u2019huile\u00a0\u00bb.<\/p>\n","protected":false},"excerpt":{"rendered":"<p>L&rsquo;huile aromatis\u00e9e au basilique na\u00eet de la contamination de deux excellences, l&rsquo;huile d&rsquo;olive extra vierge et le Basilique g\u00e9nois DOP, en cr\u00e9ant un ar\u00f4me qui devient essence. L&rsquo;union des saveurs, leur contamination, se produit au cours d&rsquo;un processus de production 100% naturel. Les aromates restent ensemble et sont press\u00e9s avec les olives. Frantoio Muraglia associe [&hellip;]<\/p>\n","protected":false},"featured_media":6038,"template":"","meta":{"_acf_changed":false},"product_brand":[],"product_cat":[224,135],"product_tag":[320,321,227,140],"class_list":{"0":"post-6696","1":"product","2":"type-product","3":"status-publish","4":"has-post-thumbnail","6":"product_cat-aromatisee","7":"product_cat-upsell_shopper-fr","8":"product_tag-aromatic-fr","9":"product_tag-aromatictype-fr","10":"product_tag-tpl_aromatisee","11":"product_tag-upsell_shopper-fr","13":"first","14":"instock","15":"taxable","16":"shipping-taxable","17":"purchasable","18":"product-type-simple"},"acf":[],"_links":{"self":[{"href":"https:\/\/www.frantoiomuraglia.it\/fr\/wp-json\/wp\/v2\/product\/6696","targetHints":{"allow":["GET"]}}],"collection":[{"href":"https:\/\/www.frantoiomuraglia.it\/fr\/wp-json\/wp\/v2\/product"}],"about":[{"href":"https:\/\/www.frantoiomuraglia.it\/fr\/wp-json\/wp\/v2\/types\/product"}],"wp:featuredmedia":[{"embeddable":true,"href":"https:\/\/www.frantoiomuraglia.it\/fr\/wp-json\/wp\/v2\/media\/6038"}],"wp:attachment":[{"href":"https:\/\/www.frantoiomuraglia.it\/fr\/wp-json\/wp\/v2\/media?parent=6696"}],"wp:term":[{"taxonomy":"product_brand","embeddable":true,"href":"https:\/\/www.frantoiomuraglia.it\/fr\/wp-json\/wp\/v2\/product_brand?post=6696"},{"taxonomy":"product_cat","embeddable":true,"href":"https:\/\/www.frantoiomuraglia.it\/fr\/wp-json\/wp\/v2\/product_cat?post=6696"},{"taxonomy":"product_tag","embeddable":true,"href":"https:\/\/www.frantoiomuraglia.it\/fr\/wp-json\/wp\/v2\/product_tag?post=6696"}],"curies":[{"name":"wp","href":"https:\/\/api.w.org\/{rel}","templated":true}]}}