{"id":6677,"date":"2022-03-24T13:48:04","date_gmt":"2022-03-24T11:48:04","guid":{"rendered":"https:\/\/dev.frantoiomuraglia.it\/product\/aromatisee-au-piment-200-ml\/"},"modified":"2025-10-20T18:27:46","modified_gmt":"2025-10-20T16:27:46","slug":"aromatisee-au-piment","status":"publish","type":"product","link":"https:\/\/www.frantoiomuraglia.it\/fr\/produit\/aromatisee-au-piment\/","title":{"rendered":"Aromatis\u00e9e au piment 200 ml"},"content":{"rendered":"<p>L&rsquo;huile aromatis\u00e9e au basilique na\u00eet de la contamination de deux excellences, l&rsquo;huile d&rsquo;olive vierge extra et le piment de Calabre, en cr\u00e9ant un ar\u00f4me qui devient essence. L&rsquo;union des saveurs, leur contamination, se produit au cours d&rsquo;un processus de production 100% naturel.  Les aromates restent ensemble et sont press\u00e9s avec les olives.<\/p>\n<p>Frantoio Muraglia associe la puret\u00e9 de son huile \u00e0 des mati\u00e8res premi\u00e8res s\u00e9lectionn\u00e9es et recherch\u00e9es parmi les excellences du territoire, pour les respecter et les valoriser: citron IGP Rocca Imperiale, piment de Calabre, Basilique g\u00e9nois DOP, ail.<\/p>\n<p>Tous les conseils d\u2019utilisation en \u00ab\u00a0Culture de l\u2019huile\u00a0\u00bb.<\/p>\n","protected":false},"excerpt":{"rendered":"<p>L&rsquo;huile aromatis\u00e9e au basilique na\u00eet de la contamination de deux excellences, l&rsquo;huile d&rsquo;olive vierge extra et le piment de Calabre, en cr\u00e9ant un ar\u00f4me qui devient essence. L&rsquo;union des saveurs, leur contamination, se produit au cours d&rsquo;un processus de production 100% naturel. Les aromates restent ensemble et sont press\u00e9s avec les olives. Frantoio Muraglia associe [&hellip;]<\/p>\n","protected":false},"featured_media":6051,"template":"","meta":{"_acf_changed":false},"product_brand":[],"product_cat":[224,135],"product_tag":[320,321,284,227,140],"class_list":{"0":"post-6677","1":"product","2":"type-product","3":"status-publish","4":"has-post-thumbnail","6":"product_cat-aromatisee","7":"product_cat-upsell_shopper-fr","8":"product_tag-aromatic-fr","9":"product_tag-aromatictype-fr","10":"product_tag-featured-fr-2","11":"product_tag-tpl_aromatisee","12":"product_tag-upsell_shopper-fr","14":"first","15":"instock","16":"taxable","17":"shipping-taxable","18":"purchasable","19":"product-type-simple"},"acf":[],"_links":{"self":[{"href":"https:\/\/www.frantoiomuraglia.it\/fr\/wp-json\/wp\/v2\/product\/6677","targetHints":{"allow":["GET"]}}],"collection":[{"href":"https:\/\/www.frantoiomuraglia.it\/fr\/wp-json\/wp\/v2\/product"}],"about":[{"href":"https:\/\/www.frantoiomuraglia.it\/fr\/wp-json\/wp\/v2\/types\/product"}],"wp:featuredmedia":[{"embeddable":true,"href":"https:\/\/www.frantoiomuraglia.it\/fr\/wp-json\/wp\/v2\/media\/6051"}],"wp:attachment":[{"href":"https:\/\/www.frantoiomuraglia.it\/fr\/wp-json\/wp\/v2\/media?parent=6677"}],"wp:term":[{"taxonomy":"product_brand","embeddable":true,"href":"https:\/\/www.frantoiomuraglia.it\/fr\/wp-json\/wp\/v2\/product_brand?post=6677"},{"taxonomy":"product_cat","embeddable":true,"href":"https:\/\/www.frantoiomuraglia.it\/fr\/wp-json\/wp\/v2\/product_cat?post=6677"},{"taxonomy":"product_tag","embeddable":true,"href":"https:\/\/www.frantoiomuraglia.it\/fr\/wp-json\/wp\/v2\/product_tag?post=6677"}],"curies":[{"name":"wp","href":"https:\/\/api.w.org\/{rel}","templated":true}]}}