{"id":6670,"date":"2022-03-24T13:49:24","date_gmt":"2022-03-24T13:49:24","guid":{"rendered":"https:\/\/dev.frantoiomuraglia.it\/product\/jarre-en-ceramique-jeroboam\/"},"modified":"2025-02-14T11:19:38","modified_gmt":"2025-02-14T09:19:38","slug":"jarre-jeroboam","status":"publish","type":"product","link":"https:\/\/www.frantoiomuraglia.it\/fr\/produit\/jarre-jeroboam\/","title":{"rendered":"Jarre en c\u00e9ramique J\u00e9roboam"},"content":{"rendered":"<p>La jarre en c\u00e9ramique J\u00e9roboam, fabriqu\u00e9e \u00e0 la main par nos artisans des Pouilles, se distingue et domine sur la table. 3 litres d&rsquo;art qui se d\u00e9verse qui pr\u00e9serve tout le parfum et la saveur de notre huile d&rsquo;olive extra vierge.<\/p>\n<p>La Collection Special propose \u00e0 nouveau la forme classique de la jarre en c\u00e9ramique, l&rsquo;ic\u00f4ne de l&rsquo;entreprise, dans des formats maxi.<\/p>\n<p>J\u00e9roboam est la jarre qui contient 3 litres de l&rsquo;huile d&rsquo;olive extra vierge la plus pure dans sa terre cuite qui, gr\u00e2ce aux propri\u00e9t\u00e9s de la c\u00e9ramique, conserve intactes ses caract\u00e9ristiques organoleptiques.<\/p>\n<p>Chaque j\u00e9roboam est model\u00e9 et peint \u00e0 la main par des ma\u00eetres potiers des Pouilles et conserv\u00e9 dans un \u00e9l\u00e9gant emballage noir.<\/p>\n","protected":false},"excerpt":{"rendered":"<p>JEROBOAM<\/p>\n","protected":false},"featured_media":5328,"template":"","meta":{"_acf_changed":false},"product_brand":[],"product_cat":[134],"product_tag":[309,285,313,456,370],"class_list":{"0":"post-6670","1":"product","2":"type-product","3":"status-publish","4":"has-post-thumbnail","6":"product_cat-jarres","7":"product_tag-intense-variant-fr","8":"product_tag-jars-fr-2","9":"product_tag-medium-variant-fr","10":"product_tag-stock","11":"product_tag-tpl_jars-fr","13":"first","14":"instock","15":"taxable","16":"shipping-taxable","17":"purchasable","18":"product-type-variable"},"acf":[],"_links":{"self":[{"href":"https:\/\/www.frantoiomuraglia.it\/fr\/wp-json\/wp\/v2\/product\/6670","targetHints":{"allow":["GET"]}}],"collection":[{"href":"https:\/\/www.frantoiomuraglia.it\/fr\/wp-json\/wp\/v2\/product"}],"about":[{"href":"https:\/\/www.frantoiomuraglia.it\/fr\/wp-json\/wp\/v2\/types\/product"}],"wp:featuredmedia":[{"embeddable":true,"href":"https:\/\/www.frantoiomuraglia.it\/fr\/wp-json\/wp\/v2\/media\/5328"}],"wp:attachment":[{"href":"https:\/\/www.frantoiomuraglia.it\/fr\/wp-json\/wp\/v2\/media?parent=6670"}],"wp:term":[{"taxonomy":"product_brand","embeddable":true,"href":"https:\/\/www.frantoiomuraglia.it\/fr\/wp-json\/wp\/v2\/product_brand?post=6670"},{"taxonomy":"product_cat","embeddable":true,"href":"https:\/\/www.frantoiomuraglia.it\/fr\/wp-json\/wp\/v2\/product_cat?post=6670"},{"taxonomy":"product_tag","embeddable":true,"href":"https:\/\/www.frantoiomuraglia.it\/fr\/wp-json\/wp\/v2\/product_tag?post=6670"}],"curies":[{"name":"wp","href":"https:\/\/api.w.org\/{rel}","templated":true}]}}