{"id":6661,"date":"2022-03-24T13:50:05","date_gmt":"2022-03-24T13:50:05","guid":{"rendered":"https:\/\/dev.frantoiomuraglia.it\/product\/jarre-en-ceramique-magnum\/"},"modified":"2025-06-13T17:44:14","modified_gmt":"2025-06-13T15:44:14","slug":"jarre-en-ceramique-magnum","status":"publish","type":"product","link":"https:\/\/www.frantoiomuraglia.it\/fr\/produit\/jarre-en-ceramique-magnum\/","title":{"rendered":"Jarre en c\u00e9ramique Magnum"},"content":{"rendered":"<p>Le pot en c\u00e9ramique Magnum, fabriqu\u00e9 \u00e0 la main par nos artisans des Pouilles, apporte sur votre table 1500 ml d\u2019art \u00e0 verser, avec le parfum des olives fra\u00eechement press\u00e9es. La c\u00e9ramique des Pouilles conserve parfaitement les propri\u00e9t\u00e9s sensorielles de notre huile d\u2019olive extra vierge. Chaque Orcio Magnum est gard\u00e9 par une bo\u00eete noire, parfait pour un cadeau \u00e9l\u00e9gant et distingu\u00e9.   Des lignes \u00e9pur\u00e9es et des couleurs sophistiqu\u00e9es pour une jarre \u00e0 la saveur unique.<\/p>\n<p>Disponible dans la variante Fruit\u00e9e intense et Fruit\u00e9e Moyenne.<\/p>\n<p>Tous les conseils d&rsquo;utilisation en \u201cCulture de l\u2019huile\u201d.<\/p>\n","protected":false},"excerpt":{"rendered":"<p>Le pot en c\u00e9ramique Magnum, fabriqu\u00e9 \u00e0 la main par nos artisans des Pouilles, apporte sur votre table 1500 ml d\u2019art \u00e0 verser, avec le parfum des olives fra\u00eechement press\u00e9es. La c\u00e9ramique des Pouilles conserve parfaitement les propri\u00e9t\u00e9s sensorielles de notre huile d\u2019olive extra vierge. Chaque Orcio Magnum est gard\u00e9 par une bo\u00eete noire, parfait [&hellip;]<\/p>\n","protected":false},"featured_media":4930,"template":"","meta":{"_acf_changed":false},"product_brand":[],"product_cat":[134],"product_tag":[309,285,313,370],"class_list":{"0":"post-6661","1":"product","2":"type-product","3":"status-publish","4":"has-post-thumbnail","6":"product_cat-jarres","7":"product_tag-intense-variant-fr","8":"product_tag-jars-fr-2","9":"product_tag-medium-variant-fr","10":"product_tag-tpl_jars-fr","12":"first","13":"instock","14":"taxable","15":"shipping-taxable","16":"purchasable","17":"product-type-variable"},"acf":[],"_links":{"self":[{"href":"https:\/\/www.frantoiomuraglia.it\/fr\/wp-json\/wp\/v2\/product\/6661","targetHints":{"allow":["GET"]}}],"collection":[{"href":"https:\/\/www.frantoiomuraglia.it\/fr\/wp-json\/wp\/v2\/product"}],"about":[{"href":"https:\/\/www.frantoiomuraglia.it\/fr\/wp-json\/wp\/v2\/types\/product"}],"wp:featuredmedia":[{"embeddable":true,"href":"https:\/\/www.frantoiomuraglia.it\/fr\/wp-json\/wp\/v2\/media\/4930"}],"wp:attachment":[{"href":"https:\/\/www.frantoiomuraglia.it\/fr\/wp-json\/wp\/v2\/media?parent=6661"}],"wp:term":[{"taxonomy":"product_brand","embeddable":true,"href":"https:\/\/www.frantoiomuraglia.it\/fr\/wp-json\/wp\/v2\/product_brand?post=6661"},{"taxonomy":"product_cat","embeddable":true,"href":"https:\/\/www.frantoiomuraglia.it\/fr\/wp-json\/wp\/v2\/product_cat?post=6661"},{"taxonomy":"product_tag","embeddable":true,"href":"https:\/\/www.frantoiomuraglia.it\/fr\/wp-json\/wp\/v2\/product_tag?post=6661"}],"curies":[{"name":"wp","href":"https:\/\/api.w.org\/{rel}","templated":true}]}}