{"id":6602,"date":"2022-03-24T13:54:49","date_gmt":"2022-03-24T13:54:49","guid":{"rendered":"https:\/\/dev.frantoiomuraglia.it\/product\/jarre-en-ceramique-pois\/"},"modified":"2025-02-14T10:56:26","modified_gmt":"2025-02-14T08:56:26","slug":"jarre-en-ceramique-pois","status":"publish","type":"product","link":"https:\/\/www.frantoiomuraglia.it\/fr\/produit\/jarre-en-ceramique-pois\/","title":{"rendered":"Jarre en c\u00e9ramique pois"},"content":{"rendered":"<p>Synth\u00e8se de design et de tradition, elle pr\u00e9serve le parfum des olives fra\u00eechement press\u00e9es. Jarre en c\u00e9ramique r\u00e9alis\u00e9e \u00e0 la main par nos artisans des Pouilles, con\u00e7ue et color\u00e9e avec des pois extr\u00eamement originaux.<\/p>\n","protected":false},"excerpt":{"rendered":"<p>JARRE POIS<\/p>\n","protected":false},"featured_media":5911,"template":"","meta":{"_acf_changed":false},"product_brand":[],"product_cat":[354,134,155,135],"product_tag":[309,285,313,370,140],"class_list":{"0":"post-6602","1":"product","2":"type-product","3":"status-publish","4":"has-post-thumbnail","6":"product_cat-jarre-collection","7":"product_cat-jarres","8":"product_cat-upsell_astuccio_orcio-fr","9":"product_cat-upsell_shopper-fr","10":"product_tag-intense-variant-fr","11":"product_tag-jars-fr-2","12":"product_tag-medium-variant-fr","13":"product_tag-tpl_jars-fr","14":"product_tag-upsell_shopper-fr","16":"first","17":"instock","18":"taxable","19":"shipping-taxable","20":"purchasable","21":"product-type-variable"},"acf":[],"_links":{"self":[{"href":"https:\/\/www.frantoiomuraglia.it\/fr\/wp-json\/wp\/v2\/product\/6602","targetHints":{"allow":["GET"]}}],"collection":[{"href":"https:\/\/www.frantoiomuraglia.it\/fr\/wp-json\/wp\/v2\/product"}],"about":[{"href":"https:\/\/www.frantoiomuraglia.it\/fr\/wp-json\/wp\/v2\/types\/product"}],"wp:featuredmedia":[{"embeddable":true,"href":"https:\/\/www.frantoiomuraglia.it\/fr\/wp-json\/wp\/v2\/media\/5911"}],"wp:attachment":[{"href":"https:\/\/www.frantoiomuraglia.it\/fr\/wp-json\/wp\/v2\/media?parent=6602"}],"wp:term":[{"taxonomy":"product_brand","embeddable":true,"href":"https:\/\/www.frantoiomuraglia.it\/fr\/wp-json\/wp\/v2\/product_brand?post=6602"},{"taxonomy":"product_cat","embeddable":true,"href":"https:\/\/www.frantoiomuraglia.it\/fr\/wp-json\/wp\/v2\/product_cat?post=6602"},{"taxonomy":"product_tag","embeddable":true,"href":"https:\/\/www.frantoiomuraglia.it\/fr\/wp-json\/wp\/v2\/product_tag?post=6602"}],"curies":[{"name":"wp","href":"https:\/\/api.w.org\/{rel}","templated":true}]}}