{"id":6563,"date":"2022-03-24T13:57:27","date_gmt":"2022-03-24T13:57:27","guid":{"rendered":"https:\/\/dev.frantoiomuraglia.it\/product\/jarre-love-arc-en-ciel\/"},"modified":"2026-03-06T11:14:13","modified_gmt":"2026-03-06T09:14:13","slug":"jarre-love-arc-en-ciel","status":"publish","type":"product","link":"https:\/\/www.frantoiomuraglia.it\/fr\/produit\/jarre-love-arc-en-ciel\/","title":{"rendered":"Jarre Love Arc-en-ciel"},"content":{"rendered":"<p>Love Collection by Adry De Martino.<\/p>\n<p>Un pot en c\u00e9ramique qui contient, avec autant d&rsquo;amour que possible, notre huile d&rsquo;olive extra vierge 100% italienne.<\/p>\n<p>Jarre sp\u00e9ciale en terre cuite, moul\u00e9e et d\u00e9cor\u00e9e enti\u00e8rement \u00e0 la main par des artisans qualifi\u00e9s.<\/p>\n<p>Produit exclusif, uniquement en ligne, en \u00e9dition limit\u00e9e.<\/p>\n<p>L&rsquo;amour interpr\u00e9t\u00e9 par l&rsquo;artiste et designer des Pouilles Adry De Martino.<\/p>\n","protected":false},"excerpt":{"rendered":"<p>Love Arc-en-ciel<\/p>\n","protected":false},"featured_media":5236,"template":"","meta":{"_acf_changed":false},"product_brand":[],"product_cat":[134,417,431,364,448,155,135],"product_tag":[309,285,313,370,140],"class_list":{"0":"post-6563","1":"product","2":"type-product","3":"status-publish","4":"has-post-thumbnail","6":"product_cat-jarres","7":"product_cat-black-friday-fr","8":"product_cat-journee-speciale","9":"product_cat-love-fr","10":"product_cat-outlet","11":"product_cat-upsell_astuccio_orcio-fr","12":"product_cat-upsell_shopper-fr","13":"product_tag-intense-variant-fr","14":"product_tag-jars-fr-2","15":"product_tag-medium-variant-fr","16":"product_tag-tpl_jars-fr","17":"product_tag-upsell_shopper-fr","19":"first","20":"instock","21":"taxable","22":"shipping-taxable","23":"purchasable","24":"product-type-simple"},"acf":[],"_links":{"self":[{"href":"https:\/\/www.frantoiomuraglia.it\/fr\/wp-json\/wp\/v2\/product\/6563","targetHints":{"allow":["GET"]}}],"collection":[{"href":"https:\/\/www.frantoiomuraglia.it\/fr\/wp-json\/wp\/v2\/product"}],"about":[{"href":"https:\/\/www.frantoiomuraglia.it\/fr\/wp-json\/wp\/v2\/types\/product"}],"wp:featuredmedia":[{"embeddable":true,"href":"https:\/\/www.frantoiomuraglia.it\/fr\/wp-json\/wp\/v2\/media\/5236"}],"wp:attachment":[{"href":"https:\/\/www.frantoiomuraglia.it\/fr\/wp-json\/wp\/v2\/media?parent=6563"}],"wp:term":[{"taxonomy":"product_brand","embeddable":true,"href":"https:\/\/www.frantoiomuraglia.it\/fr\/wp-json\/wp\/v2\/product_brand?post=6563"},{"taxonomy":"product_cat","embeddable":true,"href":"https:\/\/www.frantoiomuraglia.it\/fr\/wp-json\/wp\/v2\/product_cat?post=6563"},{"taxonomy":"product_tag","embeddable":true,"href":"https:\/\/www.frantoiomuraglia.it\/fr\/wp-json\/wp\/v2\/product_tag?post=6563"}],"curies":[{"name":"wp","href":"https:\/\/api.w.org\/{rel}","templated":true}]}}