{"id":6554,"date":"2022-03-24T13:58:21","date_gmt":"2022-03-24T11:58:21","guid":{"rendered":"https:\/\/dev.frantoiomuraglia.it\/product\/jarre-en-ceramique-homard\/"},"modified":"2025-10-20T17:31:49","modified_gmt":"2025-10-20T15:31:49","slug":"jarre-en-ceramique-homard","status":"publish","type":"product","link":"https:\/\/www.frantoiomuraglia.it\/fr\/produit\/jarre-en-ceramique-homard\/","title":{"rendered":"Jarre en c\u00e9ramique Homard"},"content":{"rendered":"<p>La jarre en c\u00e9ramique Homard, fabriqu\u00e9e \u00e0 la main par nos artisans des Pouilles, est pop: elle m\u00eale terre et mer, couleur et puret\u00e9. C&rsquo;est de l\u2019art qui coule. Elle pr\u00e9serve tous les ar\u00f4mes et la saveur de notre huile d&rsquo;olive extra vierge.<\/p>\n<p>Les pots de la collection Pop Art sont de v\u00e9ritables objets de design qui parlent de nos Pouilles et du caract\u00e8re fort qui nous distingue. Les tons vifs et les couleurs mates donnent vie aux poulpes, aux homards et aux poissons qui s&rsquo;agitent sur la c\u00e9ramique blanche.<\/p>\n<p>Disponible en Fruit\u00e9e Intense.<\/p>\n<p>Tous les conseils d\u2019utilisation en \u00ab\u00a0Culture de l\u2019huile\u00a0\u00bb.<\/p>\n","protected":false},"excerpt":{"rendered":"<p>La jarre en c\u00e9ramique Homard, fabriqu\u00e9e \u00e0 la main par nos artisans des Pouilles, est pop: elle m\u00eale terre et mer, couleur et puret\u00e9. C&rsquo;est de l\u2019art qui coule. Elle pr\u00e9serve tous les ar\u00f4mes et la saveur de notre huile d&rsquo;olive extra vierge. Les pots de la collection Pop Art sont de v\u00e9ritables objets de [&hellip;]<\/p>\n","protected":false},"featured_media":5256,"template":"","meta":{"_acf_changed":false},"product_brand":[],"product_cat":[134,357,155,135],"product_tag":[285,138,370,140],"class_list":{"0":"post-6554","1":"product","2":"type-product","3":"status-publish","4":"has-post-thumbnail","6":"product_cat-jarres","7":"product_cat-pop-art-fr","8":"product_cat-upsell_astuccio_orcio-fr","9":"product_cat-upsell_shopper-fr","10":"product_tag-jars-fr-2","11":"product_tag-pop-art-fr","12":"product_tag-tpl_jars-fr","13":"product_tag-upsell_shopper-fr","15":"first","16":"instock","17":"taxable","18":"shipping-taxable","19":"purchasable","20":"product-type-simple"},"acf":[],"_links":{"self":[{"href":"https:\/\/www.frantoiomuraglia.it\/fr\/wp-json\/wp\/v2\/product\/6554","targetHints":{"allow":["GET"]}}],"collection":[{"href":"https:\/\/www.frantoiomuraglia.it\/fr\/wp-json\/wp\/v2\/product"}],"about":[{"href":"https:\/\/www.frantoiomuraglia.it\/fr\/wp-json\/wp\/v2\/types\/product"}],"wp:featuredmedia":[{"embeddable":true,"href":"https:\/\/www.frantoiomuraglia.it\/fr\/wp-json\/wp\/v2\/media\/5256"}],"wp:attachment":[{"href":"https:\/\/www.frantoiomuraglia.it\/fr\/wp-json\/wp\/v2\/media?parent=6554"}],"wp:term":[{"taxonomy":"product_brand","embeddable":true,"href":"https:\/\/www.frantoiomuraglia.it\/fr\/wp-json\/wp\/v2\/product_brand?post=6554"},{"taxonomy":"product_cat","embeddable":true,"href":"https:\/\/www.frantoiomuraglia.it\/fr\/wp-json\/wp\/v2\/product_cat?post=6554"},{"taxonomy":"product_tag","embeddable":true,"href":"https:\/\/www.frantoiomuraglia.it\/fr\/wp-json\/wp\/v2\/product_tag?post=6554"}],"curies":[{"name":"wp","href":"https:\/\/api.w.org\/{rel}","templated":true}]}}