{"id":6504,"date":"2022-03-24T14:00:13","date_gmt":"2022-03-24T14:00:13","guid":{"rendered":"https:\/\/dev.frantoiomuraglia.it\/product\/bag-in-box-5-l\/"},"modified":"2025-09-05T06:54:05","modified_gmt":"2025-09-05T04:54:05","slug":"bag-in-box-5-l","status":"publish","type":"product","link":"https:\/\/www.frantoiomuraglia.it\/fr\/produit\/bag-in-box-5-l\/","title":{"rendered":"Bag in box 5 l"},"content":{"rendered":"<p>Un conditionnement r\u00e9sistent avec doseur pour votre r\u00e9serve de la meilleure huile d&rsquo;olive extra vierge \u00e0 d\u00e9guster dans des packs d&rsquo;huile bag-in-box de 5 litres, qui remplacent les bo\u00eetes de 5 litres car ils sont plus r\u00e9sistants et pratiques.<\/p>\n<p>Format pratique d&rsquo;huile en bag-in-box de 5 litres pour ceux qui ne peuvent jamais se passer d&rsquo;une bonne huile vierge extra. De cette fa\u00e7on, le condiment le plus important du r\u00e9gime m\u00e9diterran\u00e9en est toujours disponible. Les bag-in-box sont aussi indispensables \u00e0 la maison que dans la cuisine d&rsquo;un chef.<\/p>\n<p>Bag in box est une m\u00e9thode innovante de conservation de l&rsquo;huile d&rsquo;olive extra vierge. Gr\u00e2ce au sac r\u00e9sistant et au robinet doseur, l&rsquo;huile ne sera pas oxyd\u00e9e et sa qualit\u00e9 restera inchang\u00e9e.<\/p>\n","protected":false},"excerpt":{"rendered":"<p>B.I.B. 5LT<\/p>\n","protected":false},"featured_media":5040,"template":"","meta":{"_acf_changed":false},"product_brand":[],"product_cat":[391],"product_tag":[331,284,309,313,315,387,214],"class_list":{"0":"post-6504","1":"product","2":"type-product","3":"status-publish","4":"has-post-thumbnail","6":"product_cat-bag-in-box-fr","7":"product_tag-cans-fr","8":"product_tag-featured-fr-2","9":"product_tag-intense-variant-fr","10":"product_tag-medium-variant-fr","11":"product_tag-pitted-line-fr","12":"product_tag-tipo-biologico-fr","13":"product_tag-tpl_no_category-fr","15":"first","16":"instock","17":"taxable","18":"shipping-taxable","19":"purchasable","20":"product-type-variable"},"acf":[],"_links":{"self":[{"href":"https:\/\/www.frantoiomuraglia.it\/fr\/wp-json\/wp\/v2\/product\/6504","targetHints":{"allow":["GET"]}}],"collection":[{"href":"https:\/\/www.frantoiomuraglia.it\/fr\/wp-json\/wp\/v2\/product"}],"about":[{"href":"https:\/\/www.frantoiomuraglia.it\/fr\/wp-json\/wp\/v2\/types\/product"}],"wp:featuredmedia":[{"embeddable":true,"href":"https:\/\/www.frantoiomuraglia.it\/fr\/wp-json\/wp\/v2\/media\/5040"}],"wp:attachment":[{"href":"https:\/\/www.frantoiomuraglia.it\/fr\/wp-json\/wp\/v2\/media?parent=6504"}],"wp:term":[{"taxonomy":"product_brand","embeddable":true,"href":"https:\/\/www.frantoiomuraglia.it\/fr\/wp-json\/wp\/v2\/product_brand?post=6504"},{"taxonomy":"product_cat","embeddable":true,"href":"https:\/\/www.frantoiomuraglia.it\/fr\/wp-json\/wp\/v2\/product_cat?post=6504"},{"taxonomy":"product_tag","embeddable":true,"href":"https:\/\/www.frantoiomuraglia.it\/fr\/wp-json\/wp\/v2\/product_tag?post=6504"}],"curies":[{"name":"wp","href":"https:\/\/api.w.org\/{rel}","templated":true}]}}