{"id":6496,"date":"2022-03-24T14:01:15","date_gmt":"2022-03-24T12:01:15","guid":{"rendered":"https:\/\/dev.frantoiomuraglia.it\/product\/jarre-en-ceramique-le-roi\/"},"modified":"2025-06-30T13:19:21","modified_gmt":"2025-06-30T11:19:21","slug":"jarre-en-ceramique-le-roi","status":"publish","type":"product","link":"https:\/\/www.frantoiomuraglia.it\/fr\/produit\/jarre-en-ceramique-le-roi\/","title":{"rendered":"Jarre en c\u00e9ramique Le Roi"},"content":{"rendered":"<p>Capsule Collection sign\u00e9e par le designer Pierpaolo Gaballo. La d\u00e9cision de se concentrer sur de jeunes artistes qui, avec cr\u00e9ativit\u00e9 et enthousiasme, interpr\u00e8tent nos valeurs dans des collections capsules uniques, donne lieu \u00e0 des merveilles telles que la jarre en c\u00e9ramique Le Roi.<\/p>\n<p>Traits noirs et blancs, design unique et iconographique bas\u00e9 sur les dichotomies g\u00e9om\u00e9triques de l&rsquo;artiste de Salento Pierpaolo Gaballo. Le Roi, expression du pouvoir temporel et divin, repr\u00e9sente, gr\u00e2ce \u00e0 son image onirique, les id\u00e9aux vers lesquels chacun tend, la voie spirituelle ou son propre degr\u00e9 d&rsquo;\u00e9volution. Le Roi tr\u00f4ne sur notre jarre, fabriqu\u00e9e \u00e0 la main par nos potiers des Pouilles.<\/p>\n<p>Le pot contient de l&rsquo;huile EVO Fruit\u00e9e Moyenne et est d\u00e9j\u00e0 complet avec son emballage \u00e9l\u00e9gant.<\/p>\n<p>Tous les conseils d&rsquo;utilisation en \u00ab\u00a0Culture de l\u2019huile\u00a0\u00bb.<\/p>\n","protected":false},"excerpt":{"rendered":"<p>Capsule Collection sign\u00e9e par le designer Pierpaolo Gaballo. La d\u00e9cision de se concentrer sur de jeunes artistes qui, avec cr\u00e9ativit\u00e9 et enthousiasme, interpr\u00e8tent nos valeurs dans des collections capsules uniques, donne lieu \u00e0 des merveilles telles que la jarre en c\u00e9ramique Le Roi. Traits noirs et blancs, design unique et iconographique bas\u00e9 sur les dichotomies [&hellip;]<\/p>\n","protected":false},"featured_media":39770,"template":"","meta":{"_acf_changed":false},"product_brand":[],"product_cat":[373,134,350],"product_tag":[279,164,285,370,140],"class_list":{"0":"post-6496","1":"product","2":"type-product","3":"status-publish","4":"has-post-thumbnail","6":"product_cat-capsule-collection-fr","7":"product_cat-jarres","8":"product_cat-upsell_shopper_gaballo-fr","9":"product_tag-capsule-fr","10":"product_tag-gaballo-fr","11":"product_tag-jars-fr-2","12":"product_tag-tpl_jars-fr","13":"product_tag-upsell_shopper-fr","15":"first","16":"instock","17":"taxable","18":"shipping-taxable","19":"purchasable","20":"product-type-simple"},"acf":[],"_links":{"self":[{"href":"https:\/\/www.frantoiomuraglia.it\/fr\/wp-json\/wp\/v2\/product\/6496","targetHints":{"allow":["GET"]}}],"collection":[{"href":"https:\/\/www.frantoiomuraglia.it\/fr\/wp-json\/wp\/v2\/product"}],"about":[{"href":"https:\/\/www.frantoiomuraglia.it\/fr\/wp-json\/wp\/v2\/types\/product"}],"wp:featuredmedia":[{"embeddable":true,"href":"https:\/\/www.frantoiomuraglia.it\/fr\/wp-json\/wp\/v2\/media\/39770"}],"wp:attachment":[{"href":"https:\/\/www.frantoiomuraglia.it\/fr\/wp-json\/wp\/v2\/media?parent=6496"}],"wp:term":[{"taxonomy":"product_brand","embeddable":true,"href":"https:\/\/www.frantoiomuraglia.it\/fr\/wp-json\/wp\/v2\/product_brand?post=6496"},{"taxonomy":"product_cat","embeddable":true,"href":"https:\/\/www.frantoiomuraglia.it\/fr\/wp-json\/wp\/v2\/product_cat?post=6496"},{"taxonomy":"product_tag","embeddable":true,"href":"https:\/\/www.frantoiomuraglia.it\/fr\/wp-json\/wp\/v2\/product_tag?post=6496"}],"curies":[{"name":"wp","href":"https:\/\/api.w.org\/{rel}","templated":true}]}}