{"id":6468,"date":"2022-03-24T14:05:12","date_gmt":"2022-03-24T12:05:12","guid":{"rendered":"https:\/\/dev.frantoiomuraglia.it\/product\/biologique-500-ml\/"},"modified":"2025-06-12T15:58:41","modified_gmt":"2025-06-12T13:58:41","slug":"biologique-500ml","status":"publish","type":"product","link":"https:\/\/www.frantoiomuraglia.it\/fr\/produit\/biologique-500ml\/","title":{"rendered":"Biologique 500 ml"},"content":{"rendered":"<p>L&rsquo;huile Essenza Biologique est un produit de qualit\u00e9 sup\u00e9rieure aux propri\u00e9t\u00e9s organoleptiques uniques, issu de sols totalement d\u00e9pourvus de produits chimiques. Une huile comme la nature l&rsquo;exige, produite dans le plus grand respect des oliviers s\u00e9culaires qui repr\u00e9sentent depuis toujours la nourriture et la force. <\/p>\n<p>Avec la ligne \u00ab\u00a0Essenza\u00a0\u00bb, Frantoio Muraglia exalte le c\u0153ur de son travail: l\u2019huile. Essence signifie huile de la plus haute qualit\u00e9 dans une veste pr\u00eat-\u00e0-gourmet, \u00e9l\u00e9gante mais d\u00e9mocratique. <\/p>\n<p>Tous les conseils d\u2019utilisation en \u00ab\u00a0Culture de l\u2019huile\u00a0\u00bb.<\/p>\n","protected":false},"excerpt":{"rendered":"<p>L&rsquo;huile Essenza Biologique est un produit de qualit\u00e9 sup\u00e9rieure aux propri\u00e9t\u00e9s organoleptiques uniques, issu de sols totalement d\u00e9pourvus de produits chimiques. Une huile comme la nature l&rsquo;exige, produite dans le plus grand respect des oliviers s\u00e9culaires qui repr\u00e9sentent depuis toujours la nourriture et la force. Avec la ligne \u00ab\u00a0Essenza\u00a0\u00bb, Frantoio Muraglia exalte le c\u0153ur de [&hellip;]<\/p>\n","protected":false},"featured_media":33406,"template":"","meta":{"_acf_changed":false},"product_brand":[],"product_cat":[169,381,177,135],"product_tag":[317,284,387,388,140],"class_list":{"0":"post-6468","1":"product","2":"type-product","3":"status-publish","4":"has-post-thumbnail","6":"product_cat-bouteilles","7":"product_cat-essenza-fr","8":"product_cat-upsell_astuccio_essenza-fr","9":"product_cat-upsell_shopper-fr","10":"product_tag-essence-fr","11":"product_tag-featured-fr-2","12":"product_tag-tipo-biologico-fr","13":"product_tag-tpl_bio-fr","14":"product_tag-upsell_shopper-fr","16":"first","17":"instock","18":"taxable","19":"shipping-taxable","20":"purchasable","21":"product-type-simple"},"acf":[],"_links":{"self":[{"href":"https:\/\/www.frantoiomuraglia.it\/fr\/wp-json\/wp\/v2\/product\/6468","targetHints":{"allow":["GET"]}}],"collection":[{"href":"https:\/\/www.frantoiomuraglia.it\/fr\/wp-json\/wp\/v2\/product"}],"about":[{"href":"https:\/\/www.frantoiomuraglia.it\/fr\/wp-json\/wp\/v2\/types\/product"}],"wp:featuredmedia":[{"embeddable":true,"href":"https:\/\/www.frantoiomuraglia.it\/fr\/wp-json\/wp\/v2\/media\/33406"}],"wp:attachment":[{"href":"https:\/\/www.frantoiomuraglia.it\/fr\/wp-json\/wp\/v2\/media?parent=6468"}],"wp:term":[{"taxonomy":"product_brand","embeddable":true,"href":"https:\/\/www.frantoiomuraglia.it\/fr\/wp-json\/wp\/v2\/product_brand?post=6468"},{"taxonomy":"product_cat","embeddable":true,"href":"https:\/\/www.frantoiomuraglia.it\/fr\/wp-json\/wp\/v2\/product_cat?post=6468"},{"taxonomy":"product_tag","embeddable":true,"href":"https:\/\/www.frantoiomuraglia.it\/fr\/wp-json\/wp\/v2\/product_tag?post=6468"}],"curies":[{"name":"wp","href":"https:\/\/api.w.org\/{rel}","templated":true}]}}