{"id":6461,"date":"2022-03-24T14:07:19","date_gmt":"2022-03-24T12:07:19","guid":{"rendered":"https:\/\/dev.frantoiomuraglia.it\/product\/fruitee-moyenne-500-ml\/"},"modified":"2025-06-06T18:26:26","modified_gmt":"2025-06-06T16:26:26","slug":"evo-huile-fruitee-moyenne-bouteille-ml-500","status":"publish","type":"product","link":"https:\/\/www.frantoiomuraglia.it\/fr\/produit\/evo-huile-fruitee-moyenne-bouteille-ml-500\/","title":{"rendered":"Fruit\u00e9e Moyenne 500 ml"},"content":{"rendered":"<div class=\"elementor-element elementor-element-85b1d70 elementor-widget elementor-widget-text-editor\" data-id=\"85b1d70\" data-element_type=\"widget\" data-widget_type=\"text-editor.default\">\n<div class=\"elementor-widget-container\">\n<p>Essence Fruit\u00e9e Moyenne est une huile d\u2019olive extra vierge Monocultivar issue d\u2019olives Peranzana. C\u2019est une huile d\u00e9licate et \u00e9l\u00e9gante, jaune dor\u00e9 aux reflets verts pour une exp\u00e9rience sensorielle raffin\u00e9e. Caract\u00e9ris\u00e9 par un go\u00fbt \u00e9quilibr\u00e9 et une acidit\u00e9 faible, son parfum offre des intenses souvenirs de tomate, roquette, radis et sensations d\u2019artichaut. Avec la ligne \u00ab\u00a0Essenza\u00a0\u00bb, Frantoio Muraglia exalte le c\u0153ur de son travail: l\u2019huile.<br \/>Essence signifie huile de la plus haute qualit\u00e9 dans une veste pr\u00e9-\u00e0-gourmet, \u00e9l\u00e9gante mais d\u00e9mocratique.   <\/p>\n<p>Toutes les suggestions d\u2019utilisation dans \u00ab\u00a0Culture de l\u2019huile\u00a0\u00bb.<\/p>\n<p>&nbsp;<\/p>\n<\/div>\n<\/div>\n","protected":false},"excerpt":{"rendered":"<p>Essence Fruit\u00e9e Moyenne est une huile d\u2019olive extra vierge Monocultivar issue d\u2019olives Peranzana. C\u2019est une huile d\u00e9licate et \u00e9l\u00e9gante, jaune dor\u00e9 aux reflets verts pour une exp\u00e9rience sensorielle raffin\u00e9e. Caract\u00e9ris\u00e9 par un go\u00fbt \u00e9quilibr\u00e9 et une acidit\u00e9 faible, son parfum offre des intenses souvenirs de tomate, roquette, radis et sensations d\u2019artichaut. Avec la ligne \u00ab\u00a0Essenza\u00a0\u00bb, [&hellip;]<\/p>\n","protected":false},"featured_media":33387,"template":"","meta":{"_acf_changed":false},"product_brand":[],"product_cat":[169,381,177,135],"product_tag":[440,317,284,313,171,140],"class_list":{"0":"post-6461","1":"product","2":"type-product","3":"status-publish","4":"has-post-thumbnail","6":"product_cat-bouteilles","7":"product_cat-essenza-fr","8":"product_cat-upsell_astuccio_essenza-fr","9":"product_cat-upsell_shopper-fr","10":"product_tag-elixir-de-longue-vie","11":"product_tag-essence-fr","12":"product_tag-featured-fr-2","13":"product_tag-medium-variant-fr","14":"product_tag-tpl_fruitee_moyenne","15":"product_tag-upsell_shopper-fr","17":"first","18":"instock","19":"taxable","20":"shipping-taxable","21":"purchasable","22":"product-type-simple"},"acf":[],"_links":{"self":[{"href":"https:\/\/www.frantoiomuraglia.it\/fr\/wp-json\/wp\/v2\/product\/6461","targetHints":{"allow":["GET"]}}],"collection":[{"href":"https:\/\/www.frantoiomuraglia.it\/fr\/wp-json\/wp\/v2\/product"}],"about":[{"href":"https:\/\/www.frantoiomuraglia.it\/fr\/wp-json\/wp\/v2\/types\/product"}],"wp:featuredmedia":[{"embeddable":true,"href":"https:\/\/www.frantoiomuraglia.it\/fr\/wp-json\/wp\/v2\/media\/33387"}],"wp:attachment":[{"href":"https:\/\/www.frantoiomuraglia.it\/fr\/wp-json\/wp\/v2\/media?parent=6461"}],"wp:term":[{"taxonomy":"product_brand","embeddable":true,"href":"https:\/\/www.frantoiomuraglia.it\/fr\/wp-json\/wp\/v2\/product_brand?post=6461"},{"taxonomy":"product_cat","embeddable":true,"href":"https:\/\/www.frantoiomuraglia.it\/fr\/wp-json\/wp\/v2\/product_cat?post=6461"},{"taxonomy":"product_tag","embeddable":true,"href":"https:\/\/www.frantoiomuraglia.it\/fr\/wp-json\/wp\/v2\/product_tag?post=6461"}],"curies":[{"name":"wp","href":"https:\/\/api.w.org\/{rel}","templated":true}]}}