{"id":6444,"date":"2022-03-24T14:12:06","date_gmt":"2022-03-24T14:12:06","guid":{"rendered":"https:\/\/dev.frantoiomuraglia.it\/product\/jarre-en-ceramique-arc-en-ciel\/"},"modified":"2025-06-30T12:27:44","modified_gmt":"2025-06-30T10:27:44","slug":"jarre-en-ceramique-arc-en-ciel","status":"publish","type":"product","link":"https:\/\/www.frantoiomuraglia.it\/fr\/produit\/jarre-en-ceramique-arc-en-ciel\/","title":{"rendered":"Jarre en c\u00e9ramique arc-en-ciel"},"content":{"rendered":"<p>Arc-en-ciel est une v\u00e9ritable ic\u00f4ne de style.<\/p>\n<p>La jarre en c\u00e9ramique, fabriqu\u00e9e \u00e0 la main par nos artisans, colore la table, r\u00e9chauffe la cuisine et pr\u00e9serve tous les parfums et la saveur de notre huile d&rsquo;olive extra vierge.<\/p>\n<p>L&rsquo;art dans chaque geste et chaque choix. De nombreuses personnes nous ont connus gr\u00e2ce \u00e0 la beaut\u00e9 de nos produits, puis les ont go\u00fbt\u00e9s et se sont rendus compte qu&rsquo;il y a du bon dans la beaut\u00e9. L&rsquo;art des mains savantes de nos artisans, qui fa\u00e7onnent, au sens propre du terme, les jarres en c\u00e9ramique de renomm\u00e9e mondiale.<\/p>\n<p>L&rsquo;une d&rsquo;entre elles, le symbole le plus embl\u00e9matique et le plus reconnu de notre moulin \u00e0 huile, est la jarre Arc-en-ciel.<\/p>\n<p>Disponible dans les variantes Fruit\u00e9e Intense et Fruit\u00e9e Moyenne.<\/p>\n<p>Tous les conseils d\u2019utilisation en \u00ab\u00a0Culture de l\u2019huile\u00a0\u00bb.<\/p>\n","protected":false},"excerpt":{"rendered":"<p>Arc-en-ciel est une v\u00e9ritable ic\u00f4ne de style. La jarre en c\u00e9ramique, fabriqu\u00e9e \u00e0 la main par nos artisans, colore la table, r\u00e9chauffe la cuisine et pr\u00e9serve tous les parfums et la saveur de notre huile d&rsquo;olive extra vierge. L&rsquo;art dans chaque geste et chaque choix. De nombreuses personnes nous ont connus gr\u00e2ce \u00e0 la beaut\u00e9 [&hellip;]<\/p>\n","protected":false},"featured_media":5880,"template":"","meta":{"_acf_changed":false},"product_brand":[],"product_cat":[354,134,155,135],"product_tag":[284,309,285,313,370,140],"class_list":{"0":"post-6444","1":"product","2":"type-product","3":"status-publish","4":"has-post-thumbnail","6":"product_cat-jarre-collection","7":"product_cat-jarres","8":"product_cat-upsell_astuccio_orcio-fr","9":"product_cat-upsell_shopper-fr","10":"product_tag-featured-fr-2","11":"product_tag-intense-variant-fr","12":"product_tag-jars-fr-2","13":"product_tag-medium-variant-fr","14":"product_tag-tpl_jars-fr","15":"product_tag-upsell_shopper-fr","17":"first","18":"instock","19":"taxable","20":"shipping-taxable","21":"purchasable","22":"product-type-variable"},"acf":[],"_links":{"self":[{"href":"https:\/\/www.frantoiomuraglia.it\/fr\/wp-json\/wp\/v2\/product\/6444","targetHints":{"allow":["GET"]}}],"collection":[{"href":"https:\/\/www.frantoiomuraglia.it\/fr\/wp-json\/wp\/v2\/product"}],"about":[{"href":"https:\/\/www.frantoiomuraglia.it\/fr\/wp-json\/wp\/v2\/types\/product"}],"wp:featuredmedia":[{"embeddable":true,"href":"https:\/\/www.frantoiomuraglia.it\/fr\/wp-json\/wp\/v2\/media\/5880"}],"wp:attachment":[{"href":"https:\/\/www.frantoiomuraglia.it\/fr\/wp-json\/wp\/v2\/media?parent=6444"}],"wp:term":[{"taxonomy":"product_brand","embeddable":true,"href":"https:\/\/www.frantoiomuraglia.it\/fr\/wp-json\/wp\/v2\/product_brand?post=6444"},{"taxonomy":"product_cat","embeddable":true,"href":"https:\/\/www.frantoiomuraglia.it\/fr\/wp-json\/wp\/v2\/product_cat?post=6444"},{"taxonomy":"product_tag","embeddable":true,"href":"https:\/\/www.frantoiomuraglia.it\/fr\/wp-json\/wp\/v2\/product_tag?post=6444"}],"curies":[{"name":"wp","href":"https:\/\/api.w.org\/{rel}","templated":true}]}}