{"id":48243,"date":"2026-04-20T07:30:48","date_gmt":"2026-04-20T05:30:48","guid":{"rendered":"https:\/\/www.frantoiomuraglia.it\/?post_type=product&#038;p=48243"},"modified":"2026-04-20T18:20:08","modified_gmt":"2026-04-20T16:20:08","slug":"jarre-arc-en-ciel-vert-edition-limitee","status":"publish","type":"product","link":"https:\/\/www.frantoiomuraglia.it\/fr\/produit\/jarre-arc-en-ciel-vert-edition-limitee\/","title":{"rendered":"Jarre Arc-en-ciel vert &#8211; \u00e9dition limit\u00e9e"},"content":{"rendered":"<p class=\"cvGsUA direction-ltr align-justify para-style-body\"><span class=\"a_GcMg font-feature-liga-off font-feature-clig-off font-feature-calt-off text-decoration-none text-strikethrough-none\">Le design n\u2019est pas seulement la forme. <\/span><span class=\"a_GcMg font-feature-liga-off font-feature-clig-off font-feature-calt-off text-decoration-none text-strikethrough-none\">C\u2019est le souffle et la gu\u00e9rison de l\u2019\u00e2me.<\/span><\/p>\n<p class=\"cvGsUA direction-ltr align-justify para-style-body\">El Jarre Arc-en-ciel vert est un manifeste de biodiversit\u00e9, o\u00f9 la c\u00e9ramique faite \u00e0 la main rencontre notre extra vierge.<\/p>\n<p data-path-to-node=\"4\">In questa variante cromatica, la ceramica modellata a mano si fonde con una tonalit\u00e0 magnetica, raccontando una storia di radici profonde e visione d&rsquo;avanguardia.<\/p>\n<p>\u00c0 l\u2019int\u00e9rieur, toute la vitalit\u00e9 authentique de notre huile d\u2019olive extra vierge au fruit\u00e9 intense, issue de la monoculture Coratina, parfaite pour donner du caract\u00e8re et de l\u2019enthousiasme \u00e0 chaque plat.<\/p>\n<p>Exclusif en ligne et \u00e9dition limit\u00e9e.<\/p>\n","protected":false},"excerpt":{"rendered":"<p>Le design n\u2019est pas seulement la forme. C\u2019est le souffle et la gu\u00e9rison de l\u2019\u00e2me. El Jarre Arc-en-ciel vert est un manifeste de biodiversit\u00e9, o\u00f9 la c\u00e9ramique faite \u00e0 la main rencontre notre extra vierge. In questa variante cromatica, la ceramica modellata a mano si fonde con una tonalit\u00e0 magnetica, raccontando una storia di radici [&hellip;]<\/p>\n","protected":false},"featured_media":48005,"template":"","meta":{"_acf_changed":false},"product_brand":[],"product_cat":[201,354,134,431],"product_tag":[309,285,178],"class_list":{"0":"post-48243","1":"product","2":"type-product","3":"status-publish","4":"has-post-thumbnail","6":"product_cat-idees-de-cadeaux","7":"product_cat-jarre-collection","8":"product_cat-jarres","9":"product_cat-journee-speciale","10":"product_tag-intense-variant-fr","11":"product_tag-jars-fr-2","12":"product_tag-tpl_fruitee_intense","14":"first","15":"instock","16":"taxable","17":"shipping-taxable","18":"purchasable","19":"product-type-simple"},"acf":[],"_links":{"self":[{"href":"https:\/\/www.frantoiomuraglia.it\/fr\/wp-json\/wp\/v2\/product\/48243","targetHints":{"allow":["GET"]}}],"collection":[{"href":"https:\/\/www.frantoiomuraglia.it\/fr\/wp-json\/wp\/v2\/product"}],"about":[{"href":"https:\/\/www.frantoiomuraglia.it\/fr\/wp-json\/wp\/v2\/types\/product"}],"wp:featuredmedia":[{"embeddable":true,"href":"https:\/\/www.frantoiomuraglia.it\/fr\/wp-json\/wp\/v2\/media\/48005"}],"wp:attachment":[{"href":"https:\/\/www.frantoiomuraglia.it\/fr\/wp-json\/wp\/v2\/media?parent=48243"}],"wp:term":[{"taxonomy":"product_brand","embeddable":true,"href":"https:\/\/www.frantoiomuraglia.it\/fr\/wp-json\/wp\/v2\/product_brand?post=48243"},{"taxonomy":"product_cat","embeddable":true,"href":"https:\/\/www.frantoiomuraglia.it\/fr\/wp-json\/wp\/v2\/product_cat?post=48243"},{"taxonomy":"product_tag","embeddable":true,"href":"https:\/\/www.frantoiomuraglia.it\/fr\/wp-json\/wp\/v2\/product_tag?post=48243"}],"curies":[{"name":"wp","href":"https:\/\/api.w.org\/{rel}","templated":true}]}}