{"id":47710,"date":"2026-03-17T07:45:24","date_gmt":"2026-03-17T05:45:24","guid":{"rendered":"https:\/\/www.frantoiomuraglia.it\/product\/huile-grand-cru-igp-macchia-di-rose\/"},"modified":"2026-03-16T13:55:38","modified_gmt":"2026-03-16T11:55:38","slug":"huile-grand-cru-igp-macchia-di-rose","status":"publish","type":"product","link":"https:\/\/www.frantoiomuraglia.it\/fr\/produit\/huile-grand-cru-igp-macchia-di-rose\/","title":{"rendered":"Huile Grand Cru IGP Macchia di Rose"},"content":{"rendered":"<p>Au domaine Macchia di Rose, le terroir s\u2019exprime \u00e0 travers l\u2019altitude et l\u2019exposition : des conditions qui att\u00e9nuent la chaleur et contribuent \u00e0 d\u00e9finir le profil de la Coratina, avec un registre aromatique plus fin et une structure plus tendue.<\/p>\n<p>Notre Grand Cru IGP est issu d\u2019une parcelle sp\u00e9cifique du domaine.<br \/>\nUne production limit\u00e9e et num\u00e9rot\u00e9e de seulement 2 999 bouteilles, n\u00e9es pour ceux qui savent attendre l\u2019excellence. Chaque bouteille est num\u00e9rot\u00e9e. <\/p>\n<p>L\u2019IGP repr\u00e9sente une approche bas\u00e9e sur de longs d\u00e9lais et des choix op\u00e9rationnels rigoureux : travail au champ, r\u00e9colte et broyage g\u00e9r\u00e9s avec attention, sans raccourcis, pour pr\u00e9server l\u2019int\u00e9grit\u00e9 du fruit et la pr\u00e9cision sensorielle. Le r\u00e9sultat est une huile Evo qui refl\u00e8te l\u2019endroit et la m\u00e9thode par laquelle elle a \u00e9t\u00e9 obtenue. <\/p>\n<p>Ouvrir la bo\u00eete de notre Grand Cru IGP signifie entreprendre un voyage au c\u0153ur des Pouilles. Le design recherch\u00e9 et la repr\u00e9sentation cartographique de la particule c\u00e9l\u00e8brent un luxe fait de tra\u00e7abilit\u00e9 absolue et de beaut\u00e9 mat\u00e9rielle. <\/p>\n","protected":false},"excerpt":{"rendered":"<p>Au domaine Macchia di Rose, le terroir s\u2019exprime \u00e0 travers l\u2019altitude et l\u2019exposition : des conditions qui att\u00e9nuent la chaleur et contribuent \u00e0 d\u00e9finir le profil de la Coratina, avec un registre aromatique plus fin et une structure plus tendue. Notre Grand Cru IGP est issu d\u2019une parcelle sp\u00e9cifique du domaine. Une production limit\u00e9e et [&hellip;]<\/p>\n","protected":false},"featured_media":47699,"template":"","meta":{"_acf_changed":false},"product_brand":[],"product_cat":[169,381,201,135],"product_tag":[317,284,195,196,140],"class_list":{"0":"post-47710","1":"product","2":"type-product","3":"status-publish","4":"has-post-thumbnail","6":"product_cat-bouteilles","7":"product_cat-essenza-fr","8":"product_cat-idees-de-cadeaux","9":"product_cat-upsell_shopper-fr","10":"product_tag-essence-fr","11":"product_tag-featured-fr-2","12":"product_tag-ligne-grand-cru","13":"product_tag-tpl_grand_cru-fr","14":"product_tag-upsell_shopper-fr","16":"first","17":"instock","18":"taxable","19":"shipping-taxable","20":"purchasable","21":"product-type-simple"},"acf":[],"_links":{"self":[{"href":"https:\/\/www.frantoiomuraglia.it\/fr\/wp-json\/wp\/v2\/product\/47710","targetHints":{"allow":["GET"]}}],"collection":[{"href":"https:\/\/www.frantoiomuraglia.it\/fr\/wp-json\/wp\/v2\/product"}],"about":[{"href":"https:\/\/www.frantoiomuraglia.it\/fr\/wp-json\/wp\/v2\/types\/product"}],"wp:featuredmedia":[{"embeddable":true,"href":"https:\/\/www.frantoiomuraglia.it\/fr\/wp-json\/wp\/v2\/media\/47699"}],"wp:attachment":[{"href":"https:\/\/www.frantoiomuraglia.it\/fr\/wp-json\/wp\/v2\/media?parent=47710"}],"wp:term":[{"taxonomy":"product_brand","embeddable":true,"href":"https:\/\/www.frantoiomuraglia.it\/fr\/wp-json\/wp\/v2\/product_brand?post=47710"},{"taxonomy":"product_cat","embeddable":true,"href":"https:\/\/www.frantoiomuraglia.it\/fr\/wp-json\/wp\/v2\/product_cat?post=47710"},{"taxonomy":"product_tag","embeddable":true,"href":"https:\/\/www.frantoiomuraglia.it\/fr\/wp-json\/wp\/v2\/product_tag?post=47710"}],"curies":[{"name":"wp","href":"https:\/\/api.w.org\/{rel}","templated":true}]}}