{"id":47277,"date":"2026-03-05T07:30:15","date_gmt":"2026-03-05T05:30:15","guid":{"rendered":"https:\/\/www.frantoiomuraglia.it\/?post_type=product&p=47277"},"modified":"2026-03-30T18:43:30","modified_gmt":"2026-03-30T16:43:30","slug":"coolors-blue","status":"publish","type":"product","link":"https:\/\/www.frantoiomuraglia.it\/fr\/produit\/coolors-blue\/","title":{"rendered":"Coolors Blue"},"content":{"rendered":"<p>Avec la collection COOLors, nous portons la forme iconique des anneaux en c\u00e9ramique sur le verre, donnant naissance \u00e0 une bouteille au caract\u00e8re contemporain et moderne, qui s\u2019allie aux anneaux.<\/p>\n<p>Le bleu intense du <strong>COOLors Blue <\/strong>capture imm\u00e9diatement l\u2019\u0153il et symbolise l\u2019\u00e9l\u00e9gance, la profondeur et l\u2019harmonie. Une bouteille distinctive, id\u00e9ale pour ajouter une touche de design raffin\u00e9 \u00e0 votre maison et \u00e0 votre table. <\/p>\n<p>Disponible dans la variante <strong>Fruttato Intenso<\/strong>, dans les tonalit\u00e9s iconiques du bleu au rouge, jusqu\u2019aux versions plus cr\u00e9atives comme COOLors Campo di Fiori et Il Dono, n\u00e9 de la collaboration avec l\u2019artiste Camilla Falsini.<\/p>\n<p><strong>Exclusif en ligne et \u00e9dition limit\u00e9e.<\/strong><\/p>\n","protected":false},"excerpt":{"rendered":"<p>Avec la collection COOLors, nous portons la forme iconique des anneaux en c\u00e9ramique sur le verre, donnant naissance \u00e0 une bouteille au caract\u00e8re contemporain et moderne, qui s\u2019allie aux anneaux. Le bleu intense du COOLors Blue capture imm\u00e9diatement l\u2019\u0153il et symbolise l\u2019\u00e9l\u00e9gance, la profondeur et l\u2019harmonie. Une bouteille distinctive, id\u00e9ale pour ajouter une touche de [&hellip;]<\/p>\n","protected":false},"featured_media":47228,"template":"","meta":{"_acf_changed":false},"product_brand":[],"product_cat":[378,201,431],"product_tag":[426,300,309,178],"class_list":{"0":"post-47277","1":"product","2":"type-product","3":"status-publish","4":"has-post-thumbnail","6":"product_cat-coolors-fr","7":"product_cat-idees-de-cadeaux","8":"product_cat-journee-speciale","9":"product_tag-coolors-fr","10":"product_tag-gift-ideas-fr-2","11":"product_tag-intense-variant-fr","12":"product_tag-tpl_fruitee_intense","14":"first","15":"instock","16":"taxable","17":"shipping-taxable","18":"purchasable","19":"product-type-simple"},"acf":[],"_links":{"self":[{"href":"https:\/\/www.frantoiomuraglia.it\/fr\/wp-json\/wp\/v2\/product\/47277","targetHints":{"allow":["GET"]}}],"collection":[{"href":"https:\/\/www.frantoiomuraglia.it\/fr\/wp-json\/wp\/v2\/product"}],"about":[{"href":"https:\/\/www.frantoiomuraglia.it\/fr\/wp-json\/wp\/v2\/types\/product"}],"wp:featuredmedia":[{"embeddable":true,"href":"https:\/\/www.frantoiomuraglia.it\/fr\/wp-json\/wp\/v2\/media\/47228"}],"wp:attachment":[{"href":"https:\/\/www.frantoiomuraglia.it\/fr\/wp-json\/wp\/v2\/media?parent=47277"}],"wp:term":[{"taxonomy":"product_brand","embeddable":true,"href":"https:\/\/www.frantoiomuraglia.it\/fr\/wp-json\/wp\/v2\/product_brand?post=47277"},{"taxonomy":"product_cat","embeddable":true,"href":"https:\/\/www.frantoiomuraglia.it\/fr\/wp-json\/wp\/v2\/product_cat?post=47277"},{"taxonomy":"product_tag","embeddable":true,"href":"https:\/\/www.frantoiomuraglia.it\/fr\/wp-json\/wp\/v2\/product_tag?post=47277"}],"curies":[{"name":"wp","href":"https:\/\/api.w.org\/{rel}","templated":true}]}}