{"id":46987,"date":"2026-02-10T13:20:49","date_gmt":"2026-02-10T11:20:49","guid":{"rendered":"https:\/\/www.frantoiomuraglia.it\/?post_type=product&p=46987"},"modified":"2026-02-10T13:32:55","modified_gmt":"2026-02-10T11:32:55","slug":"rose-gold","status":"publish","type":"product","link":"https:\/\/www.frantoiomuraglia.it\/fr\/produit\/rose-gold\/","title":{"rendered":"Ros\u00e8 Gold"},"content":{"rendered":"<p>Avec la collection COOLors, nous portons la forme iconique des anneaux en c\u00e9ramique sur le verre, donnant naissance \u00e0 une bouteille au caract\u00e8re contemporain et moderne, qui s\u2019allie aux anneaux.<\/p>\n<p>Le rose brillant du COOLors Ros\u00e9 Gold s\u00e9duit au premier coup d\u2019\u0153il, en racontant l\u2019\u00e9nergie, la chaleur et l\u2019authenticit\u00e9. Une bouteille embl\u00e9matique qui apporte style et personnalit\u00e9 dans tous les environnements, de la maison \u00e0 la table. <\/p>\n<p>Disponible dans la variante Fruit\u00e9 Intense et Fruit\u00e9 Moyen du rose brillant aux versions les plus cr\u00e9atives, comme le COOLors Campo di Fiori et \u00ab\u00a0Il Dono\u00a0\u00bb en collaboration avec l\u2019artiste Camilla Falsini.<\/p>\n","protected":false},"excerpt":{"rendered":"<p>Avec la collection COOLors, nous portons la forme iconique des anneaux en c\u00e9ramique sur le verre, donnant naissance \u00e0 une bouteille au caract\u00e8re contemporain et moderne, qui s\u2019allie aux anneaux. Le rose brillant du COOLors Ros\u00e9 Gold s\u00e9duit au premier coup d\u2019\u0153il, en racontant l\u2019\u00e9nergie, la chaleur et l\u2019authenticit\u00e9. Une bouteille embl\u00e9matique qui apporte style [&hellip;]<\/p>\n","protected":false},"featured_media":5076,"template":"","meta":{"_acf_changed":false},"product_brand":[],"product_cat":[169,378,201],"product_tag":[426,300,178,171],"class_list":{"0":"post-46987","1":"product","2":"type-product","3":"status-publish","4":"has-post-thumbnail","6":"product_cat-bouteilles","7":"product_cat-coolors-fr","8":"product_cat-idees-de-cadeaux","9":"product_tag-coolors-fr","10":"product_tag-gift-ideas-fr-2","11":"product_tag-tpl_fruitee_intense","12":"product_tag-tpl_fruitee_moyenne","14":"first","15":"instock","16":"taxable","17":"shipping-taxable","18":"purchasable","19":"product-type-variable"},"acf":[],"_links":{"self":[{"href":"https:\/\/www.frantoiomuraglia.it\/fr\/wp-json\/wp\/v2\/product\/46987","targetHints":{"allow":["GET"]}}],"collection":[{"href":"https:\/\/www.frantoiomuraglia.it\/fr\/wp-json\/wp\/v2\/product"}],"about":[{"href":"https:\/\/www.frantoiomuraglia.it\/fr\/wp-json\/wp\/v2\/types\/product"}],"wp:featuredmedia":[{"embeddable":true,"href":"https:\/\/www.frantoiomuraglia.it\/fr\/wp-json\/wp\/v2\/media\/5076"}],"wp:attachment":[{"href":"https:\/\/www.frantoiomuraglia.it\/fr\/wp-json\/wp\/v2\/media?parent=46987"}],"wp:term":[{"taxonomy":"product_brand","embeddable":true,"href":"https:\/\/www.frantoiomuraglia.it\/fr\/wp-json\/wp\/v2\/product_brand?post=46987"},{"taxonomy":"product_cat","embeddable":true,"href":"https:\/\/www.frantoiomuraglia.it\/fr\/wp-json\/wp\/v2\/product_cat?post=46987"},{"taxonomy":"product_tag","embeddable":true,"href":"https:\/\/www.frantoiomuraglia.it\/fr\/wp-json\/wp\/v2\/product_tag?post=46987"}],"curies":[{"name":"wp","href":"https:\/\/api.w.org\/{rel}","templated":true}]}}