{"id":46471,"date":"2026-01-12T13:02:10","date_gmt":"2026-01-12T11:02:10","guid":{"rendered":"https:\/\/www.frantoiomuraglia.it\/?post_type=product&p=46471"},"modified":"2026-01-12T13:19:38","modified_gmt":"2026-01-12T11:19:38","slug":"boite-arc-en-ciel-500ml","status":"publish","type":"product","link":"https:\/\/www.frantoiomuraglia.it\/fr\/produit\/boite-arc-en-ciel-500ml\/","title":{"rendered":"Bo\u00eete Arc-en-ciel 500ml"},"content":{"rendered":"<p>La canette arc-en-ciel a un charme vintage parfait pour vous donner ou vous offrir. \u00c0 l\u2019int\u00e9rieur, toute l\u2019excellence de notre huile d\u2019olive extra vierge fruit\u00e9e intense, faite avec des olives 100% italiennes de la vari\u00e9t\u00e9 Coratina. Une huile qui se distingue par sa saveur forte, parfaite pour mettre en valeur n\u2019importe quel plat.  <\/p>\n<p>L\u2019emballage fait de cette bo\u00eete un format id\u00e9al pour un usage quotidien, parfait aussi pour offrir. Pratique, surprenant, capable de raconter un choix de go\u00fbt et de style. <\/p>\n<p>Tous les conseils d&rsquo;utilisation en \u201cCulture de l\u2019huile\u201d.<\/p>\n","protected":false},"excerpt":{"rendered":"<p>La canette arc-en-ciel a un charme vintage parfait pour vous donner ou vous offrir. \u00c0 l\u2019int\u00e9rieur, toute l\u2019excellence de notre huile d\u2019olive extra vierge fruit\u00e9e intense, faite avec des olives 100% italiennes de la vari\u00e9t\u00e9 Coratina. Une huile qui se distingue par sa saveur forte, parfaite pour mettre en valeur n\u2019importe quel plat. L\u2019emballage fait [&hellip;]<\/p>\n","protected":false},"featured_media":46467,"template":"","meta":{"_acf_changed":false},"product_brand":[],"product_cat":[396,212],"product_tag":[331,300,309,178],"class_list":{"0":"post-46471","1":"product","2":"type-product","3":"status-publish","4":"has-post-thumbnail","6":"product_cat-boite-arc-en-ciel","7":"product_cat-bag-in-box-et-bidons","8":"product_tag-cans-fr","9":"product_tag-gift-ideas-fr-2","10":"product_tag-intense-variant-fr","11":"product_tag-tpl_fruitee_intense","13":"first","14":"instock","15":"taxable","16":"shipping-taxable","17":"purchasable","18":"product-type-simple"},"acf":[],"_links":{"self":[{"href":"https:\/\/www.frantoiomuraglia.it\/fr\/wp-json\/wp\/v2\/product\/46471","targetHints":{"allow":["GET"]}}],"collection":[{"href":"https:\/\/www.frantoiomuraglia.it\/fr\/wp-json\/wp\/v2\/product"}],"about":[{"href":"https:\/\/www.frantoiomuraglia.it\/fr\/wp-json\/wp\/v2\/types\/product"}],"wp:featuredmedia":[{"embeddable":true,"href":"https:\/\/www.frantoiomuraglia.it\/fr\/wp-json\/wp\/v2\/media\/46467"}],"wp:attachment":[{"href":"https:\/\/www.frantoiomuraglia.it\/fr\/wp-json\/wp\/v2\/media?parent=46471"}],"wp:term":[{"taxonomy":"product_brand","embeddable":true,"href":"https:\/\/www.frantoiomuraglia.it\/fr\/wp-json\/wp\/v2\/product_brand?post=46471"},{"taxonomy":"product_cat","embeddable":true,"href":"https:\/\/www.frantoiomuraglia.it\/fr\/wp-json\/wp\/v2\/product_cat?post=46471"},{"taxonomy":"product_tag","embeddable":true,"href":"https:\/\/www.frantoiomuraglia.it\/fr\/wp-json\/wp\/v2\/product_tag?post=46471"}],"curies":[{"name":"wp","href":"https:\/\/api.w.org\/{rel}","templated":true}]}}