{"id":42354,"date":"2025-10-13T17:51:28","date_gmt":"2025-10-13T15:51:28","guid":{"rendered":"https:\/\/www.frantoiomuraglia.it\/?post_type=product&#038;p=42354"},"modified":"2026-03-26T17:30:50","modified_gmt":"2026-03-26T15:30:50","slug":"paquet-cadeau-ceramique-design","status":"publish","type":"product","link":"https:\/\/www.frantoiomuraglia.it\/fr\/produit\/paquet-cadeau-ceramique-design\/","title":{"rendered":"Paquet cadeau C\u00e9ramique Design"},"content":{"rendered":"<p>Un \u00e9l\u00e9gant pack rouge enrichi d\u2019une bande noire qui d\u00e9voile une exp\u00e9rience unique de go\u00fbt et de design.<\/p>\n<p>\u00c0 l\u2019int\u00e9rieur, une s\u00e9lection de nos meilleures ourses, r\u00e9alis\u00e9es \u00e0 la main par des c\u00e9ramistes des Pouilles : la jarre en c\u00e9ramique arc-en-ciel avec huile d\u2019olive extra vierge Fruit\u00e9 Intense et deux des pi\u00e8ces les plus appr\u00e9ci\u00e9es de la collection PopArt : la jarre en c\u00e9ramique Poulpe,, qui conserve l\u2019huile d\u2019olive extra vierge Fruit\u00e9 moyen, et la jarre en c\u00e9ramique Figue de Barbarie, avec l\u2019huile d\u2019olive extra vierge Fruit\u00e9 Intense.<\/p>\n<p>Pour offrir un voyage dans les couleurs, les saveurs et l\u2019art des Pouilles.<\/p>\n","protected":false},"excerpt":{"rendered":"<p>Un \u00e9l\u00e9gant pack rouge enrichi d\u2019une bande noire qui d\u00e9voile une exp\u00e9rience unique de go\u00fbt et de design. \u00c0 l\u2019int\u00e9rieur, une s\u00e9lection de nos meilleures ourses, r\u00e9alis\u00e9es \u00e0 la main par des c\u00e9ramistes des Pouilles : la jarre en c\u00e9ramique arc-en-ciel avec huile d\u2019olive extra vierge Fruit\u00e9 Intense et deux des pi\u00e8ces les plus appr\u00e9ci\u00e9es [&hellip;]<\/p>\n","protected":false},"featured_media":48042,"template":"","meta":{"_acf_changed":false},"product_brand":[],"product_cat":[134,373,201,357],"product_tag":[300,309,285,313,452],"class_list":{"0":"post-42354","1":"product","2":"type-product","3":"status-publish","4":"has-post-thumbnail","6":"product_cat-jarres","7":"product_cat-capsule-collection-fr","8":"product_cat-idees-de-cadeaux","9":"product_cat-pop-art-fr","10":"product_tag-gift-ideas-fr-2","11":"product_tag-intense-variant-fr","12":"product_tag-jars-fr-2","13":"product_tag-medium-variant-fr","14":"product_tag-paquet-cadeau","16":"first","17":"instock","18":"taxable","19":"shipping-taxable","20":"purchasable","21":"product-type-simple"},"acf":[],"_links":{"self":[{"href":"https:\/\/www.frantoiomuraglia.it\/fr\/wp-json\/wp\/v2\/product\/42354","targetHints":{"allow":["GET"]}}],"collection":[{"href":"https:\/\/www.frantoiomuraglia.it\/fr\/wp-json\/wp\/v2\/product"}],"about":[{"href":"https:\/\/www.frantoiomuraglia.it\/fr\/wp-json\/wp\/v2\/types\/product"}],"wp:featuredmedia":[{"embeddable":true,"href":"https:\/\/www.frantoiomuraglia.it\/fr\/wp-json\/wp\/v2\/media\/48042"}],"wp:attachment":[{"href":"https:\/\/www.frantoiomuraglia.it\/fr\/wp-json\/wp\/v2\/media?parent=42354"}],"wp:term":[{"taxonomy":"product_brand","embeddable":true,"href":"https:\/\/www.frantoiomuraglia.it\/fr\/wp-json\/wp\/v2\/product_brand?post=42354"},{"taxonomy":"product_cat","embeddable":true,"href":"https:\/\/www.frantoiomuraglia.it\/fr\/wp-json\/wp\/v2\/product_cat?post=42354"},{"taxonomy":"product_tag","embeddable":true,"href":"https:\/\/www.frantoiomuraglia.it\/fr\/wp-json\/wp\/v2\/product_tag?post=42354"}],"curies":[{"name":"wp","href":"https:\/\/api.w.org\/{rel}","templated":true}]}}