{"id":42344,"date":"2025-10-14T17:20:16","date_gmt":"2025-10-14T15:20:16","guid":{"rendered":"https:\/\/www.frantoiomuraglia.it\/?post_type=product&p=42344"},"modified":"2026-02-28T11:10:31","modified_gmt":"2026-02-28T09:10:31","slug":"paquet-degustation-camilla-falsini","status":"publish","type":"product","link":"https:\/\/www.frantoiomuraglia.it\/fr\/produit\/paquet-degustation-camilla-falsini\/","title":{"rendered":"Paquet d\u00e9gustation Camilla Falsini"},"content":{"rendered":"<p>Un paquet de d\u00e9gustation avec le nouveau design de \u00ab\u00a0Il Dono\u00a0\u00bb r\u00e9alis\u00e9 par Camilla Falsini.<br \/>Un coffret avec ouverture \u00e0 tiroir caract\u00e9ris\u00e9 par une pile de paquets-cadeaux et deux bonhommes qui tendent un n\u0153ud, parfait pour surprendre quiconque le re\u00e7oit.<br \/>Il contient une bouteille de 250 ml de notre huile biologique et deux canettes de 250 ml avec notre huile d\u2019olive extra vierge fruit\u00e9 intense et fruit\u00e9 moyen, et pour enrichir deux tasses en c\u00e9ramique jaune et vert.<br \/>Parce que chaque jour est une occasion de donner.<\/p>\n","protected":false},"excerpt":{"rendered":"<p>Un paquet de d\u00e9gustation avec le nouveau design de \u00ab\u00a0Il Dono\u00a0\u00bb r\u00e9alis\u00e9 par Camilla Falsini.Un coffret avec ouverture \u00e0 tiroir caract\u00e9ris\u00e9 par une pile de paquets-cadeaux et deux bonhommes qui tendent un n\u0153ud, parfait pour surprendre quiconque le re\u00e7oit.Il contient une bouteille de 250 ml de notre huile biologique et deux canettes de 250 ml [&hellip;]<\/p>\n","protected":false},"featured_media":42301,"template":"","meta":{"_acf_changed":false},"product_brand":[],"product_cat":[396,201],"product_tag":[445,331,300,309,313,452,387],"class_list":{"0":"post-42344","1":"product","2":"type-product","3":"status-publish","4":"has-post-thumbnail","6":"product_cat-boite-arc-en-ciel","7":"product_cat-idees-de-cadeaux","8":"product_tag-bottiglie","9":"product_tag-cans-fr","10":"product_tag-gift-ideas-fr-2","11":"product_tag-intense-variant-fr","12":"product_tag-medium-variant-fr","13":"product_tag-paquet-cadeau","14":"product_tag-tipo-biologico-fr","16":"first","17":"instock","18":"taxable","19":"shipping-taxable","20":"purchasable","21":"product-type-simple"},"acf":[],"_links":{"self":[{"href":"https:\/\/www.frantoiomuraglia.it\/fr\/wp-json\/wp\/v2\/product\/42344","targetHints":{"allow":["GET"]}}],"collection":[{"href":"https:\/\/www.frantoiomuraglia.it\/fr\/wp-json\/wp\/v2\/product"}],"about":[{"href":"https:\/\/www.frantoiomuraglia.it\/fr\/wp-json\/wp\/v2\/types\/product"}],"wp:featuredmedia":[{"embeddable":true,"href":"https:\/\/www.frantoiomuraglia.it\/fr\/wp-json\/wp\/v2\/media\/42301"}],"wp:attachment":[{"href":"https:\/\/www.frantoiomuraglia.it\/fr\/wp-json\/wp\/v2\/media?parent=42344"}],"wp:term":[{"taxonomy":"product_brand","embeddable":true,"href":"https:\/\/www.frantoiomuraglia.it\/fr\/wp-json\/wp\/v2\/product_brand?post=42344"},{"taxonomy":"product_cat","embeddable":true,"href":"https:\/\/www.frantoiomuraglia.it\/fr\/wp-json\/wp\/v2\/product_cat?post=42344"},{"taxonomy":"product_tag","embeddable":true,"href":"https:\/\/www.frantoiomuraglia.it\/fr\/wp-json\/wp\/v2\/product_tag?post=42344"}],"curies":[{"name":"wp","href":"https:\/\/api.w.org\/{rel}","templated":true}]}}