{"id":42340,"date":"2025-10-13T17:54:31","date_gmt":"2025-10-13T15:54:31","guid":{"rendered":"https:\/\/www.frantoiomuraglia.it\/product\/paquet-cadeau-arc-en-ciel\/"},"modified":"2025-12-15T15:26:26","modified_gmt":"2025-12-15T13:26:26","slug":"paquet-cadeau-arc-en-ciel","status":"publish","type":"product","link":"https:\/\/www.frantoiomuraglia.it\/fr\/produit\/paquet-cadeau-arc-en-ciel\/","title":{"rendered":"Paquet cadeau Arc-en-ciel"},"content":{"rendered":"<p>Nos produits les plus c\u00e9l\u00e8bres et notre design le plus embl\u00e9matique pour la premi\u00e8re fois r\u00e9unis dans un \u00e9l\u00e9gant coffret noir enrichi d\u2019une bande avec toutes les couleurs de l\u2019Arc-en-ciel.<br \/>D\u00e9couvrez le paquet cadeau Arcobaleno pour c\u00e9l\u00e9brer chaque moment avec l\u2019\u00e9nergie et la joie des couleurs.<br \/>L\u2019emballage contient une canette Arcobaleno de 250ml et notre Pot Arcobaleno fait et peint \u00e0 la main, les gardiens d\u2019huile extra vierge Fruttato Intenso, et un petit bol arc-en-ciel de 12 cm.<\/p>\n","protected":false},"excerpt":{"rendered":"<p>Nos produits les plus c\u00e9l\u00e8bres et notre design le plus embl\u00e9matique pour la premi\u00e8re fois r\u00e9unis dans un \u00e9l\u00e9gant coffret noir enrichi d\u2019une bande avec toutes les couleurs de l\u2019Arc-en-ciel.D\u00e9couvrez le paquet cadeau Arcobaleno pour c\u00e9l\u00e9brer chaque moment avec l\u2019\u00e9nergie et la joie des couleurs.L\u2019emballage contient une canette Arcobaleno de 250ml et notre Pot Arcobaleno [&hellip;]<\/p>\n","protected":false},"featured_media":42316,"template":"","meta":{"_acf_changed":false},"product_brand":[],"product_cat":[134,201],"product_tag":[300,309,452],"class_list":{"0":"post-42340","1":"product","2":"type-product","3":"status-publish","4":"has-post-thumbnail","6":"product_cat-jarres","7":"product_cat-idees-de-cadeaux","8":"product_tag-gift-ideas-fr-2","9":"product_tag-intense-variant-fr","10":"product_tag-paquet-cadeau","12":"first","13":"instock","14":"taxable","15":"shipping-taxable","16":"purchasable","17":"product-type-simple"},"acf":[],"_links":{"self":[{"href":"https:\/\/www.frantoiomuraglia.it\/fr\/wp-json\/wp\/v2\/product\/42340","targetHints":{"allow":["GET"]}}],"collection":[{"href":"https:\/\/www.frantoiomuraglia.it\/fr\/wp-json\/wp\/v2\/product"}],"about":[{"href":"https:\/\/www.frantoiomuraglia.it\/fr\/wp-json\/wp\/v2\/types\/product"}],"wp:featuredmedia":[{"embeddable":true,"href":"https:\/\/www.frantoiomuraglia.it\/fr\/wp-json\/wp\/v2\/media\/42316"}],"wp:attachment":[{"href":"https:\/\/www.frantoiomuraglia.it\/fr\/wp-json\/wp\/v2\/media?parent=42340"}],"wp:term":[{"taxonomy":"product_brand","embeddable":true,"href":"https:\/\/www.frantoiomuraglia.it\/fr\/wp-json\/wp\/v2\/product_brand?post=42340"},{"taxonomy":"product_cat","embeddable":true,"href":"https:\/\/www.frantoiomuraglia.it\/fr\/wp-json\/wp\/v2\/product_cat?post=42340"},{"taxonomy":"product_tag","embeddable":true,"href":"https:\/\/www.frantoiomuraglia.it\/fr\/wp-json\/wp\/v2\/product_tag?post=42340"}],"curies":[{"name":"wp","href":"https:\/\/api.w.org\/{rel}","templated":true}]}}