{"id":41921,"date":"2025-09-30T17:11:20","date_gmt":"2025-09-30T15:11:20","guid":{"rendered":"https:\/\/www.frantoiomuraglia.it\/?post_type=product&#038;p=41921"},"modified":"2026-03-15T11:42:40","modified_gmt":"2026-03-15T09:42:40","slug":"coolors-le-cadeau-camilla-falsini","status":"publish","type":"product","link":"https:\/\/www.frantoiomuraglia.it\/fr\/produit\/coolors-le-cadeau-camilla-falsini\/","title":{"rendered":"Coolors \u00ab\u00a0Le cadeau\u00a0\u00bb &#8211; Camilla Falsini"},"content":{"rendered":"<p>Notre Coolors \u00ab\u00a0Le Cadeau\u00a0\u00bb est la cr\u00e9ation sign\u00e9e par l\u2019artiste Camilla Falsini qui fusionne design et go\u00fbt, gardien de notre Fruit\u00e9e Intense, con\u00e7u pour \u00eatre partag\u00e9 avec ceux que vous aimez, tous les jours.<\/p>\n<p>Parce que chaque cadeau est toujours une voie \u00e0 double sens, dans laquelle m\u00eame celui qui donne re\u00e7oit quelque chose: l\u2019expression heureuse sur le visage des autres.<\/p>\n<p>Toutes les suggestions d\u2019utilisation dans la section \u00ab\u00a0Culture de l\u2019huile\u00a0\u00bb.<\/p>\n","protected":false},"excerpt":{"rendered":"<p>Notre Coolors \u00ab\u00a0Le Cadeau\u00a0\u00bb est la cr\u00e9ation sign\u00e9e par l\u2019artiste Camilla Falsini qui fusionne design et go\u00fbt, gardien de notre Fruit\u00e9e Intense, con\u00e7u pour \u00eatre partag\u00e9 avec ceux que vous aimez, tous les jours. Parce que chaque cadeau est toujours une voie \u00e0 double sens, dans laquelle m\u00eame celui qui donne re\u00e7oit quelque chose: l\u2019expression [&hellip;]<\/p>\n","protected":false},"featured_media":42010,"template":"","meta":{"_acf_changed":false},"product_brand":[],"product_cat":[169,378,201],"product_tag":[445,426,300,309],"class_list":{"0":"post-41921","1":"product","2":"type-product","3":"status-publish","4":"has-post-thumbnail","6":"product_cat-bouteilles","7":"product_cat-coolors-fr","8":"product_cat-idees-de-cadeaux","9":"product_tag-bottiglie","10":"product_tag-coolors-fr","11":"product_tag-gift-ideas-fr-2","12":"product_tag-intense-variant-fr","14":"first","15":"instock","16":"taxable","17":"shipping-taxable","18":"purchasable","19":"product-type-simple"},"acf":[],"_links":{"self":[{"href":"https:\/\/www.frantoiomuraglia.it\/fr\/wp-json\/wp\/v2\/product\/41921","targetHints":{"allow":["GET"]}}],"collection":[{"href":"https:\/\/www.frantoiomuraglia.it\/fr\/wp-json\/wp\/v2\/product"}],"about":[{"href":"https:\/\/www.frantoiomuraglia.it\/fr\/wp-json\/wp\/v2\/types\/product"}],"wp:featuredmedia":[{"embeddable":true,"href":"https:\/\/www.frantoiomuraglia.it\/fr\/wp-json\/wp\/v2\/media\/42010"}],"wp:attachment":[{"href":"https:\/\/www.frantoiomuraglia.it\/fr\/wp-json\/wp\/v2\/media?parent=41921"}],"wp:term":[{"taxonomy":"product_brand","embeddable":true,"href":"https:\/\/www.frantoiomuraglia.it\/fr\/wp-json\/wp\/v2\/product_brand?post=41921"},{"taxonomy":"product_cat","embeddable":true,"href":"https:\/\/www.frantoiomuraglia.it\/fr\/wp-json\/wp\/v2\/product_cat?post=41921"},{"taxonomy":"product_tag","embeddable":true,"href":"https:\/\/www.frantoiomuraglia.it\/fr\/wp-json\/wp\/v2\/product_tag?post=41921"}],"curies":[{"name":"wp","href":"https:\/\/api.w.org\/{rel}","templated":true}]}}