{"id":40316,"date":"2025-07-18T12:59:06","date_gmt":"2025-07-18T10:59:06","guid":{"rendered":"https:\/\/www.frantoiomuraglia.it\/?post_type=product&#038;p=40316"},"modified":"2025-12-13T12:41:28","modified_gmt":"2025-12-13T10:41:28","slug":"coffret-aromatiques-par-francesco-apreda","status":"publish","type":"product","link":"https:\/\/www.frantoiomuraglia.it\/fr\/produit\/coffret-aromatiques-par-francesco-apreda\/","title":{"rendered":"Coffret Aromatiques par Francesco Apreda"},"content":{"rendered":"<p>Le coffret Aromatiques by Apreda contient deux huiles qui marquent une innovation dans le monde des aromatiques. R\u00e9alis\u00e9s en collaboration avec Francesco Apreda, chef du restaurant Idylio by Apreda, \u00e9toil\u00e9 au guide Michelin \u00e0 l\u2019int\u00e9rieur de The Pantheon Iconic Hotel \u00e0 Rome, ils offrent une exp\u00e9rience gustative nouvelle et surprenante. <\/p>\n<p>Red Pikkante est une huile au profil intense et vibrant, enrichie en piment, graines de coriandre, macis, paprika et poivre.<\/p>\n<p>Gold India est un m\u00e9lange dor\u00e9 de curcuma, cumin, cardamome, galanga et cannelle.<\/p>\n<p>Le coffret contient 2 bouteilles de 100 ml.<\/p>\n","protected":false},"excerpt":{"rendered":"<p>Le coffret Aromatiques by Apreda contient deux huiles qui marquent une innovation dans le monde des aromatiques. R\u00e9alis\u00e9s en collaboration avec Francesco Apreda, chef du restaurant Idylio by Apreda, \u00e9toil\u00e9 au guide Michelin \u00e0 l\u2019int\u00e9rieur de The Pantheon Iconic Hotel \u00e0 Rome, ils offrent une exp\u00e9rience gustative nouvelle et surprenante. Red Pikkante est une huile [&hellip;]<\/p>\n","protected":false},"featured_media":40408,"template":"","meta":{"_acf_changed":false},"product_brand":[],"product_cat":[224],"product_tag":[320],"class_list":{"0":"post-40316","1":"product","2":"type-product","3":"status-publish","4":"has-post-thumbnail","6":"product_cat-aromatisee","7":"product_tag-aromatic-fr","9":"first","10":"instock","11":"taxable","12":"shipping-taxable","13":"purchasable","14":"product-type-simple"},"acf":[],"_links":{"self":[{"href":"https:\/\/www.frantoiomuraglia.it\/fr\/wp-json\/wp\/v2\/product\/40316","targetHints":{"allow":["GET"]}}],"collection":[{"href":"https:\/\/www.frantoiomuraglia.it\/fr\/wp-json\/wp\/v2\/product"}],"about":[{"href":"https:\/\/www.frantoiomuraglia.it\/fr\/wp-json\/wp\/v2\/types\/product"}],"wp:featuredmedia":[{"embeddable":true,"href":"https:\/\/www.frantoiomuraglia.it\/fr\/wp-json\/wp\/v2\/media\/40408"}],"wp:attachment":[{"href":"https:\/\/www.frantoiomuraglia.it\/fr\/wp-json\/wp\/v2\/media?parent=40316"}],"wp:term":[{"taxonomy":"product_brand","embeddable":true,"href":"https:\/\/www.frantoiomuraglia.it\/fr\/wp-json\/wp\/v2\/product_brand?post=40316"},{"taxonomy":"product_cat","embeddable":true,"href":"https:\/\/www.frantoiomuraglia.it\/fr\/wp-json\/wp\/v2\/product_cat?post=40316"},{"taxonomy":"product_tag","embeddable":true,"href":"https:\/\/www.frantoiomuraglia.it\/fr\/wp-json\/wp\/v2\/product_tag?post=40316"}],"curies":[{"name":"wp","href":"https:\/\/api.w.org\/{rel}","templated":true}]}}