{"id":36971,"date":"2025-01-17T13:17:56","date_gmt":"2025-01-17T11:17:56","guid":{"rendered":"https:\/\/www.frantoiomuraglia.it\/product\/orcio-le-baiser-camilla-falsini\/"},"modified":"2025-10-15T18:07:26","modified_gmt":"2025-10-15T16:07:26","slug":"orcio-le-baiser-camilla-falsini","status":"publish","type":"product","link":"https:\/\/www.frantoiomuraglia.it\/fr\/produit\/orcio-le-baiser-camilla-falsini\/","title":{"rendered":"Orcio Le Baiser &#8211; Camilla Falsini"},"content":{"rendered":"<p>Le Baiser parle et en parlant il peut tout dire. Le Baiser est notre hommage \u00e0 la rencontre, \u00e0 l&rsquo;union entre deux mondes, entre des diversit\u00e9s qui se fondent en une seule entit. <\/p>\n<p>Une \u0153uvre qui c\u00e9l\u00e8bre la simplicit\u00e9 et la beaut\u00e9 d&rsquo;\u00eatre ensemble, sans fronti\u00e8res, sans \u00e9tiquettes.<\/p>\n<p>Sign\u00e9 par Camilla Falsini, artiste et illustratrice de renomm\u00e9e internationale, il incarne notre huile d&rsquo;olive extra vierge et \u00ab le bon dans le beau \u00bb. Des formes stylis\u00e9es, des couleurs vibrantes et un message universel r\u00e9sument notre id\u00e9e du sentiment : authentique, inclusif, sans limites. <\/p>\n<p>Un hommage \u00e0 la rencontre de deux personnes, de deux diversit\u00e9s. Deux mondes qui se rejoignent dans une \u00e9treinte et un baiser \u00ab \u00e0 l&rsquo;envers \u00bb qui r\u00e9sume la simplicit\u00e9 de l&rsquo;amour. <\/p>\n<p>La jarre contient l&rsquo;huile d&rsquo;olive EVO Fruit\u00e9e Intense et il est accompagn\u00e9 de son \u00e9l\u00e9gant emballage.<\/p>\n<p>Tous les conseils d&rsquo;utilisation en \u00ab\u00a0Culture de l\u2019huile\u00a0\u00bb.<\/p>\n","protected":false},"excerpt":{"rendered":"<p>Le Baiser parle et en parlant il peut tout dire. Le Baiser est notre hommage \u00e0 la rencontre, \u00e0 l&rsquo;union entre deux mondes, entre des diversit\u00e9s qui se fondent en une seule entit. <\/p>\n<p>Une \u0153uvre qui c\u00e9l\u00e8bre la simplicit\u00e9 et la beaut\u00e9 d&rsquo;\u00eatre ensemble, sans fronti\u00e8res, sans \u00e9tiquettes.<\/p>\n<p>Sign\u00e9 par Camilla Falsini, artiste et illustratrice de renomm\u00e9e internationale, il incarne notre huile d&rsquo;olive extra vierge et \u00ab le bon dans le beau \u00bb. Des formes stylis\u00e9es, des couleurs vibrantes et un message universel r\u00e9sument notre id\u00e9e du sentiment : authentique, inclusif, sans limites. <\/p>\n<p>Disponible avec Intense Fruity Oil.<\/p>\n","protected":false},"featured_media":36930,"template":"","meta":{"_acf_changed":false},"product_brand":[],"product_cat":[134,373],"product_tag":[279],"class_list":{"0":"post-36971","1":"product","2":"type-product","3":"status-publish","4":"has-post-thumbnail","6":"product_cat-jarres","7":"product_cat-capsule-collection-fr","8":"product_tag-capsule-fr","10":"first","11":"instock","12":"taxable","13":"shipping-taxable","14":"purchasable","15":"product-type-simple"},"acf":[],"_links":{"self":[{"href":"https:\/\/www.frantoiomuraglia.it\/fr\/wp-json\/wp\/v2\/product\/36971","targetHints":{"allow":["GET"]}}],"collection":[{"href":"https:\/\/www.frantoiomuraglia.it\/fr\/wp-json\/wp\/v2\/product"}],"about":[{"href":"https:\/\/www.frantoiomuraglia.it\/fr\/wp-json\/wp\/v2\/types\/product"}],"wp:featuredmedia":[{"embeddable":true,"href":"https:\/\/www.frantoiomuraglia.it\/fr\/wp-json\/wp\/v2\/media\/36930"}],"wp:attachment":[{"href":"https:\/\/www.frantoiomuraglia.it\/fr\/wp-json\/wp\/v2\/media?parent=36971"}],"wp:term":[{"taxonomy":"product_brand","embeddable":true,"href":"https:\/\/www.frantoiomuraglia.it\/fr\/wp-json\/wp\/v2\/product_brand?post=36971"},{"taxonomy":"product_cat","embeddable":true,"href":"https:\/\/www.frantoiomuraglia.it\/fr\/wp-json\/wp\/v2\/product_cat?post=36971"},{"taxonomy":"product_tag","embeddable":true,"href":"https:\/\/www.frantoiomuraglia.it\/fr\/wp-json\/wp\/v2\/product_tag?post=36971"}],"curies":[{"name":"wp","href":"https:\/\/api.w.org\/{rel}","templated":true}]}}