{"id":34343,"date":"2024-11-06T18:24:35","date_gmt":"2024-11-06T16:24:35","guid":{"rendered":"https:\/\/www.frantoiomuraglia.it\/product\/jarre-pois-edition-limitee-2\/"},"modified":"2026-02-06T00:45:33","modified_gmt":"2026-02-05T22:45:33","slug":"jarre-pois-edition-limitee-2","status":"publish","type":"product","link":"https:\/\/www.frantoiomuraglia.it\/fr\/produit\/jarre-pois-edition-limitee-2\/","title":{"rendered":"Orcio Pois Gold-\u00e9dition limit\u00e9e noir"},"content":{"rendered":"<p>L&rsquo;\u00e9l\u00e9gance et le raffinement trouvent leur plus haute expression dans le nouvel Orcio Pois Gold.<\/p>\n<p>Symbole d&rsquo;une esth\u00e9tique qui allie tradition et modernit\u00e9, une r\u00e9interpr\u00e9tation de la c\u00e9ramique des Pouilles qui devient un design pur et un objet de d\u00e9sir.<\/p>\n<p>Disponible en format 500ml avec l&rsquo;huile Intense Fruity.<\/p>\n<p>Une exclusivit\u00e9 en ligne et une \u00e9dition limit\u00e9e.<\/p>\n","protected":false},"excerpt":{"rendered":"<p>L&rsquo;\u00e9l\u00e9gance et le raffinement trouvent leur plus haute expression dans le nouvel Jarre Pois Gold.<\/p>\n<p>Disponibles en rouge, blanc et noir, elles deviennent le symbole d&rsquo;une esth\u00e9tique qui allie tradition et modernit\u00e9, une r\u00e9interpr\u00e9tation de la c\u00e9ramique des Pouilles qui devient un pur design et un objet de d\u00e9sir.<\/p>\n<p>Disponible en format 500ml avec l&rsquo;huile Intense Fruity.<\/p>\n<p>Une exclusivit\u00e9 en ligne et une \u00e9dition limit\u00e9e.<\/p>\n","protected":false},"featured_media":34246,"template":"","meta":{"_acf_changed":false},"product_brand":[],"product_cat":[134,417,155,135],"product_tag":[300,285,248,370],"class_list":{"0":"post-34343","1":"product","2":"type-product","3":"status-publish","4":"has-post-thumbnail","6":"product_cat-jarres","7":"product_cat-black-friday-fr","8":"product_cat-upsell_astuccio_orcio-fr","9":"product_cat-upsell_shopper-fr","10":"product_tag-gift-ideas-fr-2","11":"product_tag-jars-fr-2","12":"product_tag-shopper-fr","13":"product_tag-tpl_jars-fr","15":"first","16":"instock","17":"taxable","18":"shipping-taxable","19":"purchasable","20":"product-type-simple"},"acf":[],"_links":{"self":[{"href":"https:\/\/www.frantoiomuraglia.it\/fr\/wp-json\/wp\/v2\/product\/34343","targetHints":{"allow":["GET"]}}],"collection":[{"href":"https:\/\/www.frantoiomuraglia.it\/fr\/wp-json\/wp\/v2\/product"}],"about":[{"href":"https:\/\/www.frantoiomuraglia.it\/fr\/wp-json\/wp\/v2\/types\/product"}],"wp:featuredmedia":[{"embeddable":true,"href":"https:\/\/www.frantoiomuraglia.it\/fr\/wp-json\/wp\/v2\/media\/34246"}],"wp:attachment":[{"href":"https:\/\/www.frantoiomuraglia.it\/fr\/wp-json\/wp\/v2\/media?parent=34343"}],"wp:term":[{"taxonomy":"product_brand","embeddable":true,"href":"https:\/\/www.frantoiomuraglia.it\/fr\/wp-json\/wp\/v2\/product_brand?post=34343"},{"taxonomy":"product_cat","embeddable":true,"href":"https:\/\/www.frantoiomuraglia.it\/fr\/wp-json\/wp\/v2\/product_cat?post=34343"},{"taxonomy":"product_tag","embeddable":true,"href":"https:\/\/www.frantoiomuraglia.it\/fr\/wp-json\/wp\/v2\/product_tag?post=34343"}],"curies":[{"name":"wp","href":"https:\/\/api.w.org\/{rel}","templated":true}]}}