{"id":32004,"date":"2024-06-19T10:28:57","date_gmt":"2024-06-19T08:28:57","guid":{"rendered":"https:\/\/www.frantoiomuraglia.it\/?post_type=product&#038;p=32004"},"modified":"2025-06-30T13:11:35","modified_gmt":"2025-06-30T11:11:35","slug":"jarre-en-ceramique-fruits-mediterraneens","status":"publish","type":"product","link":"https:\/\/www.frantoiomuraglia.it\/fr\/produit\/jarre-en-ceramique-fruits-mediterraneens\/","title":{"rendered":"Jarre en c\u00e9ramique fruits m\u00e9diterran\u00e9ens"},"content":{"rendered":"<p>Le pot en c\u00e9ramique Fruits de la M\u00e9diterran\u00e9e se caract\u00e9rise par des tons clairs, des motifs fruit\u00e9s et des parfums lib\u00e9r\u00e9s qui racontent une histoire de soleil, de mer, de terre et d&rsquo;une vie v\u00e9cue en harmonie avec l&rsquo;environnement. Notre essence.<\/p>\n<p>La m\u00eame collection comprend \u00e9galement deux bo\u00eetes de 500 ml &#8211; la bo\u00eete verte, gardienne de l&rsquo;huile Intense Fruity, et la bo\u00eete bleu clair de l&rsquo;huile Medium Fruity &#8211; qui, pour la premi\u00e8re fois, sont habill\u00e9es des m\u00eames couleurs, repr\u00e9sentant l&rsquo;union entre l&rsquo;artisanat traditionnel et l&rsquo;innovation en mati\u00e8re de design contemporain qui a toujours \u00e9t\u00e9 au c\u0153ur de nos pr\u00e9occupations.<\/p>\n<p>Tous les conseils d&rsquo;utilisation en \u00ab\u00a0Culture de l\u2019huile\u00a0\u00bb.<\/p>\n","protected":false},"excerpt":{"rendered":"<p>JARRE EN C\u00c9RAMIQUE FRUITS M\u00c9DITERRAN\u00c9ENS 500ML<\/p>\n","protected":false},"featured_media":33508,"template":"","meta":{"_acf_changed":false},"product_brand":[],"product_cat":[134,155,135],"product_tag":[317,300,309,285],"class_list":{"0":"post-32004","1":"product","2":"type-product","3":"status-publish","4":"has-post-thumbnail","6":"product_cat-jarres","7":"product_cat-upsell_astuccio_orcio-fr","8":"product_cat-upsell_shopper-fr","9":"product_tag-essence-fr","10":"product_tag-gift-ideas-fr-2","11":"product_tag-intense-variant-fr","12":"product_tag-jars-fr-2","14":"first","15":"instock","16":"taxable","17":"shipping-taxable","18":"purchasable","19":"product-type-simple"},"acf":[],"_links":{"self":[{"href":"https:\/\/www.frantoiomuraglia.it\/fr\/wp-json\/wp\/v2\/product\/32004","targetHints":{"allow":["GET"]}}],"collection":[{"href":"https:\/\/www.frantoiomuraglia.it\/fr\/wp-json\/wp\/v2\/product"}],"about":[{"href":"https:\/\/www.frantoiomuraglia.it\/fr\/wp-json\/wp\/v2\/types\/product"}],"wp:featuredmedia":[{"embeddable":true,"href":"https:\/\/www.frantoiomuraglia.it\/fr\/wp-json\/wp\/v2\/media\/33508"}],"wp:attachment":[{"href":"https:\/\/www.frantoiomuraglia.it\/fr\/wp-json\/wp\/v2\/media?parent=32004"}],"wp:term":[{"taxonomy":"product_brand","embeddable":true,"href":"https:\/\/www.frantoiomuraglia.it\/fr\/wp-json\/wp\/v2\/product_brand?post=32004"},{"taxonomy":"product_cat","embeddable":true,"href":"https:\/\/www.frantoiomuraglia.it\/fr\/wp-json\/wp\/v2\/product_cat?post=32004"},{"taxonomy":"product_tag","embeddable":true,"href":"https:\/\/www.frantoiomuraglia.it\/fr\/wp-json\/wp\/v2\/product_tag?post=32004"}],"curies":[{"name":"wp","href":"https:\/\/api.w.org\/{rel}","templated":true}]}}