{"id":32000,"date":"2024-06-19T16:43:38","date_gmt":"2024-06-19T14:43:38","guid":{"rendered":"https:\/\/www.frantoiomuraglia.it\/?post_type=product&#038;p=32000"},"modified":"2025-10-15T10:28:39","modified_gmt":"2025-10-15T08:28:39","slug":"canettes-fruits-de-la-mediterranee-500ml-verte","status":"publish","type":"product","link":"https:\/\/www.frantoiomuraglia.it\/fr\/produit\/canettes-fruits-de-la-mediterranee-500ml-verte\/","title":{"rendered":"Canettes fruits de la M\u00e9diterran\u00e9e 500ml verte"},"content":{"rendered":"<p>Une bo\u00eete contenant 500 ml d&rsquo;huile Fruit\u00e9e Intense, habill\u00e9e de tons vifs, de motifs fruit\u00e9s et de parfums lib\u00e9r\u00e9s qui racontent une histoire de soleil, de mer, de terre et d&rsquo;une vie v\u00e9cue en harmonie avec l&rsquo;environnement. Notre essence.<\/p>\n<p>La m\u00eame collection comprend \u00e9galement un pot mat et une bo\u00eete de 500 ml &#8211; le bleu, gardien de l&rsquo;huile Fruit\u00e9e Moyenne &#8211; qui, pour la premi\u00e8re fois, sont habill\u00e9s des m\u00eames couleurs, repr\u00e9sentant l&rsquo;union de l&rsquo;artisanat traditionnel et de l&rsquo;innovation en mati\u00e8re de design contemporain qui a toujours \u00e9t\u00e9 au c\u0153ur de nos pr\u00e9occupations.<\/p>\n<p>Tous les conseils d&rsquo;utilisation en \u00ab\u00a0Culture de l\u2019huile\u00a0\u00bb.<\/p>\n","protected":false},"excerpt":{"rendered":"<p>CANETTES FRUITS M\u00c9DITERRAN\u00c9ENS 500ML VERTE<\/p>\n","protected":false},"featured_media":39938,"template":"","meta":{"_acf_changed":false},"product_brand":[],"product_cat":[396],"product_tag":[317,309,178],"class_list":{"0":"post-32000","1":"product","2":"type-product","3":"status-publish","4":"has-post-thumbnail","6":"product_cat-boite-arc-en-ciel","7":"product_tag-essence-fr","8":"product_tag-intense-variant-fr","9":"product_tag-tpl_fruitee_intense","11":"first","12":"instock","13":"taxable","14":"shipping-taxable","15":"purchasable","16":"product-type-simple"},"acf":[],"_links":{"self":[{"href":"https:\/\/www.frantoiomuraglia.it\/fr\/wp-json\/wp\/v2\/product\/32000","targetHints":{"allow":["GET"]}}],"collection":[{"href":"https:\/\/www.frantoiomuraglia.it\/fr\/wp-json\/wp\/v2\/product"}],"about":[{"href":"https:\/\/www.frantoiomuraglia.it\/fr\/wp-json\/wp\/v2\/types\/product"}],"wp:featuredmedia":[{"embeddable":true,"href":"https:\/\/www.frantoiomuraglia.it\/fr\/wp-json\/wp\/v2\/media\/39938"}],"wp:attachment":[{"href":"https:\/\/www.frantoiomuraglia.it\/fr\/wp-json\/wp\/v2\/media?parent=32000"}],"wp:term":[{"taxonomy":"product_brand","embeddable":true,"href":"https:\/\/www.frantoiomuraglia.it\/fr\/wp-json\/wp\/v2\/product_brand?post=32000"},{"taxonomy":"product_cat","embeddable":true,"href":"https:\/\/www.frantoiomuraglia.it\/fr\/wp-json\/wp\/v2\/product_cat?post=32000"},{"taxonomy":"product_tag","embeddable":true,"href":"https:\/\/www.frantoiomuraglia.it\/fr\/wp-json\/wp\/v2\/product_tag?post=32000"}],"curies":[{"name":"wp","href":"https:\/\/api.w.org\/{rel}","templated":true}]}}