{"id":29505,"date":"2024-01-18T11:31:47","date_gmt":"2024-01-18T09:31:47","guid":{"rendered":"https:\/\/www.frantoiomuraglia.it\/?post_type=product&#038;p=29505"},"modified":"2025-10-16T17:36:49","modified_gmt":"2025-10-16T15:36:49","slug":"floral-coolors","status":"publish","type":"product","link":"https:\/\/www.frantoiomuraglia.it\/fr\/produit\/floral-coolors\/","title":{"rendered":"fleurs de coolors"},"content":{"rendered":"<p>Le nouveau Coolors Champ de fleurs en verre est un cadeau qui c\u00e9l\u00e8bre l&rsquo;harmonie parfaite entre le c\u0153ur et le go\u00fbt, un geste d&rsquo;affection qui se traduit par une v\u00e9ritable exp\u00e9rience sensorielle. Des roses rouges, des fleurs bleues et des tiges s&rsquo;entrelacent avec des traits spontan\u00e9s, comme un dessin fait \u00e0 la main sur une toile blanche, couleur de la puret\u00e9. <\/p>\n<p>Parfait pour offrir les saveurs uniques de notre huile d&rsquo;olive extra vierge Intense Fruit\u00e9e.<\/p>\n<p>Tous les conseils d\u2019utilisation en \u00ab\u00a0Culture de l\u2019huile\u00a0\u00bb.<\/p>\n","protected":false},"excerpt":{"rendered":"<p>CHAMP DE FLEURS COOLORS<\/p>\n","protected":false},"featured_media":38025,"template":"","meta":{"_acf_changed":false},"product_brand":[],"product_cat":[378,417,364,135],"product_tag":[426,300,309,285,370,140],"class_list":{"0":"post-29505","1":"product","2":"type-product","3":"status-publish","4":"has-post-thumbnail","6":"product_cat-coolors-fr","7":"product_cat-black-friday-fr","8":"product_cat-love-fr","9":"product_cat-upsell_shopper-fr","10":"product_tag-coolors-fr","11":"product_tag-gift-ideas-fr-2","12":"product_tag-intense-variant-fr","13":"product_tag-jars-fr-2","14":"product_tag-tpl_jars-fr","15":"product_tag-upsell_shopper-fr","17":"first","18":"instock","19":"taxable","20":"shipping-taxable","21":"purchasable","22":"product-type-simple"},"acf":[],"_links":{"self":[{"href":"https:\/\/www.frantoiomuraglia.it\/fr\/wp-json\/wp\/v2\/product\/29505","targetHints":{"allow":["GET"]}}],"collection":[{"href":"https:\/\/www.frantoiomuraglia.it\/fr\/wp-json\/wp\/v2\/product"}],"about":[{"href":"https:\/\/www.frantoiomuraglia.it\/fr\/wp-json\/wp\/v2\/types\/product"}],"wp:featuredmedia":[{"embeddable":true,"href":"https:\/\/www.frantoiomuraglia.it\/fr\/wp-json\/wp\/v2\/media\/38025"}],"wp:attachment":[{"href":"https:\/\/www.frantoiomuraglia.it\/fr\/wp-json\/wp\/v2\/media?parent=29505"}],"wp:term":[{"taxonomy":"product_brand","embeddable":true,"href":"https:\/\/www.frantoiomuraglia.it\/fr\/wp-json\/wp\/v2\/product_brand?post=29505"},{"taxonomy":"product_cat","embeddable":true,"href":"https:\/\/www.frantoiomuraglia.it\/fr\/wp-json\/wp\/v2\/product_cat?post=29505"},{"taxonomy":"product_tag","embeddable":true,"href":"https:\/\/www.frantoiomuraglia.it\/fr\/wp-json\/wp\/v2\/product_tag?post=29505"}],"curies":[{"name":"wp","href":"https:\/\/api.w.org\/{rel}","templated":true}]}}