{"id":26276,"date":"2023-08-08T11:16:04","date_gmt":"2023-08-08T09:16:04","guid":{"rendered":"https:\/\/www.frantoiomuraglia.it\/?post_type=product&#038;p=26276"},"modified":"2025-11-18T11:26:43","modified_gmt":"2025-11-18T09:26:43","slug":"lattina-pois-da-250-ml","status":"publish","type":"product","link":"https:\/\/www.frantoiomuraglia.it\/fr\/produit\/lattina-pois-da-250-ml\/","title":{"rendered":"Pois Bo\u00eete 250 ml"},"content":{"rendered":"<p>La bo\u00eete figues de barbarie a un charme vintage parfait pour vous-m\u00eame ou pour un cadeau. \u00c0 l&rsquo;int\u00e9rieur se trouve toute l\u2019excellence de l\u2019huile d\u2019olive extra vierge Frantoio Muraglia. Fabriqu\u00e9e \u00e0 partir d\u2019olives 100% italiennes Coratina, cette huile se distingue par sa saveur intense et fruit\u00e9e, parfaite pour exalter tous les plats.  <\/p>\n<p>L\u2019emballage fait de cette bo\u00eete non seulement un r\u00e9cipient pratique, mais aussi un objet au design id\u00e9al pour votre cuisine ou un cadeau de bon go\u00fbt.<\/p>\n<p>Disponible en Fruit\u00e9e Intense.<\/p>\n<p>Tous les conseils d&rsquo;utilisation en \u201cCulture de l\u2019huile\u201d.<\/p>\n","protected":false},"excerpt":{"rendered":"<p>TIN 250ML POIS<\/p>\n","protected":false},"featured_media":39930,"template":"","meta":{"_acf_changed":false},"product_brand":[],"product_cat":[396,135],"product_tag":[331,284,309,214,140],"class_list":{"0":"post-26276","1":"product","2":"type-product","3":"status-publish","4":"has-post-thumbnail","6":"product_cat-boite-arc-en-ciel","7":"product_cat-upsell_shopper-fr","8":"product_tag-cans-fr","9":"product_tag-featured-fr-2","10":"product_tag-intense-variant-fr","11":"product_tag-tpl_no_category-fr","12":"product_tag-upsell_shopper-fr","14":"first","15":"instock","16":"taxable","17":"shipping-taxable","18":"purchasable","19":"product-type-simple"},"acf":[],"_links":{"self":[{"href":"https:\/\/www.frantoiomuraglia.it\/fr\/wp-json\/wp\/v2\/product\/26276","targetHints":{"allow":["GET"]}}],"collection":[{"href":"https:\/\/www.frantoiomuraglia.it\/fr\/wp-json\/wp\/v2\/product"}],"about":[{"href":"https:\/\/www.frantoiomuraglia.it\/fr\/wp-json\/wp\/v2\/types\/product"}],"wp:featuredmedia":[{"embeddable":true,"href":"https:\/\/www.frantoiomuraglia.it\/fr\/wp-json\/wp\/v2\/media\/39930"}],"wp:attachment":[{"href":"https:\/\/www.frantoiomuraglia.it\/fr\/wp-json\/wp\/v2\/media?parent=26276"}],"wp:term":[{"taxonomy":"product_brand","embeddable":true,"href":"https:\/\/www.frantoiomuraglia.it\/fr\/wp-json\/wp\/v2\/product_brand?post=26276"},{"taxonomy":"product_cat","embeddable":true,"href":"https:\/\/www.frantoiomuraglia.it\/fr\/wp-json\/wp\/v2\/product_cat?post=26276"},{"taxonomy":"product_tag","embeddable":true,"href":"https:\/\/www.frantoiomuraglia.it\/fr\/wp-json\/wp\/v2\/product_tag?post=26276"}],"curies":[{"name":"wp","href":"https:\/\/api.w.org\/{rel}","templated":true}]}}