{"id":18038,"date":"2023-06-16T17:41:03","date_gmt":"2023-06-16T15:41:03","guid":{"rendered":"https:\/\/www.frantoiomuraglia.it\/?post_type=product&#038;p=18038"},"modified":"2025-06-30T12:44:54","modified_gmt":"2025-06-30T10:44:54","slug":"orcio-in-ceramica-arcobaleno-limited-edition","status":"publish","type":"product","link":"https:\/\/www.frantoiomuraglia.it\/fr\/produit\/orcio-in-ceramica-arcobaleno-limited-edition\/","title":{"rendered":"Jarre \u00ab Special Pack \u00bb en c\u00e9ramique arc-en-ciel"},"content":{"rendered":"<p>Arc-en-ciel est une v\u00e9ritable ic\u00f4ne de style. La jarre en c\u00e9ramique, fabriqu\u00e9e \u00e0 la main par nos artisans, colore la table, r\u00e9chauffe la cuisine et pr\u00e9serve tous les parfums et la saveur de notre huile d&rsquo;olive extra vierge.<\/p>\n<p>L&rsquo;art dans chaque geste et chaque choix. De nombreuses personnes nous ont connus gr\u00e2ce \u00e0 la beaut\u00e9 de nos produits, puis les ont go\u00fbt\u00e9s et se sont rendus compte qu&rsquo;il y a du bon dans la beaut\u00e9. L&rsquo;art des mains savantes de nos artisans, qui fa\u00e7onnent, au sens propre du terme, les jarres en c\u00e9ramique de renomm\u00e9e mondiale.<\/p>\n<p>Le pot Rainbow est conserv\u00e9 avec amour dans son propre emballage.<\/p>\n<p>Disponible en Fruit\u00e9e Intense.<\/p>\n<p>Tous les conseils d&rsquo;utilisation en \u00ab\u00a0Culture de l\u2019huile\u00a0\u00bb.<\/p>\n","protected":false},"excerpt":{"rendered":"<p>Arc-en-ciel est une v\u00e9ritable ic\u00f4ne de style. La jarre en c\u00e9ramique, fabriqu\u00e9e \u00e0 la main par nos artisans, colore la table, r\u00e9chauffe la cuisine et pr\u00e9serve tous les parfums et la saveur de notre huile d&rsquo;olive extra vierge. L&rsquo;art dans chaque geste et chaque choix. De nombreuses personnes nous ont connus gr\u00e2ce \u00e0 la beaut\u00e9 [&hellip;]<\/p>\n","protected":false},"featured_media":33549,"template":"","meta":{"_acf_changed":false},"product_brand":[],"product_cat":[134,354,364,135],"product_tag":[284,309,285,313,370,140],"class_list":{"0":"post-18038","1":"product","2":"type-product","3":"status-publish","4":"has-post-thumbnail","6":"product_cat-jarres","7":"product_cat-jarre-collection","8":"product_cat-love-fr","9":"product_cat-upsell_shopper-fr","10":"product_tag-featured-fr-2","11":"product_tag-intense-variant-fr","12":"product_tag-jars-fr-2","13":"product_tag-medium-variant-fr","14":"product_tag-tpl_jars-fr","15":"product_tag-upsell_shopper-fr","17":"first","18":"instock","19":"taxable","20":"shipping-taxable","21":"purchasable","22":"product-type-simple"},"acf":[],"_links":{"self":[{"href":"https:\/\/www.frantoiomuraglia.it\/fr\/wp-json\/wp\/v2\/product\/18038","targetHints":{"allow":["GET"]}}],"collection":[{"href":"https:\/\/www.frantoiomuraglia.it\/fr\/wp-json\/wp\/v2\/product"}],"about":[{"href":"https:\/\/www.frantoiomuraglia.it\/fr\/wp-json\/wp\/v2\/types\/product"}],"wp:featuredmedia":[{"embeddable":true,"href":"https:\/\/www.frantoiomuraglia.it\/fr\/wp-json\/wp\/v2\/media\/33549"}],"wp:attachment":[{"href":"https:\/\/www.frantoiomuraglia.it\/fr\/wp-json\/wp\/v2\/media?parent=18038"}],"wp:term":[{"taxonomy":"product_brand","embeddable":true,"href":"https:\/\/www.frantoiomuraglia.it\/fr\/wp-json\/wp\/v2\/product_brand?post=18038"},{"taxonomy":"product_cat","embeddable":true,"href":"https:\/\/www.frantoiomuraglia.it\/fr\/wp-json\/wp\/v2\/product_cat?post=18038"},{"taxonomy":"product_tag","embeddable":true,"href":"https:\/\/www.frantoiomuraglia.it\/fr\/wp-json\/wp\/v2\/product_tag?post=18038"}],"curies":[{"name":"wp","href":"https:\/\/api.w.org\/{rel}","templated":true}]}}