{"id":17706,"date":"2023-05-22T11:23:05","date_gmt":"2023-05-22T09:23:05","guid":{"rendered":"https:\/\/www.frantoiomuraglia.it\/?post_type=product&#038;p=17706"},"modified":"2025-10-17T12:58:05","modified_gmt":"2025-10-17T10:58:05","slug":"couvette-oli-aromatici-mignon-20ml","status":"publish","type":"product","link":"https:\/\/www.frantoiomuraglia.it\/fr\/produit\/couvette-oli-aromatici-mignon-20ml\/","title":{"rendered":"Couvette huiles aromatis\u00e9es mignonnettes"},"content":{"rendered":"<p>Une couvette pour d\u00e9guster toutes les vari\u00e9t\u00e9s de nos huiles aromatiques.<\/p>\n<p>Pour ceux qui veulent go\u00fbter certaines vari\u00e9t\u00e9s de nos huiles extra vierges, une couvette contenant 5 bouteilles d\u2019aromatiques de 20 ml: citron IGP Rocca Imperiale, piment, basilic Dop Genovese, fum\u00e9e et ail frais.<\/p>\n<p>Chaque essence est parfaite pour assaisonner diff\u00e9rents plats, chacun saura satisfaire les diff\u00e9rents go\u00fbts.<\/p>\n","protected":false},"excerpt":{"rendered":"<p>Une couvette pour d\u00e9guster toutes les vari\u00e9t\u00e9s de nos huiles aromatiques. Pour ceux qui veulent go\u00fbter certaines vari\u00e9t\u00e9s de nos huiles extra vierges, une couvette contenant 5 bouteilles d\u2019aromatiques de 20 ml: citron IGP Rocca Imperiale, piment, basilic Dop Genovese, fum\u00e9e et ail frais. Chaque essence est parfaite pour assaisonner diff\u00e9rents plats, chacun saura satisfaire [&hellip;]<\/p>\n","protected":false},"featured_media":42144,"template":"","meta":{"_acf_changed":false},"product_brand":[],"product_cat":[135,224,201],"product_tag":[320,321,214,140],"class_list":{"0":"post-17706","1":"product","2":"type-product","3":"status-publish","4":"has-post-thumbnail","6":"product_cat-upsell_shopper-fr","7":"product_cat-aromatisee","8":"product_cat-idees-de-cadeaux","9":"product_tag-aromatic-fr","10":"product_tag-aromatictype-fr","11":"product_tag-tpl_no_category-fr","12":"product_tag-upsell_shopper-fr","14":"first","15":"instock","16":"taxable","17":"shipping-taxable","18":"purchasable","19":"product-type-simple"},"acf":[],"_links":{"self":[{"href":"https:\/\/www.frantoiomuraglia.it\/fr\/wp-json\/wp\/v2\/product\/17706","targetHints":{"allow":["GET"]}}],"collection":[{"href":"https:\/\/www.frantoiomuraglia.it\/fr\/wp-json\/wp\/v2\/product"}],"about":[{"href":"https:\/\/www.frantoiomuraglia.it\/fr\/wp-json\/wp\/v2\/types\/product"}],"wp:featuredmedia":[{"embeddable":true,"href":"https:\/\/www.frantoiomuraglia.it\/fr\/wp-json\/wp\/v2\/media\/42144"}],"wp:attachment":[{"href":"https:\/\/www.frantoiomuraglia.it\/fr\/wp-json\/wp\/v2\/media?parent=17706"}],"wp:term":[{"taxonomy":"product_brand","embeddable":true,"href":"https:\/\/www.frantoiomuraglia.it\/fr\/wp-json\/wp\/v2\/product_brand?post=17706"},{"taxonomy":"product_cat","embeddable":true,"href":"https:\/\/www.frantoiomuraglia.it\/fr\/wp-json\/wp\/v2\/product_cat?post=17706"},{"taxonomy":"product_tag","embeddable":true,"href":"https:\/\/www.frantoiomuraglia.it\/fr\/wp-json\/wp\/v2\/product_tag?post=17706"}],"curies":[{"name":"wp","href":"https:\/\/api.w.org\/{rel}","templated":true}]}}