{"id":17296,"date":"2023-04-13T15:03:48","date_gmt":"2023-04-13T13:03:48","guid":{"rendered":"https:\/\/www.frantoiomuraglia.it\/?post_type=product&#038;p=17296"},"modified":"2025-10-16T18:09:30","modified_gmt":"2025-10-16T16:09:30","slug":"reviva-collection","status":"publish","type":"product","link":"https:\/\/www.frantoiomuraglia.it\/fr\/produit\/reviva-collection\/","title":{"rendered":"Reviva Collection"},"content":{"rendered":"<p>Des bocaux imparfaits r\u00e9cup\u00e9r\u00e9s et r\u00e9g\u00e9n\u00e9r\u00e9s, v\u00e9ritables pi\u00e8ces uniques ; vide \u00e0 l&rsquo;int\u00e9rieur, vendu avec un bidon de 1 litre de notre huile : des contenants de beaut\u00e9.<\/p>\n<p>Nous c\u00e9l\u00e9brons la beaut\u00e9 d&rsquo;une seconde vie. La conception du pot sera al\u00e9atoire en fonction de la disponibilit\u00e9.<\/p>\n<p style=\"font-weight: 400;\">Nous pensons qu&rsquo;imparfait signifie \u00eatre parfait, chacun \u00e0 sa mani\u00e8re, chacun \u00e0 sa guise. Et ce respect signifie ne pas gaspiller, redonner \u00e0 la nature avec gratitude. Chacun de nos produits est si pr\u00e9cieux que s&rsquo;il n&rsquo;est pas parfait il n&rsquo;est pas embouteill\u00e9, m\u00eame s&rsquo;il pr\u00e9sente des imperfections imperceptibles.<\/p>\n<p style=\"font-weight: 400;\">Cependant, nous avons choisi de faire revivre ces tessons sans gaspiller une seule ressource : les imparfaits, les uniques, vendus vides avec un bidon d&rsquo;un litre d&rsquo;huile d&rsquo;olive extra vierge. Nous combinons le pot vide avec le bidon afin que vous puissiez le remplir de notre huile ou choisir de donner une nouvelle vie \u00e0 cet objet selon votre inspiration. Comme jardini\u00e8re ou comme autres id\u00e9es et fonctions d&rsquo;ameublement.<\/p>\n<p style=\"font-weight: 400;\">Car l&rsquo;imparfait ne reste qu&rsquo;un temps verbal pour quelque chose qui demeure dans le temps, dans son unicit\u00e9.<\/p>\n<p>Exclusivit\u00e9 en ligne.<\/p>\n","protected":false},"excerpt":{"rendered":"<p>Des bocaux imparfaits r\u00e9cup\u00e9r\u00e9s et r\u00e9g\u00e9n\u00e9r\u00e9s, v\u00e9ritables pi\u00e8ces uniques ; vide \u00e0 l&rsquo;int\u00e9rieur, vendu avec un bidon de 1 litre de notre huile : des contenants de beaut\u00e9. Nous c\u00e9l\u00e9brons la beaut\u00e9 d&rsquo;une seconde vie. La conception du pot sera al\u00e9atoire en fonction de la disponibilit\u00e9. Nous pensons qu&rsquo;imparfait signifie \u00eatre parfait, chacun \u00e0 sa [&hellip;]<\/p>\n","protected":false},"featured_media":17299,"template":"","meta":{"_acf_changed":false},"product_brand":[],"product_cat":[134,135],"product_tag":[331,300,309,285,178,370,140],"class_list":{"0":"post-17296","1":"product","2":"type-product","3":"status-publish","4":"has-post-thumbnail","6":"product_cat-jarres","7":"product_cat-upsell_shopper-fr","8":"product_tag-cans-fr","9":"product_tag-gift-ideas-fr-2","10":"product_tag-intense-variant-fr","11":"product_tag-jars-fr-2","12":"product_tag-tpl_fruitee_intense","13":"product_tag-tpl_jars-fr","14":"product_tag-upsell_shopper-fr","16":"first","17":"instock","18":"taxable","19":"shipping-taxable","20":"purchasable","21":"product-type-simple"},"acf":[],"_links":{"self":[{"href":"https:\/\/www.frantoiomuraglia.it\/fr\/wp-json\/wp\/v2\/product\/17296","targetHints":{"allow":["GET"]}}],"collection":[{"href":"https:\/\/www.frantoiomuraglia.it\/fr\/wp-json\/wp\/v2\/product"}],"about":[{"href":"https:\/\/www.frantoiomuraglia.it\/fr\/wp-json\/wp\/v2\/types\/product"}],"wp:featuredmedia":[{"embeddable":true,"href":"https:\/\/www.frantoiomuraglia.it\/fr\/wp-json\/wp\/v2\/media\/17299"}],"wp:attachment":[{"href":"https:\/\/www.frantoiomuraglia.it\/fr\/wp-json\/wp\/v2\/media?parent=17296"}],"wp:term":[{"taxonomy":"product_brand","embeddable":true,"href":"https:\/\/www.frantoiomuraglia.it\/fr\/wp-json\/wp\/v2\/product_brand?post=17296"},{"taxonomy":"product_cat","embeddable":true,"href":"https:\/\/www.frantoiomuraglia.it\/fr\/wp-json\/wp\/v2\/product_cat?post=17296"},{"taxonomy":"product_tag","embeddable":true,"href":"https:\/\/www.frantoiomuraglia.it\/fr\/wp-json\/wp\/v2\/product_tag?post=17296"}],"curies":[{"name":"wp","href":"https:\/\/api.w.org\/{rel}","templated":true}]}}