{"id":13449,"date":"2022-09-13T18:42:03","date_gmt":"2022-09-13T16:42:03","guid":{"rendered":"https:\/\/www.frantoiomuraglia.it\/product\/coffret-cadeau-olio-evo-selection\/"},"modified":"2025-10-16T17:03:37","modified_gmt":"2025-10-16T15:03:37","slug":"coffret-cadeaux-muraglia","status":"publish","type":"product","link":"https:\/\/www.frantoiomuraglia.it\/fr\/produit\/coffret-cadeaux-muraglia\/","title":{"rendered":"Coffret cadeau &lsquo;Olio Evo Selection&rsquo;"},"content":{"rendered":"<p>Pour votre cadeau, choisissez l&rsquo;excellence.<\/p>\n<p>Des coffrets cadeaux uniques disponibles exclusivement en ligne. Parfaits comme id\u00e9e cadeau pour impressionner et faire vivre l&rsquo;exp\u00e9rience du moulin \u00e0 huile Muraglia. Qualit\u00e9 et couleur pour enrichir la table, agr\u00e9menter les plats avec de l&rsquo;huile d&rsquo;olive extra vierge et d\u00e9corer la maison. Une id\u00e9e cadeau avec des produits de haute qualit\u00e9 adapt\u00e9 pour diff\u00e9rentes occasions.<\/p>\n<p>Dans la bo\u00eete deux paquets de nos huiles d\u2019olive extra vierge : une canette Rainbow 250ml avec le Fruit\u00e9 Intense et une essence avec le Fruit\u00e9 Moyen, deux saveurs diff\u00e9rentes, obtenues \u00e0 partir de diff\u00e9rentes qualit\u00e9s d\u2019olives, pour pouvoir appr\u00e9cier toute la vari\u00e9t\u00e9 que l\u2019on peut obtenir d\u2019une huile produite de fa\u00e7on artisanale.<\/p>\n<p>Pour compl\u00e9ter la d\u00e9gustation, une bouteille de 250 ml de notre huile biologique, issue d&rsquo;olives de la vari\u00e9t\u00e9 Coratina, et deux de nos huiles aromatiques naturels: piment et citron. La touche de couleur est apport\u00e9e par l&rsquo;arc-en-ciel qui caract\u00e9rise deux petits bols en c\u00e9ramique fabriqu\u00e9s et peints \u00e0 la main par des c\u00e9ramistes, parfaits pour d\u00e9guster l&rsquo;huile \u00e0 table ou servir de bonnes olives.<\/p>\n","protected":false},"excerpt":{"rendered":"<p>Des coffrets cadeaux uniques disponibles exclusivement en ligne. Parfaits comme id\u00e9e cadeau pour impressionner et faire vivre l&rsquo;exp\u00e9rience du moulin \u00e0 huile Muraglia. Qualit\u00e9 et couleur pour enrichir la table, agr\u00e9menter les plats avec de l&rsquo;huile d&rsquo;olive extra vierge et d\u00e9corer la maison. Une id\u00e9e de panier de No\u00ebl simple, rempli de produits de haute qualit\u00e9, pour un cadeau de No\u00ebl, un cadeau d&rsquo;entreprise ou une \u00e9trenne pour diverses occasions.<\/p>\n<p>La bo\u00eete contient deux packs de nos huiles d&rsquo;olive extra vierges: un bidon arc-en-ciel de 250 ml avec Fruit\u00e9 intense et une essence avec Fruit\u00e9 moyen, deux saveurs diff\u00e9rentes, obtenues \u00e0 partir de diff\u00e9rentes qualit\u00e9s d&rsquo;olives, afin d&rsquo;appr\u00e9cier toute la vari\u00e9t\u00e9 que l&rsquo;on peut obtenir d&rsquo;une huile produite de mani\u00e8re artisanale.<\/p>\n<p>Pour compl\u00e9ter la d\u00e9gustation, une bouteille de 250 ml de notre huile d\u00e9noyaut\u00e9e d&rsquo;olives Coratina et deux de nos ar\u00f4mes naturels : piment et citron. La touche de couleur est apport\u00e9e par l&rsquo;arc-en-ciel qui caract\u00e9rise deux petits bols en c\u00e9ramique fabriqu\u00e9s et peints \u00e0 la main par des c\u00e9ramistes, parfaits pour d\u00e9guster l&rsquo;huile \u00e0 table ou servir de bonnes olives.<\/p>\n","protected":false},"featured_media":39744,"template":"","meta":{"_acf_changed":false},"product_brand":[],"product_cat":[201,417],"product_tag":[214],"class_list":{"0":"post-13449","1":"product","2":"type-product","3":"status-publish","4":"has-post-thumbnail","6":"product_cat-idees-de-cadeaux","7":"product_cat-black-friday-fr","8":"product_tag-tpl_no_category-fr","10":"first","11":"instock","12":"taxable","13":"shipping-taxable","14":"purchasable","15":"product-type-simple"},"acf":[],"_links":{"self":[{"href":"https:\/\/www.frantoiomuraglia.it\/fr\/wp-json\/wp\/v2\/product\/13449","targetHints":{"allow":["GET"]}}],"collection":[{"href":"https:\/\/www.frantoiomuraglia.it\/fr\/wp-json\/wp\/v2\/product"}],"about":[{"href":"https:\/\/www.frantoiomuraglia.it\/fr\/wp-json\/wp\/v2\/types\/product"}],"wp:featuredmedia":[{"embeddable":true,"href":"https:\/\/www.frantoiomuraglia.it\/fr\/wp-json\/wp\/v2\/media\/39744"}],"wp:attachment":[{"href":"https:\/\/www.frantoiomuraglia.it\/fr\/wp-json\/wp\/v2\/media?parent=13449"}],"wp:term":[{"taxonomy":"product_brand","embeddable":true,"href":"https:\/\/www.frantoiomuraglia.it\/fr\/wp-json\/wp\/v2\/product_brand?post=13449"},{"taxonomy":"product_cat","embeddable":true,"href":"https:\/\/www.frantoiomuraglia.it\/fr\/wp-json\/wp\/v2\/product_cat?post=13449"},{"taxonomy":"product_tag","embeddable":true,"href":"https:\/\/www.frantoiomuraglia.it\/fr\/wp-json\/wp\/v2\/product_tag?post=13449"}],"curies":[{"name":"wp","href":"https:\/\/api.w.org\/{rel}","templated":true}]}}