{"id":10998,"date":"2022-03-24T13:55:19","date_gmt":"2022-03-24T11:55:19","guid":{"rendered":"https:\/\/www.frantoiomuraglia.it\/product\/rouge\/"},"modified":"2025-06-30T12:08:39","modified_gmt":"2025-06-30T10:08:39","slug":"vetro-shining-red-2","status":"publish","type":"product","link":"https:\/\/www.frantoiomuraglia.it\/fr\/produit\/vetro-shining-red-2\/","title":{"rendered":"Rouge"},"content":{"rendered":"<p>Inspir\u00e9e par l&rsquo;univers de la mode, dans un verre raffin\u00e9 et l\u00e9ger et des couleurs froides, la collection COOLors, c&rsquo;est l&rsquo;\u00e9l\u00e9gance \u00e0 table. Les bouteilles d&rsquo;huile COOLors sont n\u00e9es d&rsquo;une \u00e9volution qui ne remplace pas les jarres en terre cuite.<\/p>\n<p>Il s&rsquo;agit d&rsquo;une collection en verre inspir\u00e9e du monde de la mode, compos\u00e9e de bouteilles d&rsquo;huile en verre raffin\u00e9es et l\u00e9g\u00e8res, v\u00e9ritable d\u00e9fil\u00e9 de go\u00fbt et de couleur. Sa couleur rouge profond attire imm\u00e9diatement le regard et est un symbole d&rsquo;\u00e9nergie, de chaleur et d&rsquo;authenticit\u00e9.<\/p>\n<p>Des objets uniques, en \u00e9dition limit\u00e9e, \u00e0 collectionner. Les bouteilles d\u2019huile sont disponibles en format 500 ml dans les variantes Fruit\u00e9e Intense et Fruit\u00e9e Moyenne, ainsi que dans les coloris Ros\u00e8 Gold, Titane et Rouge.<\/p>\n","protected":false},"excerpt":{"rendered":"<p>Inspir\u00e9e par l&rsquo;univers de la mode, dans un verre raffin\u00e9 et l\u00e9ger et des couleurs froides, la collection COOLors, c&rsquo;est l&rsquo;\u00e9l\u00e9gance \u00e0 table. Les bouteilles d&rsquo;huile COOLors sont n\u00e9es d&rsquo;une \u00e9volution qui ne remplace pas les jarres en terre cuite. Il s&rsquo;agit d&rsquo;une collection en verre inspir\u00e9e du monde de la mode, compos\u00e9e de bouteilles [&hellip;]<\/p>\n","protected":false},"featured_media":10987,"template":"","meta":{"_acf_changed":false},"product_brand":[],"product_cat":[169,378,155,135],"product_tag":[309,285,313,370,140],"class_list":{"0":"post-10998","1":"product","2":"type-product","3":"status-publish","4":"has-post-thumbnail","6":"product_cat-bouteilles","7":"product_cat-coolors-fr","8":"product_cat-upsell_astuccio_orcio-fr","9":"product_cat-upsell_shopper-fr","10":"product_tag-intense-variant-fr","11":"product_tag-jars-fr-2","12":"product_tag-medium-variant-fr","13":"product_tag-tpl_jars-fr","14":"product_tag-upsell_shopper-fr","16":"first","17":"instock","18":"taxable","19":"shipping-taxable","20":"purchasable","21":"product-type-simple"},"acf":[],"_links":{"self":[{"href":"https:\/\/www.frantoiomuraglia.it\/fr\/wp-json\/wp\/v2\/product\/10998","targetHints":{"allow":["GET"]}}],"collection":[{"href":"https:\/\/www.frantoiomuraglia.it\/fr\/wp-json\/wp\/v2\/product"}],"about":[{"href":"https:\/\/www.frantoiomuraglia.it\/fr\/wp-json\/wp\/v2\/types\/product"}],"wp:featuredmedia":[{"embeddable":true,"href":"https:\/\/www.frantoiomuraglia.it\/fr\/wp-json\/wp\/v2\/media\/10987"}],"wp:attachment":[{"href":"https:\/\/www.frantoiomuraglia.it\/fr\/wp-json\/wp\/v2\/media?parent=10998"}],"wp:term":[{"taxonomy":"product_brand","embeddable":true,"href":"https:\/\/www.frantoiomuraglia.it\/fr\/wp-json\/wp\/v2\/product_brand?post=10998"},{"taxonomy":"product_cat","embeddable":true,"href":"https:\/\/www.frantoiomuraglia.it\/fr\/wp-json\/wp\/v2\/product_cat?post=10998"},{"taxonomy":"product_tag","embeddable":true,"href":"https:\/\/www.frantoiomuraglia.it\/fr\/wp-json\/wp\/v2\/product_tag?post=10998"}],"curies":[{"name":"wp","href":"https:\/\/api.w.org\/{rel}","templated":true}]}}