{"id":6908,"date":"2022-03-24T13:22:29","date_gmt":"2022-03-24T11:22:29","guid":{"rendered":"https:\/\/dev.frantoiomuraglia.it\/product\/gruene-oliven-bella-di-cerignola\/"},"modified":"2022-05-09T17:27:02","modified_gmt":"2022-05-09T17:27:02","slug":"grune-oliven-bella-di-cerignola","status":"publish","type":"product","link":"https:\/\/www.frantoiomuraglia.it\/de\/produkt\/grune-oliven-bella-di-cerignola\/","title":{"rendered":"Gr\u00fcne Oliven \u201eBella di Cerignola\u201c"},"content":{"rendered":"<p>Die weltweit gr\u00f6\u00dfte Olive \u201eBella di Cerignola\u201c ist die Sorte, die wir f\u00fcr die ersten Oliven der \u00d6lm\u00fchle Frantoio Muraglia ausgew\u00e4hlt haben.<\/p>\n","protected":false},"excerpt":{"rendered":"<p>Die weltweit gr\u00f6\u00dfte Olive \u201eBella di Cerignola\u201c ist die Sorte, die wir f\u00fcr die ersten Oliven der \u00d6lm\u00fchle Frantoio Muraglia ausgew\u00e4hlt haben.<\/p>\n","protected":false},"featured_media":6023,"template":"","meta":{"_acf_changed":false},"product_brand":[],"product_cat":[203,142],"product_tag":[303,219,147],"class_list":{"0":"post-6908","1":"product","2":"type-product","3":"status-publish","4":"has-post-thumbnail","6":"product_cat-geschenkideen","7":"product_cat-upsell_shopper-de","8":"product_tag-gift-ideas-de-2","9":"product_tag-tpl_no_category-de","10":"product_tag-upsell_shopper-de","12":"first","13":"instock","14":"taxable","15":"shipping-taxable","16":"purchasable","17":"product-type-simple"},"acf":[],"_links":{"self":[{"href":"https:\/\/www.frantoiomuraglia.it\/de\/wp-json\/wp\/v2\/product\/6908","targetHints":{"allow":["GET"]}}],"collection":[{"href":"https:\/\/www.frantoiomuraglia.it\/de\/wp-json\/wp\/v2\/product"}],"about":[{"href":"https:\/\/www.frantoiomuraglia.it\/de\/wp-json\/wp\/v2\/types\/product"}],"wp:featuredmedia":[{"embeddable":true,"href":"https:\/\/www.frantoiomuraglia.it\/de\/wp-json\/wp\/v2\/media\/6023"}],"wp:attachment":[{"href":"https:\/\/www.frantoiomuraglia.it\/de\/wp-json\/wp\/v2\/media?parent=6908"}],"wp:term":[{"taxonomy":"product_brand","embeddable":true,"href":"https:\/\/www.frantoiomuraglia.it\/de\/wp-json\/wp\/v2\/product_brand?post=6908"},{"taxonomy":"product_cat","embeddable":true,"href":"https:\/\/www.frantoiomuraglia.it\/de\/wp-json\/wp\/v2\/product_cat?post=6908"},{"taxonomy":"product_tag","embeddable":true,"href":"https:\/\/www.frantoiomuraglia.it\/de\/wp-json\/wp\/v2\/product_tag?post=6908"}],"curies":[{"name":"wp","href":"https:\/\/api.w.org\/{rel}","templated":true}]}}