{"id":6886,"date":"2022-03-24T13:29:32","date_gmt":"2022-03-24T13:29:32","guid":{"rendered":"https:\/\/dev.frantoiomuraglia.it\/product\/set-mit-oelflasche-und-oelkanister-in-regenbogenfarben\/"},"modified":"2025-10-20T17:20:33","modified_gmt":"2025-10-20T15:20:33","slug":"set-mit-olflasche-und-olkanister-in-regenbogenfarben","status":"publish","type":"product","link":"https:\/\/www.frantoiomuraglia.it\/de\/produkt\/set-mit-olflasche-und-olkanister-in-regenbogenfarben\/","title":{"rendered":"Regenbogen-Glas und Dosen-Kombi"},"content":{"rendered":"<p>Diese Keramikflasche in den Farben des Regenbogens ist eine echte Stilikone. Eine Kombination aus Kunst und Qualit\u00e4t: Natives Oliven\u00f6l extra im 500-ml-Rainbow-Glas, perfekt f\u00fcr Ihre besonderen Geschenke, und in der Liter-Dose f\u00fcr den sofortigen \u00d6lvorrat.<\/p>\n<p>Erh\u00e4ltlich in Intensiv Fruchtig und Mittel Fruchtig.<\/p>\n<p>Alle Anwendungstipps unter &#8222;\u00d6lkultur&#8220;.<\/p>\n","protected":false},"excerpt":{"rendered":"<p>SET \u00d6lflasche + \u00d6lkanister<\/p>\n","protected":false},"featured_media":6301,"template":"","meta":{"_acf_changed":false},"product_brand":[],"product_cat":[203,160,142],"product_tag":[329,308,310,219,147],"class_list":{"0":"post-6886","1":"product","2":"type-product","3":"status-publish","4":"has-post-thumbnail","6":"product_cat-geschenkideen","7":"product_cat-upsell_astuccio_orcio-de","8":"product_cat-upsell_shopper-de","9":"product_tag-cans-de","10":"product_tag-intense-variant-de","11":"product_tag-medium-variant-de","12":"product_tag-tpl_no_category-de","13":"product_tag-upsell_shopper-de","15":"first","16":"instock","17":"taxable","18":"shipping-taxable","19":"purchasable","20":"product-type-variable","21":"has-default-attributes"},"acf":[],"_links":{"self":[{"href":"https:\/\/www.frantoiomuraglia.it\/de\/wp-json\/wp\/v2\/product\/6886","targetHints":{"allow":["GET"]}}],"collection":[{"href":"https:\/\/www.frantoiomuraglia.it\/de\/wp-json\/wp\/v2\/product"}],"about":[{"href":"https:\/\/www.frantoiomuraglia.it\/de\/wp-json\/wp\/v2\/types\/product"}],"wp:featuredmedia":[{"embeddable":true,"href":"https:\/\/www.frantoiomuraglia.it\/de\/wp-json\/wp\/v2\/media\/6301"}],"wp:attachment":[{"href":"https:\/\/www.frantoiomuraglia.it\/de\/wp-json\/wp\/v2\/media?parent=6886"}],"wp:term":[{"taxonomy":"product_brand","embeddable":true,"href":"https:\/\/www.frantoiomuraglia.it\/de\/wp-json\/wp\/v2\/product_brand?post=6886"},{"taxonomy":"product_cat","embeddable":true,"href":"https:\/\/www.frantoiomuraglia.it\/de\/wp-json\/wp\/v2\/product_cat?post=6886"},{"taxonomy":"product_tag","embeddable":true,"href":"https:\/\/www.frantoiomuraglia.it\/de\/wp-json\/wp\/v2\/product_tag?post=6886"}],"curies":[{"name":"wp","href":"https:\/\/api.w.org\/{rel}","templated":true}]}}