{"id":6688,"date":"2022-03-24T13:45:54","date_gmt":"2022-03-24T11:45:54","guid":{"rendered":"https:\/\/dev.frantoiomuraglia.it\/product\/aromatisiertes-knoblauchoel-200-ml\/"},"modified":"2025-06-12T17:11:23","modified_gmt":"2025-06-12T15:11:23","slug":"aromatisiertes-knoblauchol","status":"publish","type":"product","link":"https:\/\/www.frantoiomuraglia.it\/de\/produkt\/aromatisiertes-knoblauchol\/","title":{"rendered":"Aromatisiertes Knoblauch\u00f6l 200 ml"},"content":{"rendered":"<p>Das aromatisiertes Basilikum\u00f6l entsteht aus der Verbindung zweier hervorragender \u00d6le, dem nativen Oliven\u00f6l extra und Knoblauch, wodurch ein Aroma entsteht, das zur Essenz wird. Die Vereinigung der Aromen, ihre Vermischung, erfolgt in einem 100% nat\u00fcrlichen Produktionsprozess.  Sie bleiben zusammen und werden zusammen mit den Oliven gepresst.<\/p>\n<p>Frantoio Muraglia verbindet die Reinheit seines \u00d6ls mit ausgesuchten und begehrten Rohstoffen, die zu den Vorz\u00fcgen des Gebiets geh\u00f6ren, um sie zu respektieren und zu veredeln: die IGP Zitrone von Rocca Imperiale, die kalabrische Chilischote, das Basilikum von Genua, Knoblauch.<\/p>\n<p>Alle Anwendungstipps unter &#8222;Oliven\u00f6lkultur&#8220;.<\/p>\n","protected":false},"excerpt":{"rendered":"<p>Das aromatisiertes Basilikum\u00f6l entsteht aus der Verbindung zweier hervorragender \u00d6le, dem nativen Oliven\u00f6l extra und Knoblauch, wodurch ein Aroma entsteht, das zur Essenz wird. Die Vereinigung der Aromen, ihre Vermischung, erfolgt in einem 100% nat\u00fcrlichen Produktionsprozess. Sie bleiben zusammen und werden zusammen mit den Oliven gepresst. Frantoio Muraglia verbindet die Reinheit seines \u00d6ls mit ausgesuchten [&hellip;]<\/p>\n","protected":false},"featured_media":6061,"template":"","meta":{"_acf_changed":false},"product_brand":[],"product_cat":[228,142],"product_tag":[318,319,293,231,147],"class_list":{"0":"post-6688","1":"product","2":"type-product","3":"status-publish","4":"has-post-thumbnail","6":"product_cat-aromatisiertes","7":"product_cat-upsell_shopper-de","8":"product_tag-aromatic-de","9":"product_tag-aromatictype-de","10":"product_tag-featured-de-2","11":"product_tag-tpl_aromatisiertes","12":"product_tag-upsell_shopper-de","14":"first","15":"instock","16":"taxable","17":"shipping-taxable","18":"purchasable","19":"product-type-simple"},"acf":[],"_links":{"self":[{"href":"https:\/\/www.frantoiomuraglia.it\/de\/wp-json\/wp\/v2\/product\/6688","targetHints":{"allow":["GET"]}}],"collection":[{"href":"https:\/\/www.frantoiomuraglia.it\/de\/wp-json\/wp\/v2\/product"}],"about":[{"href":"https:\/\/www.frantoiomuraglia.it\/de\/wp-json\/wp\/v2\/types\/product"}],"wp:featuredmedia":[{"embeddable":true,"href":"https:\/\/www.frantoiomuraglia.it\/de\/wp-json\/wp\/v2\/media\/6061"}],"wp:attachment":[{"href":"https:\/\/www.frantoiomuraglia.it\/de\/wp-json\/wp\/v2\/media?parent=6688"}],"wp:term":[{"taxonomy":"product_brand","embeddable":true,"href":"https:\/\/www.frantoiomuraglia.it\/de\/wp-json\/wp\/v2\/product_brand?post=6688"},{"taxonomy":"product_cat","embeddable":true,"href":"https:\/\/www.frantoiomuraglia.it\/de\/wp-json\/wp\/v2\/product_cat?post=6688"},{"taxonomy":"product_tag","embeddable":true,"href":"https:\/\/www.frantoiomuraglia.it\/de\/wp-json\/wp\/v2\/product_tag?post=6688"}],"curies":[{"name":"wp","href":"https:\/\/api.w.org\/{rel}","templated":true}]}}