{"id":6681,"date":"2022-03-24T13:47:59","date_gmt":"2022-03-24T11:47:59","guid":{"rendered":"https:\/\/dev.frantoiomuraglia.it\/product\/aromatisiertes-zitronenoel-200-ml\/"},"modified":"2025-06-12T17:57:25","modified_gmt":"2025-06-12T15:57:25","slug":"aromatisiertes-zitronenol","status":"publish","type":"product","link":"https:\/\/www.frantoiomuraglia.it\/de\/produkt\/aromatisiertes-zitronenol\/","title":{"rendered":"Aromatisiertes Zitronen\u00f6l 200 ml"},"content":{"rendered":"<p>Das Zitrone aromatisiertes \u00d6l entsteht aus der Verbindung zweier hervorragender \u00d6le, dem nativen Oliven\u00f6l extra und der Zitrone IGP Rocca Imperiale, wodurch ein Aroma entsteht, das zur Essenz wird. Die Vereinigung der Aromen, ihre Vermischung, erfolgt in einem 100% nat\u00fcrlichen Produktionsprozess.  So bleiben die vermischten Aromen erhalten und werden zusammen mit den Oliven gepresst.<\/p>\n<p>Frantoio Muraglia verbindet die Reinheit seines \u00d6ls mit ausgesuchten und begehrten Rohstoffen, die zu den Vorz\u00fcgen des Gebiets geh\u00f6ren, um sie zu respektieren und zu veredeln: die IGP Zitrone von Rocca Imperiale, die kalabrische Chilischote, das Basilikum von Genua, Knoblauch.<\/p>\n<p>Alle Anwendungstipps unter &#8222;Oliven\u00f6lkultur&#8220;.<\/p>\n","protected":false},"excerpt":{"rendered":"<p>Das Zitrone aromatisiertes \u00d6l entsteht aus der Verbindung zweier hervorragender \u00d6le, dem nativen Oliven\u00f6l extra und der Zitrone IGP Rocca Imperiale, wodurch ein Aroma entsteht, das zur Essenz wird. Die Vereinigung der Aromen, ihre Vermischung, erfolgt in einem 100% nat\u00fcrlichen Produktionsprozess. So bleiben die vermischten Aromen erhalten und werden zusammen mit den Oliven gepresst. Frantoio [&hellip;]<\/p>\n","protected":false},"featured_media":6048,"template":"","meta":{"_acf_changed":false},"product_brand":[],"product_cat":[228,142],"product_tag":[318,319,293,231,147],"class_list":{"0":"post-6681","1":"product","2":"type-product","3":"status-publish","4":"has-post-thumbnail","6":"product_cat-aromatisiertes","7":"product_cat-upsell_shopper-de","8":"product_tag-aromatic-de","9":"product_tag-aromatictype-de","10":"product_tag-featured-de-2","11":"product_tag-tpl_aromatisiertes","12":"product_tag-upsell_shopper-de","14":"first","15":"instock","16":"taxable","17":"shipping-taxable","18":"purchasable","19":"product-type-simple"},"acf":[],"_links":{"self":[{"href":"https:\/\/www.frantoiomuraglia.it\/de\/wp-json\/wp\/v2\/product\/6681","targetHints":{"allow":["GET"]}}],"collection":[{"href":"https:\/\/www.frantoiomuraglia.it\/de\/wp-json\/wp\/v2\/product"}],"about":[{"href":"https:\/\/www.frantoiomuraglia.it\/de\/wp-json\/wp\/v2\/types\/product"}],"wp:featuredmedia":[{"embeddable":true,"href":"https:\/\/www.frantoiomuraglia.it\/de\/wp-json\/wp\/v2\/media\/6048"}],"wp:attachment":[{"href":"https:\/\/www.frantoiomuraglia.it\/de\/wp-json\/wp\/v2\/media?parent=6681"}],"wp:term":[{"taxonomy":"product_brand","embeddable":true,"href":"https:\/\/www.frantoiomuraglia.it\/de\/wp-json\/wp\/v2\/product_brand?post=6681"},{"taxonomy":"product_cat","embeddable":true,"href":"https:\/\/www.frantoiomuraglia.it\/de\/wp-json\/wp\/v2\/product_cat?post=6681"},{"taxonomy":"product_tag","embeddable":true,"href":"https:\/\/www.frantoiomuraglia.it\/de\/wp-json\/wp\/v2\/product_tag?post=6681"}],"curies":[{"name":"wp","href":"https:\/\/api.w.org\/{rel}","templated":true}]}}