{"id":6673,"date":"2022-03-24T13:49:24","date_gmt":"2022-03-24T13:49:24","guid":{"rendered":"https:\/\/dev.frantoiomuraglia.it\/product\/jeroboam-flasche-aus-keramik\/"},"modified":"2025-10-20T18:03:28","modified_gmt":"2025-10-20T16:03:28","slug":"keramikflasche-jeroboam","status":"publish","type":"product","link":"https:\/\/www.frantoiomuraglia.it\/de\/produkt\/keramikflasche-jeroboam\/","title":{"rendered":"J\u00e9roboam-Flasche aus Keramik"},"content":{"rendered":"<p>Diese von unseren apulischen T\u00f6pfermeistern von Hand gefertigte J\u00e9roboam-Flasche aus Keramik beeindruckt und dominiert den Tisch. 3 Liter Kunst, die sich ergie\u00dft und den ganzen Duft und Geschmack unseres nativen Oliven\u00f6ls extra bewahrt.<\/p>\n<p>Mit der Sonderkollektion bieten wir die klassische Form der Keramikflasche, der Ikone unseres Unternehmens, im Gro\u00dfformat an.<\/p>\n<p>J\u00e9roboam ist ein Terrakottagef\u00e4\u00df mit 3 Litern reinstem nativem Oliven\u00f6l extra, in dem dank der Eigenschaften von Keramik die Merkmale des \u00d6ls wie Farbe, Geruch und Geschmack unver\u00e4ndert erhalten bleiben.<\/p>\n<p>Chaque j\u00e9roboam est model\u00e9 et peint \u00e0 la main par des ma\u00eetres potiers des Pouilles et conserv\u00e9 dans un \u00e9l\u00e9gant emballage noir.<\/p>\n","protected":false},"excerpt":{"rendered":"<p>JEROBOAM<\/p>\n","protected":false},"featured_media":5329,"template":"","meta":{"_acf_changed":false},"product_brand":[],"product_cat":[141],"product_tag":[308,294,310,457,369],"class_list":{"0":"post-6673","1":"product","2":"type-product","3":"status-publish","4":"has-post-thumbnail","6":"product_cat-keramikflasche","7":"product_tag-intense-variant-de","8":"product_tag-jars-de-2","9":"product_tag-medium-variant-de","10":"product_tag-stock","11":"product_tag-tpl_jars-de","13":"first","14":"instock","15":"taxable","16":"shipping-taxable","17":"purchasable","18":"product-type-variable"},"acf":[],"_links":{"self":[{"href":"https:\/\/www.frantoiomuraglia.it\/de\/wp-json\/wp\/v2\/product\/6673","targetHints":{"allow":["GET"]}}],"collection":[{"href":"https:\/\/www.frantoiomuraglia.it\/de\/wp-json\/wp\/v2\/product"}],"about":[{"href":"https:\/\/www.frantoiomuraglia.it\/de\/wp-json\/wp\/v2\/types\/product"}],"wp:featuredmedia":[{"embeddable":true,"href":"https:\/\/www.frantoiomuraglia.it\/de\/wp-json\/wp\/v2\/media\/5329"}],"wp:attachment":[{"href":"https:\/\/www.frantoiomuraglia.it\/de\/wp-json\/wp\/v2\/media?parent=6673"}],"wp:term":[{"taxonomy":"product_brand","embeddable":true,"href":"https:\/\/www.frantoiomuraglia.it\/de\/wp-json\/wp\/v2\/product_brand?post=6673"},{"taxonomy":"product_cat","embeddable":true,"href":"https:\/\/www.frantoiomuraglia.it\/de\/wp-json\/wp\/v2\/product_cat?post=6673"},{"taxonomy":"product_tag","embeddable":true,"href":"https:\/\/www.frantoiomuraglia.it\/de\/wp-json\/wp\/v2\/product_tag?post=6673"}],"curies":[{"name":"wp","href":"https:\/\/api.w.org\/{rel}","templated":true}]}}