{"id":6605,"date":"2022-03-24T13:54:49","date_gmt":"2022-03-24T13:54:49","guid":{"rendered":"https:\/\/dev.frantoiomuraglia.it\/product\/keramikflasche-mit-punktmuster\/"},"modified":"2025-10-20T18:36:57","modified_gmt":"2025-10-20T16:36:57","slug":"keramikflasche-mit-punktmuster","status":"publish","type":"product","link":"https:\/\/www.frantoiomuraglia.it\/de\/produkt\/keramikflasche-mit-punktmuster\/","title":{"rendered":"Keramikflasche mit Punktmuster"},"content":{"rendered":"<p>Diese \u00d6lflasche vereint Design und Tradition und bewahrt den Duft von frisch gepressten Oliven. Das Keramikgef\u00e4\u00df wird von unseren apulischen T\u00f6pfermeistern von Hand gefertigt und mit besonders originellen Punkten bemalt.<\/p>\n","protected":false},"excerpt":{"rendered":"<p>KERAMIKFLASCHE MIT PUNKTMUSTER<\/p>\n","protected":false},"featured_media":5912,"template":"","meta":{"_acf_changed":false},"product_brand":[],"product_cat":[355,141,160,142],"product_tag":[308,294,310,369,147],"class_list":{"0":"post-6605","1":"product","2":"type-product","3":"status-publish","4":"has-post-thumbnail","6":"product_cat-flaschensammlung","7":"product_cat-keramikflasche","8":"product_cat-upsell_astuccio_orcio-de","9":"product_cat-upsell_shopper-de","10":"product_tag-intense-variant-de","11":"product_tag-jars-de-2","12":"product_tag-medium-variant-de","13":"product_tag-tpl_jars-de","14":"product_tag-upsell_shopper-de","16":"first","17":"instock","18":"taxable","19":"shipping-taxable","20":"purchasable","21":"product-type-variable"},"acf":[],"_links":{"self":[{"href":"https:\/\/www.frantoiomuraglia.it\/de\/wp-json\/wp\/v2\/product\/6605","targetHints":{"allow":["GET"]}}],"collection":[{"href":"https:\/\/www.frantoiomuraglia.it\/de\/wp-json\/wp\/v2\/product"}],"about":[{"href":"https:\/\/www.frantoiomuraglia.it\/de\/wp-json\/wp\/v2\/types\/product"}],"wp:featuredmedia":[{"embeddable":true,"href":"https:\/\/www.frantoiomuraglia.it\/de\/wp-json\/wp\/v2\/media\/5912"}],"wp:attachment":[{"href":"https:\/\/www.frantoiomuraglia.it\/de\/wp-json\/wp\/v2\/media?parent=6605"}],"wp:term":[{"taxonomy":"product_brand","embeddable":true,"href":"https:\/\/www.frantoiomuraglia.it\/de\/wp-json\/wp\/v2\/product_brand?post=6605"},{"taxonomy":"product_cat","embeddable":true,"href":"https:\/\/www.frantoiomuraglia.it\/de\/wp-json\/wp\/v2\/product_cat?post=6605"},{"taxonomy":"product_tag","embeddable":true,"href":"https:\/\/www.frantoiomuraglia.it\/de\/wp-json\/wp\/v2\/product_tag?post=6605"}],"curies":[{"name":"wp","href":"https:\/\/api.w.org\/{rel}","templated":true}]}}