{"id":6472,"date":"2022-03-24T14:04:15","date_gmt":"2022-03-24T12:04:15","guid":{"rendered":"https:\/\/dev.frantoiomuraglia.it\/product\/olivenoel-aus-entkernten-oliven-500-ml\/"},"modified":"2025-10-16T22:59:34","modified_gmt":"2025-10-16T20:59:34","slug":"olivenol-aus-entkernten-oliven-500ml","status":"publish","type":"product","link":"https:\/\/www.frantoiomuraglia.it\/de\/produkt\/olivenol-aus-entkernten-oliven-500ml\/","title":{"rendered":"Oliven\u00f6l aus entkernten Oliven 500 ml"},"content":{"rendered":"<p>Essenza entsteinte ist ein \u00d6l, das durch Kaltentkernung der Coratina-Oliven gewonnen wird. Es ist das reinste \u00d6l: das Fruchtfleisch der Oliven wird vor dem Pressen vom Stein getrennt, um ein \u00d6l mit fruchtigem Geschmack und lebhaftem Nachgeschmack zu erhalten, das auch von Personen gesch\u00e4tzt wird, die nicht an strukturierte \u00d6le gew\u00f6hnt sind. <\/p>\n<p>Mit der Linie &#8222;Essenza&#8220; hebt Frantoio Muraglia das Herz seiner Arbeit hervor: das \u00d6l. Essenza bedeutet hochwertiges \u00d6l in einem eleganten, aber demokratischen Pret-\u00e0-Gourmet-Kleid. <\/p>\n<p>Alle Anwendungstipps unter &#8222;Oliven\u00f6lkultur&#8220;.<\/p>\n","protected":false},"excerpt":{"rendered":"<p>Essenza entsteinte ist ein \u00d6l, das durch Kaltentkernung der Coratina-Oliven gewonnen wird. Es ist das reinste \u00d6l: das Fruchtfleisch der Oliven wird vor dem Pressen vom Stein getrennt, um ein \u00d6l mit fruchtigem Geschmack und lebhaftem Nachgeschmack zu erhalten, das auch von Personen gesch\u00e4tzt wird, die nicht an strukturierte \u00d6le gew\u00f6hnt sind. Mit der Linie [&hellip;]<\/p>\n","protected":false},"featured_media":33415,"template":"","meta":{"_acf_changed":false},"product_brand":[],"product_cat":[172,382,179,142],"product_tag":[316,293,312,192,147],"class_list":{"0":"post-6472","1":"product","2":"type-product","3":"status-publish","4":"has-post-thumbnail","6":"product_cat-flaschen","7":"product_cat-essenza-de","8":"product_cat-upsell_astuccio_essenza-de","9":"product_cat-upsell_shopper-de","10":"product_tag-essence-de","11":"product_tag-featured-de-2","12":"product_tag-pitted-line-de","13":"product_tag-tpl_olivenol_aus_entkernten_oliven","14":"product_tag-upsell_shopper-de","16":"first","17":"instock","18":"taxable","19":"shipping-taxable","20":"purchasable","21":"product-type-simple"},"acf":[],"_links":{"self":[{"href":"https:\/\/www.frantoiomuraglia.it\/de\/wp-json\/wp\/v2\/product\/6472","targetHints":{"allow":["GET"]}}],"collection":[{"href":"https:\/\/www.frantoiomuraglia.it\/de\/wp-json\/wp\/v2\/product"}],"about":[{"href":"https:\/\/www.frantoiomuraglia.it\/de\/wp-json\/wp\/v2\/types\/product"}],"wp:featuredmedia":[{"embeddable":true,"href":"https:\/\/www.frantoiomuraglia.it\/de\/wp-json\/wp\/v2\/media\/33415"}],"wp:attachment":[{"href":"https:\/\/www.frantoiomuraglia.it\/de\/wp-json\/wp\/v2\/media?parent=6472"}],"wp:term":[{"taxonomy":"product_brand","embeddable":true,"href":"https:\/\/www.frantoiomuraglia.it\/de\/wp-json\/wp\/v2\/product_brand?post=6472"},{"taxonomy":"product_cat","embeddable":true,"href":"https:\/\/www.frantoiomuraglia.it\/de\/wp-json\/wp\/v2\/product_cat?post=6472"},{"taxonomy":"product_tag","embeddable":true,"href":"https:\/\/www.frantoiomuraglia.it\/de\/wp-json\/wp\/v2\/product_tag?post=6472"}],"curies":[{"name":"wp","href":"https:\/\/api.w.org\/{rel}","templated":true}]}}