{"id":6447,"date":"2022-03-24T14:12:06","date_gmt":"2022-03-24T14:12:06","guid":{"rendered":"https:\/\/dev.frantoiomuraglia.it\/product\/keramikflasche-in-regenbogenfarben\/"},"modified":"2025-10-20T18:01:10","modified_gmt":"2025-10-20T16:01:10","slug":"keramikflasche-in-regenbogenfarben","status":"publish","type":"product","link":"https:\/\/www.frantoiomuraglia.it\/de\/produkt\/keramikflasche-in-regenbogenfarben\/","title":{"rendered":"Keramikflasche in Regenbogenfarben"},"content":{"rendered":"<p>Diese Keramikflasche in den Farben des Regenbogens ist eine echte Stilikone.<\/p>\n<p>In dem von unseren T\u00f6pfermeistern handgefertigten Keramikgef\u00e4\u00df bleiben nicht nur alle D\u00fcfte und der volle Geschmack unseres nativen Oliven\u00f6ls extra erhalten, er bringt auch Farbe auf Ihren Tisch und eine wohlige Atmosph\u00e4re in Ihre K\u00fcche.<\/p>\n<p>Kunst steckt in jeder Geste und in jeder Entscheidung. Viele Menschen haben uns wegen der Sch\u00f6nheit unserer Produkte kennengelernt, haben sie probiert und festgestellt, dass das Gute in der Sch\u00f6nheit liegt. Die Kunst der geschickten H\u00e4nde unserer Handwerksmeister, die die weltber\u00fchmten Keramikkr\u00fcge im wahrsten Sinne des Wortes gestalten und formen.<\/p>\n<p>Zu den bekanntesten Symbolen, die unser Unternehmen und unsere \u00d6lm\u00fchle repr\u00e4sentieren, geh\u00f6rt zweifelsohne die Regenbogenflasche.<\/p>\n<p>Erh\u00e4ltlich in den Varianten Mittel Fruchtig und Intensiv Fruchtig.<\/p>\n<p>Alle Anwendungstipps unter &#8222;Oliven\u00f6lkultur&#8220;.<\/p>\n","protected":false},"excerpt":{"rendered":"<p>Diese Keramikflasche in den Farben des Regenbogens ist eine echte Stilikone. In dem von unseren T\u00f6pfermeistern handgefertigten Keramikgef\u00e4\u00df bleiben nicht nur alle D\u00fcfte und der volle Geschmack unseres nativen Oliven\u00f6ls extra erhalten, er bringt auch Farbe auf Ihren Tisch und eine wohlige Atmosph\u00e4re in Ihre K\u00fcche. Kunst steckt in jeder Geste und in jeder Entscheidung. [&hellip;]<\/p>\n","protected":false},"featured_media":5881,"template":"","meta":{"_acf_changed":false},"product_brand":[],"product_cat":[355,141,160,142],"product_tag":[293,308,294,310,369,147],"class_list":{"0":"post-6447","1":"product","2":"type-product","3":"status-publish","4":"has-post-thumbnail","6":"product_cat-flaschensammlung","7":"product_cat-keramikflasche","8":"product_cat-upsell_astuccio_orcio-de","9":"product_cat-upsell_shopper-de","10":"product_tag-featured-de-2","11":"product_tag-intense-variant-de","12":"product_tag-jars-de-2","13":"product_tag-medium-variant-de","14":"product_tag-tpl_jars-de","15":"product_tag-upsell_shopper-de","17":"first","18":"instock","19":"taxable","20":"shipping-taxable","21":"purchasable","22":"product-type-variable"},"acf":[],"_links":{"self":[{"href":"https:\/\/www.frantoiomuraglia.it\/de\/wp-json\/wp\/v2\/product\/6447","targetHints":{"allow":["GET"]}}],"collection":[{"href":"https:\/\/www.frantoiomuraglia.it\/de\/wp-json\/wp\/v2\/product"}],"about":[{"href":"https:\/\/www.frantoiomuraglia.it\/de\/wp-json\/wp\/v2\/types\/product"}],"wp:featuredmedia":[{"embeddable":true,"href":"https:\/\/www.frantoiomuraglia.it\/de\/wp-json\/wp\/v2\/media\/5881"}],"wp:attachment":[{"href":"https:\/\/www.frantoiomuraglia.it\/de\/wp-json\/wp\/v2\/media?parent=6447"}],"wp:term":[{"taxonomy":"product_brand","embeddable":true,"href":"https:\/\/www.frantoiomuraglia.it\/de\/wp-json\/wp\/v2\/product_brand?post=6447"},{"taxonomy":"product_cat","embeddable":true,"href":"https:\/\/www.frantoiomuraglia.it\/de\/wp-json\/wp\/v2\/product_cat?post=6447"},{"taxonomy":"product_tag","embeddable":true,"href":"https:\/\/www.frantoiomuraglia.it\/de\/wp-json\/wp\/v2\/product_tag?post=6447"}],"curies":[{"name":"wp","href":"https:\/\/api.w.org\/{rel}","templated":true}]}}