{"id":6435,"date":"2022-03-24T14:11:52","date_gmt":"2022-03-24T12:11:52","guid":{"rendered":"https:\/\/dev.frantoiomuraglia.it\/product\/keramikflasche-mit-dem-motiv-der-hahn\/"},"modified":"2025-06-16T18:14:15","modified_gmt":"2025-06-16T16:14:15","slug":"keramikflasche-mit-dem-motiv-der-hahn","status":"publish","type":"product","link":"https:\/\/www.frantoiomuraglia.it\/de\/produkt\/keramikflasche-mit-dem-motiv-der-hahn\/","title":{"rendered":"Keramikflasche mit dem Motiv \u201eDer Hahn\u201c"},"content":{"rendered":"<p>Der Keramikflasche \u201cDer Hahn\u201d entstand aus der Entscheidung, sich auf junge K\u00fcnstler zu konzentrieren, die unsere Werte mit Kreativit\u00e4t und Enthusiasmus interpretieren, und ist eine von der Designerin Stella Tasca signierte Capsule Collection. Sie wird von unseren apulischen Keramikern handgefertigt. <\/p>\n<p>Der Hahn wird zu einem \u201eblumigen\u201c Tier: ein Blitz aus Licht, Sonne und Farbe, stolz und einem neuen Weg zugeneigt. Sein Schwanz beschw\u00f6rt und feiert den Olivenbaum und damit das Leben selbst und stellt eine Verbindung zum Land und dem Produkt her, das der Krug umschlie\u00dft und sch\u00fctzt: unser Natives Oliven\u00f6l Extra. <\/p>\n<p>Erh\u00e4ltlich in den Sorten Intensiv Fruchtig.<\/p>\n<p>Alle Anwendungstipps unter &#8222;Oliven\u00f6lkultur&#8220;.<\/p>\n","protected":false},"excerpt":{"rendered":"<p>Der Keramikflasche \u201cDer Hahn\u201d entstand aus der Entscheidung, sich auf junge K\u00fcnstler zu konzentrieren, die unsere Werte mit Kreativit\u00e4t und Enthusiasmus interpretieren, und ist eine von der Designerin Stella Tasca signierte Capsule Collection. Sie wird von unseren apulischen Keramikern handgefertigt. Der Hahn wird zu einem \u201eblumigen\u201c Tier: ein Blitz aus Licht, Sonne und Farbe, stolz [&hellip;]<\/p>\n","protected":false},"featured_media":39762,"template":"","meta":{"_acf_changed":false},"product_brand":[],"product_cat":[374,141,142],"product_tag":[280,293,294,369,147],"class_list":{"0":"post-6435","1":"product","2":"type-product","3":"status-publish","4":"has-post-thumbnail","6":"product_cat-capsule-collection-de","7":"product_cat-keramikflasche","8":"product_cat-upsell_shopper-de","9":"product_tag-capsule-de","10":"product_tag-featured-de-2","11":"product_tag-jars-de-2","12":"product_tag-tpl_jars-de","13":"product_tag-upsell_shopper-de","15":"first","16":"instock","17":"taxable","18":"shipping-taxable","19":"purchasable","20":"product-type-simple"},"acf":[],"_links":{"self":[{"href":"https:\/\/www.frantoiomuraglia.it\/de\/wp-json\/wp\/v2\/product\/6435","targetHints":{"allow":["GET"]}}],"collection":[{"href":"https:\/\/www.frantoiomuraglia.it\/de\/wp-json\/wp\/v2\/product"}],"about":[{"href":"https:\/\/www.frantoiomuraglia.it\/de\/wp-json\/wp\/v2\/types\/product"}],"wp:featuredmedia":[{"embeddable":true,"href":"https:\/\/www.frantoiomuraglia.it\/de\/wp-json\/wp\/v2\/media\/39762"}],"wp:attachment":[{"href":"https:\/\/www.frantoiomuraglia.it\/de\/wp-json\/wp\/v2\/media?parent=6435"}],"wp:term":[{"taxonomy":"product_brand","embeddable":true,"href":"https:\/\/www.frantoiomuraglia.it\/de\/wp-json\/wp\/v2\/product_brand?post=6435"},{"taxonomy":"product_cat","embeddable":true,"href":"https:\/\/www.frantoiomuraglia.it\/de\/wp-json\/wp\/v2\/product_cat?post=6435"},{"taxonomy":"product_tag","embeddable":true,"href":"https:\/\/www.frantoiomuraglia.it\/de\/wp-json\/wp\/v2\/product_tag?post=6435"}],"curies":[{"name":"wp","href":"https:\/\/api.w.org\/{rel}","templated":true}]}}