{"id":48248,"date":"2026-04-26T07:30:27","date_gmt":"2026-04-26T05:30:27","guid":{"rendered":"https:\/\/www.frantoiomuraglia.it\/?post_type=product&#038;p=48248"},"modified":"2026-04-26T19:53:20","modified_gmt":"2026-04-26T17:53:20","slug":"zwei-oliven-gold-limited-edition","status":"publish","type":"product","link":"https:\/\/www.frantoiomuraglia.it\/de\/produkt\/zwei-oliven-gold-limited-edition\/","title":{"rendered":"Goldene Oliven &#8211; Limited Edition"},"content":{"rendered":"<p class=\"isSelectedEnd\">Die keramische Flasche aus goldenen Oliven 250ml entsteht aus den H\u00e4nden, der Pflege und der Zeit: eine kleine Skulptur, die Authentizit\u00e4t erz\u00e4hlt. Jedes Detail ist darauf ausgelegt, zu begeistern, von der dekorierten Urne bis hin zur beiliegenden Verpackung &#8211; eine einfache Art und Weise, Danke zu sagen. <\/p>\n<p class=\"isSelectedEnd\">Drinnen unser intensiv fruchtiges Oliven\u00f6l aus der Coratina-Monokultivar. Drau\u00dfen etwas, das man bewahren m\u00f6chte. <\/p>\n<p>Nur online verf\u00fcgbar, in limitierter Auflage.<\/p>\n","protected":false},"excerpt":{"rendered":"<p>Die keramische Flasche aus goldenen Oliven 250ml entsteht aus den H\u00e4nden, der Pflege und der Zeit: eine kleine Skulptur, die Authentizit\u00e4t erz\u00e4hlt. Jedes Detail ist darauf ausgelegt, zu begeistern, von der dekorierten Urne bis hin zur beiliegenden Verpackung &#8211; eine einfache Art und Weise, Danke zu sagen. Drinnen unser intensiv fruchtiges Oliven\u00f6l aus der Coratina-Monokultivar. [&hellip;]<\/p>\n","protected":false},"featured_media":48064,"template":"","meta":{"_acf_changed":false},"product_brand":[],"product_cat":[432,355,141],"product_tag":[308,294,180],"class_list":{"0":"post-48248","1":"product","2":"type-product","3":"status-publish","4":"has-post-thumbnail","6":"product_cat-besonderer-tag","7":"product_cat-flaschensammlung","8":"product_cat-keramikflasche","9":"product_tag-intense-variant-de","10":"product_tag-jars-de-2","11":"product_tag-tpl_intensiv_fruchtiges","13":"first","14":"instock","15":"taxable","16":"shipping-taxable","17":"purchasable","18":"product-type-simple"},"acf":[],"_links":{"self":[{"href":"https:\/\/www.frantoiomuraglia.it\/de\/wp-json\/wp\/v2\/product\/48248","targetHints":{"allow":["GET"]}}],"collection":[{"href":"https:\/\/www.frantoiomuraglia.it\/de\/wp-json\/wp\/v2\/product"}],"about":[{"href":"https:\/\/www.frantoiomuraglia.it\/de\/wp-json\/wp\/v2\/types\/product"}],"wp:featuredmedia":[{"embeddable":true,"href":"https:\/\/www.frantoiomuraglia.it\/de\/wp-json\/wp\/v2\/media\/48064"}],"wp:attachment":[{"href":"https:\/\/www.frantoiomuraglia.it\/de\/wp-json\/wp\/v2\/media?parent=48248"}],"wp:term":[{"taxonomy":"product_brand","embeddable":true,"href":"https:\/\/www.frantoiomuraglia.it\/de\/wp-json\/wp\/v2\/product_brand?post=48248"},{"taxonomy":"product_cat","embeddable":true,"href":"https:\/\/www.frantoiomuraglia.it\/de\/wp-json\/wp\/v2\/product_cat?post=48248"},{"taxonomy":"product_tag","embeddable":true,"href":"https:\/\/www.frantoiomuraglia.it\/de\/wp-json\/wp\/v2\/product_tag?post=48248"}],"curies":[{"name":"wp","href":"https:\/\/api.w.org\/{rel}","templated":true}]}}