{"id":47711,"date":"2026-03-17T07:45:24","date_gmt":"2026-03-17T05:45:24","guid":{"rendered":"https:\/\/www.frantoiomuraglia.it\/product\/olivenoel-grand-cru-igp-macchia-di-rose\/"},"modified":"2026-03-16T14:06:14","modified_gmt":"2026-03-16T12:06:14","slug":"olivenoel-grand-cru-igp-macchia-di-rose","status":"publish","type":"product","link":"https:\/\/www.frantoiomuraglia.it\/de\/produkt\/olivenoel-grand-cru-igp-macchia-di-rose\/","title":{"rendered":"Oliven\u00f6l Grand Cru IGP Macchia di Rose"},"content":{"rendered":"<p>Auf dem Anwesen Macchia di Rose dr\u00fcckt sich das Terroir durch H\u00f6he und Exposition aus: Bedingungen, die die Hitze mildern und dazu beitragen, das Profil der Coratina zu definieren, mit einem feineren Aromenregister und einer strafferen Struktur.<\/p>\n<p>Unser Grand Cru IGP entsteht aus einem spezifischen Grundst\u00fcck des Anwesens.<br \/>\nEine limitierte und nummerierte Produktion von nur 2.999 Flaschen, geboren f\u00fcr diejenigen, die auf Exzellenz warten k\u00f6nnen. Jede Flasche ist nummeriert. <\/p>\n<p>Die g.g.A. steht f\u00fcr einen Ansatz, der auf langen Zeiten und strengen operativen Entscheidungen basiert: sorgf\u00e4ltige Feldarbeit, Ernte und Pressung ohne Abk\u00fcrzungen, um die Integrit\u00e4t der Fr\u00fcchte und sensorische Pr\u00e4zision zu bewahren. Das Ergebnis ist ein Evo-\u00d6l, das den Ort und die Methode widerspiegelt, mit der es erhalten wurde. <\/p>\n<p>Die Verpackung unseres Grand Cru IGP zu \u00f6ffnen bedeutet, eine Reise ins Herz von Apulien zu unternehmen. Das durchdachte Design und die kartografische Darstellung des Partikels zelebrieren einen Luxus aus absoluter R\u00fcckverfolgbarkeit und materieller Sch\u00f6nheit. <\/p>\n","protected":false},"excerpt":{"rendered":"<p>Auf dem Anwesen Macchia di Rose dr\u00fcckt sich das Terroir durch H\u00f6he und Exposition aus: Bedingungen, die die Hitze mildern und dazu beitragen, das Profil der Coratina zu definieren, mit einem feineren Aromenregister und einer strafferen Struktur. Unser Grand Cru IGP entsteht aus einem spezifischen Grundst\u00fcck des Anwesens. Eine limitierte und nummerierte Produktion von nur [&hellip;]<\/p>\n","protected":false},"featured_media":47700,"template":"","meta":{"_acf_changed":false},"product_brand":[],"product_cat":[382,172,203,142],"product_tag":[316,293,198,197,147],"class_list":{"0":"post-47711","1":"product","2":"type-product","3":"status-publish","4":"has-post-thumbnail","6":"product_cat-essenza-de","7":"product_cat-flaschen","8":"product_cat-geschenkideen","9":"product_cat-upsell_shopper-de","10":"product_tag-essence-de","11":"product_tag-featured-de-2","12":"product_tag-tpl_grand_cru-de","13":"product_tag-typologie-grand-cru","14":"product_tag-upsell_shopper-de","16":"first","17":"instock","18":"taxable","19":"shipping-taxable","20":"purchasable","21":"product-type-simple"},"acf":[],"_links":{"self":[{"href":"https:\/\/www.frantoiomuraglia.it\/de\/wp-json\/wp\/v2\/product\/47711","targetHints":{"allow":["GET"]}}],"collection":[{"href":"https:\/\/www.frantoiomuraglia.it\/de\/wp-json\/wp\/v2\/product"}],"about":[{"href":"https:\/\/www.frantoiomuraglia.it\/de\/wp-json\/wp\/v2\/types\/product"}],"wp:featuredmedia":[{"embeddable":true,"href":"https:\/\/www.frantoiomuraglia.it\/de\/wp-json\/wp\/v2\/media\/47700"}],"wp:attachment":[{"href":"https:\/\/www.frantoiomuraglia.it\/de\/wp-json\/wp\/v2\/media?parent=47711"}],"wp:term":[{"taxonomy":"product_brand","embeddable":true,"href":"https:\/\/www.frantoiomuraglia.it\/de\/wp-json\/wp\/v2\/product_brand?post=47711"},{"taxonomy":"product_cat","embeddable":true,"href":"https:\/\/www.frantoiomuraglia.it\/de\/wp-json\/wp\/v2\/product_cat?post=47711"},{"taxonomy":"product_tag","embeddable":true,"href":"https:\/\/www.frantoiomuraglia.it\/de\/wp-json\/wp\/v2\/product_tag?post=47711"}],"curies":[{"name":"wp","href":"https:\/\/api.w.org\/{rel}","templated":true}]}}