{"id":47276,"date":"2026-03-05T07:30:15","date_gmt":"2026-03-05T05:30:15","guid":{"rendered":"https:\/\/www.frantoiomuraglia.it\/?post_type=product&p=47276"},"modified":"2026-04-19T16:48:17","modified_gmt":"2026-04-19T14:48:17","slug":"coolors-blue","status":"publish","type":"product","link":"https:\/\/www.frantoiomuraglia.it\/de\/produkt\/coolors-blue\/","title":{"rendered":"Coolors Blue"},"content":{"rendered":"<p>Mit der COOLors-Kollektion bringen wir die ikonische Form der Keramikb\u00fcchsen auf das Glas, wodurch eine Flasche mit modernem und modernem Charakter entsteht, die sich den B\u00fcchsen anpasst.<\/p>\n<p>Das intensive Blau des <strong>COOLors Blue<\/strong> zieht sofort die Blicke auf sich und steht f\u00fcr Eleganz, Tiefe und Harmonie. Eine unverwechselbare Flasche, ideal, um Ihrem Zuhause und Ihrer K\u00fcche einen Hauch von raffiniertem Design zu verleihen. <\/p>\n<p>Erh\u00e4ltlich in der Variante Fruttato Intenso, in den ikonischen Farbt\u00f6nen von Blau bis Rot, bis hin zu den kreativeren Versionen wie COOLors Campo di Fiori und Il Dono, entstanden aus der Zusammenarbeit mit der K\u00fcnstlerin Camilla Falsini.<\/p>\n<p><strong>Exklusiv online und in limitierter Auflage.<\/strong><\/p>\n","protected":false},"excerpt":{"rendered":"<p>Mit der COOLors-Kollektion bringen wir die ikonische Form der Keramikb\u00fcchsen auf das Glas, wodurch eine Flasche mit modernem und modernem Charakter entsteht, die sich den B\u00fcchsen anpasst. Das intensive Blau des COOLors Blue zieht sofort die Blicke auf sich und steht f\u00fcr Eleganz, Tiefe und Harmonie. Eine unverwechselbare Flasche, ideal, um Ihrem Zuhause und Ihrer [&hellip;]<\/p>\n","protected":false},"featured_media":47229,"template":"","meta":{"_acf_changed":false},"product_brand":[],"product_cat":[377,432,203],"product_tag":[427,303,308,180],"class_list":{"0":"post-47276","1":"product","2":"type-product","3":"status-publish","4":"has-post-thumbnail","6":"product_cat-coolors-de","7":"product_cat-besonderer-tag","8":"product_cat-geschenkideen","9":"product_tag-coolors-de","10":"product_tag-gift-ideas-de-2","11":"product_tag-intense-variant-de","12":"product_tag-tpl_intensiv_fruchtiges","14":"first","15":"instock","16":"taxable","17":"shipping-taxable","18":"purchasable","19":"product-type-simple"},"acf":[],"_links":{"self":[{"href":"https:\/\/www.frantoiomuraglia.it\/de\/wp-json\/wp\/v2\/product\/47276","targetHints":{"allow":["GET"]}}],"collection":[{"href":"https:\/\/www.frantoiomuraglia.it\/de\/wp-json\/wp\/v2\/product"}],"about":[{"href":"https:\/\/www.frantoiomuraglia.it\/de\/wp-json\/wp\/v2\/types\/product"}],"wp:featuredmedia":[{"embeddable":true,"href":"https:\/\/www.frantoiomuraglia.it\/de\/wp-json\/wp\/v2\/media\/47229"}],"wp:attachment":[{"href":"https:\/\/www.frantoiomuraglia.it\/de\/wp-json\/wp\/v2\/media?parent=47276"}],"wp:term":[{"taxonomy":"product_brand","embeddable":true,"href":"https:\/\/www.frantoiomuraglia.it\/de\/wp-json\/wp\/v2\/product_brand?post=47276"},{"taxonomy":"product_cat","embeddable":true,"href":"https:\/\/www.frantoiomuraglia.it\/de\/wp-json\/wp\/v2\/product_cat?post=47276"},{"taxonomy":"product_tag","embeddable":true,"href":"https:\/\/www.frantoiomuraglia.it\/de\/wp-json\/wp\/v2\/product_tag?post=47276"}],"curies":[{"name":"wp","href":"https:\/\/api.w.org\/{rel}","templated":true}]}}